{"id":3429,"date":"2023-09-08T17:56:26","date_gmt":"2023-09-08T15:56:26","guid":{"rendered":"https:\/\/www.teranka.com\/explorar\/celebrar"},"modified":"2025-03-20T12:27:43","modified_gmt":"2025-03-20T10:27:43","slug":"celebrar","status":"publish","type":"page","link":"https:\/\/www.teranka.com\/es\/explorar\/celebrar","title":{"rendered":"Celebrar"},"content":{"rendered":"\t\t<div data-elementor-type=\"wp-page\" data-elementor-id=\"3429\" class=\"elementor elementor-3429 elementor-2843\" data-elementor-post-type=\"page\">\n\t\t\t\t\t\t<section class=\"elementor-section elementor-top-section elementor-element elementor-element-047b969 elementor-section-full_width elementor-section-height-default elementor-section-height-default\" data-id=\"047b969\" data-element_type=\"section\" data-settings=\"{&quot;background_background&quot;:&quot;gradient&quot;}\">\n\t\t\t\t\t\t<div class=\"elementor-container elementor-column-gap-default\">\n\t\t\t\t\t<div class=\"elementor-column elementor-col-100 elementor-top-column elementor-element elementor-element-9031cf9\" data-id=\"9031cf9\" data-element_type=\"column\">\n\t\t\t<div class=\"elementor-widget-wrap elementor-element-populated\">\n\t\t\t\t\t\t<div class=\"elementor-element elementor-element-20541d6 elementor-widget elementor-widget-text-editor\" data-id=\"20541d6\" data-element_type=\"widget\" data-widget_type=\"text-editor.default\">\n\t\t\t\t<div class=\"elementor-widget-container\">\n\t\t\t\t\t\t\t\t\t<p><a href=\"https:\/\/www.teranka.com\/es\/explorar\">Explorar<\/a> &gt; Celebrar<\/p>\n\t\t\t\t\t\t\t\t<\/div>\n\t\t\t\t<\/div>\n\t\t\t\t\t<\/div>\n\t\t<\/div>\n\t\t\t\t\t<\/div>\n\t\t<\/section>\n\t\t\t\t<section class=\"elementor-section elementor-top-section elementor-element elementor-element-a8c026b elementor-section-full_width elementor-section-height-min-height elementor-section-items-bottom elementor-section-content-bottom elementor-section-height-default\" data-id=\"a8c026b\" data-element_type=\"section\" data-settings=\"{&quot;background_background&quot;:&quot;classic&quot;}\">\n\t\t\t\t\t\t<div class=\"elementor-container elementor-column-gap-default\">\n\t\t\t\t\t<div class=\"elementor-column elementor-col-100 elementor-top-column elementor-element elementor-element-5792820\" data-id=\"5792820\" data-element_type=\"column\" data-settings=\"{&quot;background_background&quot;:&quot;classic&quot;}\">\n\t\t\t<div class=\"elementor-widget-wrap elementor-element-populated\">\n\t\t\t\t\t<div class=\"elementor-background-overlay\"><\/div>\n\t\t\t\t\t\t<div class=\"elementor-element elementor-element-11ada0f elementor-widget elementor-widget-heading\" data-id=\"11ada0f\" data-element_type=\"widget\" data-widget_type=\"heading.default\">\n\t\t\t\t<div class=\"elementor-widget-container\">\n\t\t\t\t\t<h1 class=\"elementor-heading-title elementor-size-default\">Celebrar<\/h1>\t\t\t\t<\/div>\n\t\t\t\t<\/div>\n\t\t\t\t\t<\/div>\n\t\t<\/div>\n\t\t\t\t\t<\/div>\n\t\t<\/section>\n\t\t\t\t<section class=\"elementor-section elementor-top-section elementor-element elementor-element-90fe318 elementor-section-boxed elementor-section-height-default elementor-section-height-default\" data-id=\"90fe318\" data-element_type=\"section\" data-settings=\"{&quot;background_background&quot;:&quot;classic&quot;}\">\n\t\t\t\t\t\t<div class=\"elementor-container elementor-column-gap-custom\">\n\t\t\t\t\t<div class=\"elementor-column elementor-col-50 elementor-top-column elementor-element elementor-element-c84a3a0\" data-id=\"c84a3a0\" data-element_type=\"column\">\n\t\t\t<div class=\"elementor-widget-wrap elementor-element-populated\">\n\t\t\t\t\t\t<div class=\"elementor-element elementor-element-10607fd elementor-widget elementor-widget-heading\" data-id=\"10607fd\" data-element_type=\"widget\" data-widget_type=\"heading.default\">\n\t\t\t\t<div class=\"elementor-widget-container\">\n\t\t\t\t\t<h2 class=\"elementor-heading-title elementor-size-default\">Reuniones para cada ocasi\u00f3n<\/h2>\t\t\t\t<\/div>\n\t\t\t\t<\/div>\n\t\t\t\t<div class=\"elementor-element elementor-element-c8f0fe9 elementor-widget elementor-widget-text-editor\" data-id=\"c8f0fe9\" data-element_type=\"widget\" data-widget_type=\"text-editor.default\">\n\t\t\t\t<div class=\"elementor-widget-container\">\n\t\t\t\t\t\t\t\t\t<p>Las celebraciones pueden adoptar muchas formas, desde conmemorar un cumplea\u00f1os especial hasta lanzar un nuevo concepto de marca o incluso dar reconocimiento a un equipo corporativo. Teranka ofrece espacios acogedores ideales para aquellos que desean disfrutar de bebidas y comidas en un ambiente \u00edntimo, con opciones de men\u00fa y una presentaci\u00f3n de mesa personalizada y de estilo natural, todo con un ambiente amigable y acogedor. Elige entre la terraza al aire libre adornada con bugambilias, una mesa improvisada para dos en medio de los senderos rodeados de pinos, una cena a la luz de las velas en la orilla de Migjorn o una alegre velada con vistas infinitas en nuestro Rooftop.<br \/>Hable con nuestro equipo para dise\u00f1ar su evento personalizado.<\/p>\n\t\t\t\t\t\t\t\t<\/div>\n\t\t\t\t<\/div>\n\t\t\t\t\t<\/div>\n\t\t<\/div>\n\t\t\t\t<div class=\"elementor-column elementor-col-50 elementor-top-column elementor-element elementor-element-4868b03\" data-id=\"4868b03\" data-element_type=\"column\">\n\t\t\t<div class=\"elementor-widget-wrap elementor-element-populated\">\n\t\t\t\t\t\t<div class=\"elementor-element elementor-element-ac7dc2a elementor-widget elementor-widget-image\" data-id=\"ac7dc2a\" data-element_type=\"widget\" data-widget_type=\"image.default\">\n\t\t\t\t<div class=\"elementor-widget-container\">\n\t\t\t\t\t\t\t\t\t\t\t\t\t\t\t<img fetchpriority=\"high\" decoding=\"async\" width=\"1707\" height=\"2560\" src=\"https:\/\/www.teranka.com\/wp-content\/uploads\/2023\/11\/teranka_hotel_2-scaled-1.jpg\" class=\"attachment-full size-full wp-image-5791\" alt=\"\" srcset=\"https:\/\/www.teranka.com\/wp-content\/uploads\/2023\/11\/teranka_hotel_2-scaled-1.jpg 1707w, https:\/\/www.teranka.com\/wp-content\/uploads\/2023\/11\/teranka_hotel_2-scaled-1-200x300.jpg 200w, https:\/\/www.teranka.com\/wp-content\/uploads\/2023\/11\/teranka_hotel_2-scaled-1-683x1024.jpg 683w, https:\/\/www.teranka.com\/wp-content\/uploads\/2023\/11\/teranka_hotel_2-scaled-1-768x1152.jpg 768w, https:\/\/www.teranka.com\/wp-content\/uploads\/2023\/11\/teranka_hotel_2-scaled-1-1024x1536.jpg 1024w, https:\/\/www.teranka.com\/wp-content\/uploads\/2023\/11\/teranka_hotel_2-scaled-1-1366x2048.jpg 1366w\" sizes=\"(max-width: 1707px) 100vw, 1707px\" \/>\t\t\t\t\t\t\t\t\t\t\t\t\t\t\t<\/div>\n\t\t\t\t<\/div>\n\t\t\t\t\t<\/div>\n\t\t<\/div>\n\t\t\t\t\t<\/div>\n\t\t<\/section>\n\t\t\t\t<\/div>\n\t\t","protected":false},"excerpt":{"rendered":"<p>Explorar &gt; Celebrar Celebrar Reuniones para cada ocasi\u00f3n Las celebraciones pueden adoptar muchas formas, desde conmemorar un cumplea\u00f1os especial hasta lanzar un nuevo concepto de marca o incluso dar reconocimiento a un equipo corporativo. Teranka ofrece espacios acogedores ideales para aquellos que desean disfrutar de bebidas y comidas en un ambiente \u00edntimo, con opciones de [&hellip;]<\/p>\n","protected":false},"author":1,"featured_media":0,"parent":3378,"menu_order":0,"comment_status":"closed","ping_status":"closed","template":"","meta":{"_seopress_robots_primary_cat":"","_seopress_titles_title":"Eventos \u00danicos en Teranka | Espacios y Men\u00fas Personalizados","_seopress_titles_desc":"Teranka ofrece rincones \u00edntimos para reuniones y salas en Ibiza: terrazas con buganvillas y mesas en el pinar. Personaliza tu evento especial.","_seopress_robots_index":"","footnotes":""},"class_list":["post-3429","page","type-page","status-publish"],"_links":{"self":[{"href":"https:\/\/www.teranka.com\/es\/wp-json\/wp\/v2\/pages\/3429","targetHints":{"allow":["GET"]}}],"collection":[{"href":"https:\/\/www.teranka.com\/es\/wp-json\/wp\/v2\/pages"}],"about":[{"href":"https:\/\/www.teranka.com\/es\/wp-json\/wp\/v2\/types\/page"}],"author":[{"embeddable":true,"href":"https:\/\/www.teranka.com\/es\/wp-json\/wp\/v2\/users\/1"}],"replies":[{"embeddable":true,"href":"https:\/\/www.teranka.com\/es\/wp-json\/wp\/v2\/comments?post=3429"}],"version-history":[{"count":32,"href":"https:\/\/www.teranka.com\/es\/wp-json\/wp\/v2\/pages\/3429\/revisions"}],"predecessor-version":[{"id":8103,"href":"https:\/\/www.teranka.com\/es\/wp-json\/wp\/v2\/pages\/3429\/revisions\/8103"}],"up":[{"embeddable":true,"href":"https:\/\/www.teranka.com\/es\/wp-json\/wp\/v2\/pages\/3378"}],"wp:attachment":[{"href":"https:\/\/www.teranka.com\/es\/wp-json\/wp\/v2\/media?parent=3429"}],"curies":[{"name":"wp","href":"https:\/\/api.w.org\/{rel}","templated":true}]}}