{"id":3418,"date":"2023-09-08T16:18:12","date_gmt":"2023-09-08T14:18:12","guid":{"rendered":"https:\/\/www.teranka.com\/explorar\/biblioteca"},"modified":"2025-03-20T12:32:15","modified_gmt":"2025-03-20T10:32:15","slug":"biblioteca","status":"publish","type":"page","link":"https:\/\/www.teranka.com\/es\/explorar\/biblioteca","title":{"rendered":"Biblioteca"},"content":{"rendered":"\t\t<div data-elementor-type=\"wp-page\" data-elementor-id=\"3418\" class=\"elementor elementor-3418 elementor-2795\" data-elementor-post-type=\"page\">\n\t\t\t\t\t\t<section class=\"elementor-section elementor-top-section elementor-element elementor-element-047b969 elementor-section-full_width elementor-section-height-default elementor-section-height-default\" data-id=\"047b969\" data-element_type=\"section\" data-settings=\"{&quot;background_background&quot;:&quot;gradient&quot;}\">\n\t\t\t\t\t\t<div class=\"elementor-container elementor-column-gap-default\">\n\t\t\t\t\t<div class=\"elementor-column elementor-col-100 elementor-top-column elementor-element elementor-element-9031cf9\" data-id=\"9031cf9\" data-element_type=\"column\">\n\t\t\t<div class=\"elementor-widget-wrap elementor-element-populated\">\n\t\t\t\t\t\t<div class=\"elementor-element elementor-element-20541d6 elementor-widget elementor-widget-text-editor\" data-id=\"20541d6\" data-element_type=\"widget\" data-widget_type=\"text-editor.default\">\n\t\t\t\t<div class=\"elementor-widget-container\">\n\t\t\t\t\t\t\t\t\t<p><a href=\"https:\/\/www.teranka.com\/es\/explorar\">Explorar<\/a> &gt; Biblioteca<\/p>\n\t\t\t\t\t\t\t\t<\/div>\n\t\t\t\t<\/div>\n\t\t\t\t\t<\/div>\n\t\t<\/div>\n\t\t\t\t\t<\/div>\n\t\t<\/section>\n\t\t\t\t<section class=\"elementor-section elementor-top-section elementor-element elementor-element-a8c026b elementor-section-full_width elementor-section-height-min-height elementor-section-items-bottom elementor-section-content-bottom elementor-section-height-default\" data-id=\"a8c026b\" data-element_type=\"section\" data-settings=\"{&quot;background_background&quot;:&quot;classic&quot;}\">\n\t\t\t\t\t\t<div class=\"elementor-container elementor-column-gap-default\">\n\t\t\t\t\t<div class=\"elementor-column elementor-col-100 elementor-top-column elementor-element elementor-element-5792820\" data-id=\"5792820\" data-element_type=\"column\" data-settings=\"{&quot;background_background&quot;:&quot;classic&quot;}\">\n\t\t\t<div class=\"elementor-widget-wrap elementor-element-populated\">\n\t\t\t\t\t<div class=\"elementor-background-overlay\"><\/div>\n\t\t\t\t\t\t<div class=\"elementor-element elementor-element-11ada0f elementor-widget elementor-widget-heading\" data-id=\"11ada0f\" data-element_type=\"widget\" data-widget_type=\"heading.default\">\n\t\t\t\t<div class=\"elementor-widget-container\">\n\t\t\t\t\t<h1 class=\"elementor-heading-title elementor-size-default\">Biblioteca<\/h1>\t\t\t\t<\/div>\n\t\t\t\t<\/div>\n\t\t\t\t\t<\/div>\n\t\t<\/div>\n\t\t\t\t\t<\/div>\n\t\t<\/section>\n\t\t\t\t<section class=\"elementor-section elementor-top-section elementor-element elementor-element-90fe318 elementor-section-boxed elementor-section-height-default elementor-section-height-default\" data-id=\"90fe318\" data-element_type=\"section\" data-settings=\"{&quot;background_background&quot;:&quot;classic&quot;}\">\n\t\t\t\t\t\t<div class=\"elementor-container elementor-column-gap-custom\">\n\t\t\t\t\t<div class=\"elementor-column elementor-col-50 elementor-top-column elementor-element elementor-element-c84a3a0\" data-id=\"c84a3a0\" data-element_type=\"column\">\n\t\t\t<div class=\"elementor-widget-wrap elementor-element-populated\">\n\t\t\t\t\t\t<div class=\"elementor-element elementor-element-10607fd elementor-widget elementor-widget-heading\" data-id=\"10607fd\" data-element_type=\"widget\" data-widget_type=\"heading.default\">\n\t\t\t\t<div class=\"elementor-widget-container\">\n\t\t\t\t\t<h2 class=\"elementor-heading-title elementor-size-default\">Lecturas conscientes para mentes curiosas<\/h2>\t\t\t\t<\/div>\n\t\t\t\t<\/div>\n\t\t\t\t<div class=\"elementor-element elementor-element-c8f0fe9 elementor-widget elementor-widget-text-editor\" data-id=\"c8f0fe9\" data-element_type=\"widget\" data-widget_type=\"text-editor.default\">\n\t\t\t\t<div class=\"elementor-widget-container\">\n\t\t\t\t\t\t\t\t\t<p>Las paredes del vest\u00edbulo de Teranka lest\u00e1n adornadas por la biblioteca. La dise\u00f1adora de interiores y curadora, Katrina Phillips, se basa en criaturas submarinas m\u00e1gicas y m\u00edticas para estimular la imaginaci\u00f3n; la flora y fauna circundantes para una mayor apreciaci\u00f3n de la generosidad natural de la isla; y t\u00edtulos mar\u00edtimos cl\u00e1sicos (piense en Moby Dick) para entretener largas tardes en la arena. Una cuidadosa selecci\u00f3n para j\u00f3venes y adultos j\u00f3venes para estimular la conexi\u00f3n y la conversaci\u00f3n durante las comidas o en la piscina, los libros est\u00e1n disponibles en pr\u00e9stamo durante su estancia.<\/p>\n\t\t\t\t\t\t\t\t<\/div>\n\t\t\t\t<\/div>\n\t\t\t\t\t<\/div>\n\t\t<\/div>\n\t\t\t\t<div class=\"elementor-column elementor-col-50 elementor-top-column elementor-element elementor-element-4868b03\" data-id=\"4868b03\" data-element_type=\"column\">\n\t\t\t<div class=\"elementor-widget-wrap elementor-element-populated\">\n\t\t\t\t\t\t<div class=\"elementor-element elementor-element-a14f2bc elementor-widget elementor-widget-image\" data-id=\"a14f2bc\" data-element_type=\"widget\" data-widget_type=\"image.default\">\n\t\t\t\t<div class=\"elementor-widget-container\">\n\t\t\t\t\t\t\t\t\t\t\t\t\t\t\t<img fetchpriority=\"high\" decoding=\"async\" width=\"1111\" height=\"1667\" src=\"https:\/\/www.teranka.com\/wp-content\/uploads\/2023\/11\/teranka_retreat_oct_23_0369_low.jpg\" class=\"attachment-full size-full wp-image-5629\" alt=\"\" srcset=\"https:\/\/www.teranka.com\/wp-content\/uploads\/2023\/11\/teranka_retreat_oct_23_0369_low.jpg 1111w, https:\/\/www.teranka.com\/wp-content\/uploads\/2023\/11\/teranka_retreat_oct_23_0369_low-200x300.jpg 200w, https:\/\/www.teranka.com\/wp-content\/uploads\/2023\/11\/teranka_retreat_oct_23_0369_low-682x1024.jpg 682w, https:\/\/www.teranka.com\/wp-content\/uploads\/2023\/11\/teranka_retreat_oct_23_0369_low-768x1152.jpg 768w, https:\/\/www.teranka.com\/wp-content\/uploads\/2023\/11\/teranka_retreat_oct_23_0369_low-1024x1536.jpg 1024w\" sizes=\"(max-width: 1111px) 100vw, 1111px\" \/>\t\t\t\t\t\t\t\t\t\t\t\t\t\t\t<\/div>\n\t\t\t\t<\/div>\n\t\t\t\t\t<\/div>\n\t\t<\/div>\n\t\t\t\t\t<\/div>\n\t\t<\/section>\n\t\t\t\t<\/div>\n\t\t","protected":false},"excerpt":{"rendered":"<p>Explorar &gt; Biblioteca Biblioteca Lecturas conscientes para mentes curiosas Las paredes del vest\u00edbulo de Teranka lest\u00e1n adornadas por la biblioteca. La dise\u00f1adora de interiores y curadora, Katrina Phillips, se basa en criaturas submarinas m\u00e1gicas y m\u00edticas para estimular la imaginaci\u00f3n; la flora y fauna circundantes para una mayor apreciaci\u00f3n de la generosidad natural de la [&hellip;]<\/p>\n","protected":false},"author":1,"featured_media":0,"parent":3378,"menu_order":0,"comment_status":"closed","ping_status":"closed","template":"","meta":{"_seopress_robots_primary_cat":"","_seopress_titles_title":"Biblioteca Teranka: Lecturas para mentes curiosas","_seopress_titles_desc":"Explora nuestra biblioteca, dise\u00f1ada para inspirar y conectar con la naturaleza de la isla. Encuentra t\u00edtulos mar\u00edtimos cl\u00e1sicos y disfruta de la lectura.","_seopress_robots_index":"","footnotes":""},"class_list":["post-3418","page","type-page","status-publish"],"_links":{"self":[{"href":"https:\/\/www.teranka.com\/es\/wp-json\/wp\/v2\/pages\/3418","targetHints":{"allow":["GET"]}}],"collection":[{"href":"https:\/\/www.teranka.com\/es\/wp-json\/wp\/v2\/pages"}],"about":[{"href":"https:\/\/www.teranka.com\/es\/wp-json\/wp\/v2\/types\/page"}],"author":[{"embeddable":true,"href":"https:\/\/www.teranka.com\/es\/wp-json\/wp\/v2\/users\/1"}],"replies":[{"embeddable":true,"href":"https:\/\/www.teranka.com\/es\/wp-json\/wp\/v2\/comments?post=3418"}],"version-history":[{"count":19,"href":"https:\/\/www.teranka.com\/es\/wp-json\/wp\/v2\/pages\/3418\/revisions"}],"predecessor-version":[{"id":8106,"href":"https:\/\/www.teranka.com\/es\/wp-json\/wp\/v2\/pages\/3418\/revisions\/8106"}],"up":[{"embeddable":true,"href":"https:\/\/www.teranka.com\/es\/wp-json\/wp\/v2\/pages\/3378"}],"wp:attachment":[{"href":"https:\/\/www.teranka.com\/es\/wp-json\/wp\/v2\/media?parent=3418"}],"curies":[{"name":"wp","href":"https:\/\/api.w.org\/{rel}","templated":true}]}}