{"id":3408,"date":"2023-09-08T16:05:48","date_gmt":"2023-09-08T14:05:48","guid":{"rendered":"https:\/\/www.teranka.com\/explorar\/patrimonio"},"modified":"2025-03-20T12:18:18","modified_gmt":"2025-03-20T10:18:18","slug":"patrimonio","status":"publish","type":"page","link":"https:\/\/www.teranka.com\/es\/explorar\/patrimonio","title":{"rendered":"Patrimonio"},"content":{"rendered":"\t\t<div data-elementor-type=\"wp-page\" data-elementor-id=\"3408\" class=\"elementor elementor-3408 elementor-2771\" data-elementor-post-type=\"page\">\n\t\t\t\t\t\t<section class=\"elementor-section elementor-top-section elementor-element elementor-element-047b969 elementor-section-full_width elementor-section-height-default elementor-section-height-default\" data-id=\"047b969\" data-element_type=\"section\" data-settings=\"{&quot;background_background&quot;:&quot;gradient&quot;}\">\n\t\t\t\t\t\t<div class=\"elementor-container elementor-column-gap-default\">\n\t\t\t\t\t<div class=\"elementor-column elementor-col-100 elementor-top-column elementor-element elementor-element-9031cf9\" data-id=\"9031cf9\" data-element_type=\"column\">\n\t\t\t<div class=\"elementor-widget-wrap elementor-element-populated\">\n\t\t\t\t\t\t<div class=\"elementor-element elementor-element-20541d6 elementor-widget elementor-widget-text-editor\" data-id=\"20541d6\" data-element_type=\"widget\" data-widget_type=\"text-editor.default\">\n\t\t\t\t<div class=\"elementor-widget-container\">\n\t\t\t\t\t\t\t\t\t<p><a href=\"https:\/\/www.teranka.com\/es\/explorar\">Explorar<\/a> &gt; Patrimonio<\/p>\n\t\t\t\t\t\t\t\t<\/div>\n\t\t\t\t<\/div>\n\t\t\t\t\t<\/div>\n\t\t<\/div>\n\t\t\t\t\t<\/div>\n\t\t<\/section>\n\t\t\t\t<section class=\"elementor-section elementor-top-section elementor-element elementor-element-a8c026b elementor-section-full_width elementor-section-height-min-height elementor-section-items-bottom elementor-section-content-bottom elementor-section-height-default\" data-id=\"a8c026b\" data-element_type=\"section\" data-settings=\"{&quot;background_background&quot;:&quot;classic&quot;}\">\n\t\t\t\t\t\t<div class=\"elementor-container elementor-column-gap-default\">\n\t\t\t\t\t<div class=\"elementor-column elementor-col-100 elementor-top-column elementor-element elementor-element-5792820\" data-id=\"5792820\" data-element_type=\"column\" data-settings=\"{&quot;background_background&quot;:&quot;classic&quot;}\">\n\t\t\t<div class=\"elementor-widget-wrap elementor-element-populated\">\n\t\t\t\t\t<div class=\"elementor-background-overlay\"><\/div>\n\t\t\t\t\t\t<div class=\"elementor-element elementor-element-11ada0f elementor-widget elementor-widget-heading\" data-id=\"11ada0f\" data-element_type=\"widget\" data-widget_type=\"heading.default\">\n\t\t\t\t<div class=\"elementor-widget-container\">\n\t\t\t\t\t<h1 class=\"elementor-heading-title elementor-size-default\">Patrimonio<\/h1>\t\t\t\t<\/div>\n\t\t\t\t<\/div>\n\t\t\t\t\t<\/div>\n\t\t<\/div>\n\t\t\t\t\t<\/div>\n\t\t<\/section>\n\t\t\t\t<section class=\"elementor-section elementor-top-section elementor-element elementor-element-90fe318 elementor-section-boxed elementor-section-height-default elementor-section-height-default\" data-id=\"90fe318\" data-element_type=\"section\" data-settings=\"{&quot;background_background&quot;:&quot;classic&quot;}\">\n\t\t\t\t\t\t<div class=\"elementor-container elementor-column-gap-custom\">\n\t\t\t\t\t<div class=\"elementor-column elementor-col-50 elementor-top-column elementor-element elementor-element-c84a3a0\" data-id=\"c84a3a0\" data-element_type=\"column\">\n\t\t\t<div class=\"elementor-widget-wrap elementor-element-populated\">\n\t\t\t\t\t\t<div class=\"elementor-element elementor-element-10607fd elementor-widget elementor-widget-heading\" data-id=\"10607fd\" data-element_type=\"widget\" data-widget_type=\"heading.default\">\n\t\t\t\t<div class=\"elementor-widget-container\">\n\t\t\t\t\t<h2 class=\"elementor-heading-title elementor-size-default\">Historia con coraz\u00f3n<\/h2>\t\t\t\t<\/div>\n\t\t\t\t<\/div>\n\t\t\t\t<div class=\"elementor-element elementor-element-c8f0fe9 elementor-widget elementor-widget-text-editor\" data-id=\"c8f0fe9\" data-element_type=\"widget\" data-widget_type=\"text-editor.default\">\n\t\t\t\t<div class=\"elementor-widget-container\">\n\t\t\t\t\t\t\t\t\t<p>Formentera es una anomal\u00eda geogr\u00e1fica, una isla de forma curiosa apenas conectada en el medio, afinada por cuatro vientos salvajes y miles de a\u00f1os de mareas cambiantes. Es el hogar de salinas romanas y altas mesetas, asentamientos de la Edad del Bronce, incluido el cementerio megal\u00edtico de Ca Na Costa, y antiguos molinos de viento.<\/p>\n\t\t\t\t\t\t\t\t<\/div>\n\t\t\t\t<\/div>\n\t\t\t\t<div class=\"elementor-element elementor-element-c80a80c elementor-widget elementor-widget-image\" data-id=\"c80a80c\" data-element_type=\"widget\" data-widget_type=\"image.default\">\n\t\t\t\t<div class=\"elementor-widget-container\">\n\t\t\t\t\t\t\t\t\t\t\t\t\t\t\t<img fetchpriority=\"high\" decoding=\"async\" width=\"1702\" height=\"2560\" src=\"https:\/\/www.teranka.com\/wp-content\/uploads\/2023\/10\/raymar-formentera-10006-scaled.jpg\" class=\"attachment-full size-full wp-image-5290\" alt=\"\" srcset=\"https:\/\/www.teranka.com\/wp-content\/uploads\/2023\/10\/raymar-formentera-10006-scaled.jpg 1702w, https:\/\/www.teranka.com\/wp-content\/uploads\/2023\/10\/raymar-formentera-10006-199x300.jpg 199w, https:\/\/www.teranka.com\/wp-content\/uploads\/2023\/10\/raymar-formentera-10006-681x1024.jpg 681w, https:\/\/www.teranka.com\/wp-content\/uploads\/2023\/10\/raymar-formentera-10006-768x1155.jpg 768w, https:\/\/www.teranka.com\/wp-content\/uploads\/2023\/10\/raymar-formentera-10006-1021x1536.jpg 1021w, https:\/\/www.teranka.com\/wp-content\/uploads\/2023\/10\/raymar-formentera-10006-1361x2048.jpg 1361w\" sizes=\"(max-width: 1702px) 100vw, 1702px\" \/>\t\t\t\t\t\t\t\t\t\t\t\t\t\t\t<\/div>\n\t\t\t\t<\/div>\n\t\t\t\t\t<\/div>\n\t\t<\/div>\n\t\t\t\t<div class=\"elementor-column elementor-col-50 elementor-top-column elementor-element elementor-element-4868b03\" data-id=\"4868b03\" data-element_type=\"column\">\n\t\t\t<div class=\"elementor-widget-wrap elementor-element-populated\">\n\t\t\t\t\t\t<div class=\"elementor-element elementor-element-a14f2bc elementor-widget elementor-widget-image\" data-id=\"a14f2bc\" data-element_type=\"widget\" data-widget_type=\"image.default\">\n\t\t\t\t<div class=\"elementor-widget-container\">\n\t\t\t\t\t\t\t\t\t\t\t\t\t\t\t<img decoding=\"async\" width=\"1712\" height=\"2560\" src=\"https:\/\/www.teranka.com\/wp-content\/uploads\/2023\/10\/raymar-formentera-10023-scaled.jpg\" class=\"attachment-full size-full wp-image-5296\" alt=\"\" srcset=\"https:\/\/www.teranka.com\/wp-content\/uploads\/2023\/10\/raymar-formentera-10023-scaled.jpg 1712w, https:\/\/www.teranka.com\/wp-content\/uploads\/2023\/10\/raymar-formentera-10023-201x300.jpg 201w, https:\/\/www.teranka.com\/wp-content\/uploads\/2023\/10\/raymar-formentera-10023-685x1024.jpg 685w, https:\/\/www.teranka.com\/wp-content\/uploads\/2023\/10\/raymar-formentera-10023-768x1148.jpg 768w, https:\/\/www.teranka.com\/wp-content\/uploads\/2023\/10\/raymar-formentera-10023-1027x1536.jpg 1027w, https:\/\/www.teranka.com\/wp-content\/uploads\/2023\/10\/raymar-formentera-10023-1370x2048.jpg 1370w\" sizes=\"(max-width: 1712px) 100vw, 1712px\" \/>\t\t\t\t\t\t\t\t\t\t\t\t\t\t\t<\/div>\n\t\t\t\t<\/div>\n\t\t\t\t<div class=\"elementor-element elementor-element-7ff1136 elementor-widget elementor-widget-text-editor\" data-id=\"7ff1136\" data-element_type=\"widget\" data-widget_type=\"text-editor.default\">\n\t\t\t\t<div class=\"elementor-widget-container\">\n\t\t\t\t\t\t\t\t\t<p>A finales de la d\u00e9cada de 1960, Formentera se convirti\u00f3 en una parada en el legendario sendero hippie, que recorr\u00eda los antiguos v\u00ednculos entre Marrakech, Goa, Afganist\u00e1n e Ibiza, y la isla desarroll\u00f3 una reputaci\u00f3n como un semillero de bohemia libre. Pink Floyd y Bob Dylan pasaron largos per\u00edodos en Formentera, al igual que Kate Moss, Jade Jagger y Charlotte Tilbury en la d\u00e9cada de 1990. Hasta el d\u00eda de hoy, Formentera se define por un elementalismo low-slung, lo-fi que es a la vez descalzo y hermoso.<\/p>\n\t\t\t\t\t\t\t\t<\/div>\n\t\t\t\t<\/div>\n\t\t\t\t\t<\/div>\n\t\t<\/div>\n\t\t\t\t\t<\/div>\n\t\t<\/section>\n\t\t\t\t<\/div>\n\t\t","protected":false},"excerpt":{"rendered":"<p>Explorar &gt; Patrimonio Patrimonio Historia con coraz\u00f3n Formentera es una anomal\u00eda geogr\u00e1fica, una isla de forma curiosa apenas conectada en el medio, afinada por cuatro vientos salvajes y miles de a\u00f1os de mareas cambiantes. Es el hogar de salinas romanas y altas mesetas, asentamientos de la Edad del Bronce, incluido el cementerio megal\u00edtico de Ca [&hellip;]<\/p>\n","protected":false},"author":1,"featured_media":0,"parent":3378,"menu_order":0,"comment_status":"closed","ping_status":"closed","template":"","meta":{"_seopress_robots_primary_cat":"","_seopress_titles_title":"Historia de Formentera | Un Viaje en el Tiempo","_seopress_titles_desc":"Descubre Formentera en bicicleta, a pie o a caballo. Explora rutas verdes, calzadas romanas y playas al atardecer. Bucea en un entorno marino protegido.","_seopress_robots_index":"","footnotes":""},"class_list":["post-3408","page","type-page","status-publish"],"_links":{"self":[{"href":"https:\/\/www.teranka.com\/es\/wp-json\/wp\/v2\/pages\/3408","targetHints":{"allow":["GET"]}}],"collection":[{"href":"https:\/\/www.teranka.com\/es\/wp-json\/wp\/v2\/pages"}],"about":[{"href":"https:\/\/www.teranka.com\/es\/wp-json\/wp\/v2\/types\/page"}],"author":[{"embeddable":true,"href":"https:\/\/www.teranka.com\/es\/wp-json\/wp\/v2\/users\/1"}],"replies":[{"embeddable":true,"href":"https:\/\/www.teranka.com\/es\/wp-json\/wp\/v2\/comments?post=3408"}],"version-history":[{"count":21,"href":"https:\/\/www.teranka.com\/es\/wp-json\/wp\/v2\/pages\/3408\/revisions"}],"predecessor-version":[{"id":8094,"href":"https:\/\/www.teranka.com\/es\/wp-json\/wp\/v2\/pages\/3408\/revisions\/8094"}],"up":[{"embeddable":true,"href":"https:\/\/www.teranka.com\/es\/wp-json\/wp\/v2\/pages\/3378"}],"wp:attachment":[{"href":"https:\/\/www.teranka.com\/es\/wp-json\/wp\/v2\/media?parent=3408"}],"curies":[{"name":"wp","href":"https:\/\/api.w.org\/{rel}","templated":true}]}}