{"id":3407,"date":"2023-09-08T16:12:35","date_gmt":"2023-09-08T14:12:35","guid":{"rendered":"https:\/\/www.teranka.com\/explorar\/deportivo"},"modified":"2025-03-20T12:16:32","modified_gmt":"2025-03-20T10:16:32","slug":"deportivo","status":"publish","type":"page","link":"https:\/\/www.teranka.com\/es\/explorar\/deportivo","title":{"rendered":"Deportes"},"content":{"rendered":"\t\t<div data-elementor-type=\"wp-page\" data-elementor-id=\"3407\" class=\"elementor elementor-3407 elementor-2790\" data-elementor-post-type=\"page\">\n\t\t\t\t\t\t<section class=\"elementor-section elementor-top-section elementor-element elementor-element-047b969 elementor-section-full_width elementor-section-height-default elementor-section-height-default\" data-id=\"047b969\" data-element_type=\"section\" data-settings=\"{&quot;background_background&quot;:&quot;gradient&quot;}\">\n\t\t\t\t\t\t<div class=\"elementor-container elementor-column-gap-default\">\n\t\t\t\t\t<div class=\"elementor-column elementor-col-100 elementor-top-column elementor-element elementor-element-9031cf9\" data-id=\"9031cf9\" data-element_type=\"column\">\n\t\t\t<div class=\"elementor-widget-wrap elementor-element-populated\">\n\t\t\t\t\t\t<div class=\"elementor-element elementor-element-20541d6 elementor-widget elementor-widget-text-editor\" data-id=\"20541d6\" data-element_type=\"widget\" data-widget_type=\"text-editor.default\">\n\t\t\t\t<div class=\"elementor-widget-container\">\n\t\t\t\t\t\t\t\t\t<p><a href=\"https:\/\/www.teranka.com\/es\/explorar\">Explorar<\/a> &gt; Deportes<\/p>\t\t\t\t\t\t\t\t<\/div>\n\t\t\t\t<\/div>\n\t\t\t\t\t<\/div>\n\t\t<\/div>\n\t\t\t\t\t<\/div>\n\t\t<\/section>\n\t\t\t\t<section class=\"elementor-section elementor-top-section elementor-element elementor-element-a8c026b elementor-section-full_width elementor-section-height-min-height elementor-section-items-bottom elementor-section-content-bottom elementor-section-height-default\" data-id=\"a8c026b\" data-element_type=\"section\" data-settings=\"{&quot;background_background&quot;:&quot;classic&quot;}\">\n\t\t\t\t\t\t<div class=\"elementor-container elementor-column-gap-default\">\n\t\t\t\t\t<div class=\"elementor-column elementor-col-100 elementor-top-column elementor-element elementor-element-5792820\" data-id=\"5792820\" data-element_type=\"column\" data-settings=\"{&quot;background_background&quot;:&quot;classic&quot;}\">\n\t\t\t<div class=\"elementor-widget-wrap elementor-element-populated\">\n\t\t\t\t\t<div class=\"elementor-background-overlay\"><\/div>\n\t\t\t\t\t\t<div class=\"elementor-element elementor-element-11ada0f elementor-widget elementor-widget-heading\" data-id=\"11ada0f\" data-element_type=\"widget\" data-widget_type=\"heading.default\">\n\t\t\t\t<div class=\"elementor-widget-container\">\n\t\t\t\t\t<h1 class=\"elementor-heading-title elementor-size-default\">Deportes<\/h1>\t\t\t\t<\/div>\n\t\t\t\t<\/div>\n\t\t\t\t\t<\/div>\n\t\t<\/div>\n\t\t\t\t\t<\/div>\n\t\t<\/section>\n\t\t\t\t<section class=\"elementor-section elementor-top-section elementor-element elementor-element-90fe318 elementor-section-boxed elementor-section-height-default elementor-section-height-default\" data-id=\"90fe318\" data-element_type=\"section\" data-settings=\"{&quot;background_background&quot;:&quot;classic&quot;}\">\n\t\t\t\t\t\t<div class=\"elementor-container elementor-column-gap-custom\">\n\t\t\t\t\t<div class=\"elementor-column elementor-col-50 elementor-top-column elementor-element elementor-element-c84a3a0\" data-id=\"c84a3a0\" data-element_type=\"column\">\n\t\t\t<div class=\"elementor-widget-wrap elementor-element-populated\">\n\t\t\t\t\t\t<div class=\"elementor-element elementor-element-10607fd elementor-widget elementor-widget-heading\" data-id=\"10607fd\" data-element_type=\"widget\" data-widget_type=\"heading.default\">\n\t\t\t\t<div class=\"elementor-widget-container\">\n\t\t\t\t\t<h2 class=\"elementor-heading-title elementor-size-default\">Explorando la isla<\/h2>\t\t\t\t<\/div>\n\t\t\t\t<\/div>\n\t\t\t\t<div class=\"elementor-element elementor-element-c8f0fe9 elementor-widget elementor-widget-text-editor\" data-id=\"c8f0fe9\" data-element_type=\"widget\" data-widget_type=\"text-editor.default\">\n\t\t\t\t<div class=\"elementor-widget-container\">\n\t\t\t\t\t\t\t\t\t<p>El ciclismo y el ciclismo el\u00e9ctrico son una forma excepcional de explorar utilizando la red de 32 <em>rutas verdes<\/em> en toda la isla, de las cuales 29 son adecuadas para el ciclismo. Los 100 kil\u00f3metros de rutas permiten a los visitantes conocer toda la isla, incluidas las emblem\u00e1ticas salinas y <em>los m\u00e1gicos caminos<\/em> , con un impacto ambiental m\u00ednimo. Caminar por el vertiginoso Cam\u00ed de Sa Pujada, una antigua calzada romana, ofrece una forma notable de ver la isla desde su punto m\u00e1s alto.<\/p>\n\t\t\t\t\t\t\t\t<\/div>\n\t\t\t\t<\/div>\n\t\t\t\t<div class=\"elementor-element elementor-element-0a5ed44 elementor-widget elementor-widget-image\" data-id=\"0a5ed44\" data-element_type=\"widget\" data-widget_type=\"image.default\">\n\t\t\t\t<div class=\"elementor-widget-container\">\n\t\t\t\t\t\t\t\t\t\t\t\t\t\t\t<img fetchpriority=\"high\" decoding=\"async\" width=\"1800\" height=\"1200\" src=\"https:\/\/www.teranka.com\/wp-content\/uploads\/2023\/10\/teranka_explore_0.jpg\" class=\"attachment-full size-full wp-image-5275\" alt=\"\" srcset=\"https:\/\/www.teranka.com\/wp-content\/uploads\/2023\/10\/teranka_explore_0.jpg 1800w, https:\/\/www.teranka.com\/wp-content\/uploads\/2023\/10\/teranka_explore_0-300x200.jpg 300w, https:\/\/www.teranka.com\/wp-content\/uploads\/2023\/10\/teranka_explore_0-1024x683.jpg 1024w, https:\/\/www.teranka.com\/wp-content\/uploads\/2023\/10\/teranka_explore_0-768x512.jpg 768w, https:\/\/www.teranka.com\/wp-content\/uploads\/2023\/10\/teranka_explore_0-1536x1024.jpg 1536w\" sizes=\"(max-width: 1800px) 100vw, 1800px\" \/>\t\t\t\t\t\t\t\t\t\t\t\t\t\t\t<\/div>\n\t\t\t\t<\/div>\n\t\t\t\t\t<\/div>\n\t\t<\/div>\n\t\t\t\t<div class=\"elementor-column elementor-col-50 elementor-top-column elementor-element elementor-element-4868b03\" data-id=\"4868b03\" data-element_type=\"column\">\n\t\t\t<div class=\"elementor-widget-wrap elementor-element-populated\">\n\t\t\t\t\t\t<div class=\"elementor-element elementor-element-0329a44 elementor-widget elementor-widget-image\" data-id=\"0329a44\" data-element_type=\"widget\" data-widget_type=\"image.default\">\n\t\t\t\t<div class=\"elementor-widget-container\">\n\t\t\t\t\t\t\t\t\t\t\t\t\t\t\t<img decoding=\"async\" width=\"1800\" height=\"1200\" src=\"https:\/\/www.teranka.com\/wp-content\/uploads\/2023\/10\/teranka_explore_4.jpg\" class=\"attachment-full size-full wp-image-5283\" alt=\"\" srcset=\"https:\/\/www.teranka.com\/wp-content\/uploads\/2023\/10\/teranka_explore_4.jpg 1800w, https:\/\/www.teranka.com\/wp-content\/uploads\/2023\/10\/teranka_explore_4-300x200.jpg 300w, https:\/\/www.teranka.com\/wp-content\/uploads\/2023\/10\/teranka_explore_4-1024x683.jpg 1024w, https:\/\/www.teranka.com\/wp-content\/uploads\/2023\/10\/teranka_explore_4-768x512.jpg 768w, https:\/\/www.teranka.com\/wp-content\/uploads\/2023\/10\/teranka_explore_4-1536x1024.jpg 1536w\" sizes=\"(max-width: 1800px) 100vw, 1800px\" \/>\t\t\t\t\t\t\t\t\t\t\t\t\t\t\t<\/div>\n\t\t\t\t<\/div>\n\t\t\t\t<div class=\"elementor-element elementor-element-7ff1136 elementor-widget elementor-widget-text-editor\" data-id=\"7ff1136\" data-element_type=\"widget\" data-widget_type=\"text-editor.default\">\n\t\t\t\t<div class=\"elementor-widget-container\">\n\t\t\t\t\t\t\t\t\t<p>Montar a caballo es especialmente hermoso en las playas al atardecer. El p\u00e1del se puede jugar en varias canchas de la isla, mientras que las actividades acu\u00e1ticas, como foiling, kayak y snorkel se pueden encontrar en todas partes. El centro de buceo m\u00e1s respetado de Formentera, VellMar\u00ed, fue fundado por el explorador submarino de National Geographic Manu San F\u00e9lix en 1993 y est\u00e1 dedicado a la conservaci\u00f3n del entorno marino de Formentera, protegido por la UNESCO.<\/p>\n\t\t\t\t\t\t\t\t<\/div>\n\t\t\t\t<\/div>\n\t\t\t\t\t<\/div>\n\t\t<\/div>\n\t\t\t\t\t<\/div>\n\t\t<\/section>\n\t\t\t\t<\/div>\n\t\t","protected":false},"excerpt":{"rendered":"<p>Explorar &gt; Deportes Deportes Explorando la isla El ciclismo y el ciclismo el\u00e9ctrico son una forma excepcional de explorar utilizando la red de 32 rutas verdes en toda la isla, de las cuales 29 son adecuadas para el ciclismo. Los 100 kil\u00f3metros de rutas permiten a los visitantes conocer toda la isla, incluidas las emblem\u00e1ticas [&hellip;]<\/p>\n","protected":false},"author":1,"featured_media":0,"parent":3378,"menu_order":0,"comment_status":"closed","ping_status":"closed","template":"","meta":{"_seopress_robots_primary_cat":"","_seopress_titles_title":"Deportes en Formentera | Bicicleta, Caminatas y Aventuras","_seopress_titles_desc":"Descubre Formentera en bicicleta, a pie o a caballo. Explora rutas verdes, calzadas romanas y playas al atardecer. Bucea en un entorno marino protegido.","_seopress_robots_index":"","footnotes":""},"class_list":["post-3407","page","type-page","status-publish"],"_links":{"self":[{"href":"https:\/\/www.teranka.com\/es\/wp-json\/wp\/v2\/pages\/3407","targetHints":{"allow":["GET"]}}],"collection":[{"href":"https:\/\/www.teranka.com\/es\/wp-json\/wp\/v2\/pages"}],"about":[{"href":"https:\/\/www.teranka.com\/es\/wp-json\/wp\/v2\/types\/page"}],"author":[{"embeddable":true,"href":"https:\/\/www.teranka.com\/es\/wp-json\/wp\/v2\/users\/1"}],"replies":[{"embeddable":true,"href":"https:\/\/www.teranka.com\/es\/wp-json\/wp\/v2\/comments?post=3407"}],"version-history":[{"count":26,"href":"https:\/\/www.teranka.com\/es\/wp-json\/wp\/v2\/pages\/3407\/revisions"}],"predecessor-version":[{"id":8092,"href":"https:\/\/www.teranka.com\/es\/wp-json\/wp\/v2\/pages\/3407\/revisions\/8092"}],"up":[{"embeddable":true,"href":"https:\/\/www.teranka.com\/es\/wp-json\/wp\/v2\/pages\/3378"}],"wp:attachment":[{"href":"https:\/\/www.teranka.com\/es\/wp-json\/wp\/v2\/media?parent=3407"}],"curies":[{"name":"wp","href":"https:\/\/api.w.org\/{rel}","templated":true}]}}