{"id":3402,"date":"2023-09-08T16:08:21","date_gmt":"2023-09-08T14:08:21","guid":{"rendered":"https:\/\/www.teranka.com\/explorar\/eventos"},"modified":"2026-04-29T12:59:03","modified_gmt":"2026-04-29T10:59:03","slug":"eventos","status":"publish","type":"page","link":"https:\/\/www.teranka.com\/es\/explorar\/eventos","title":{"rendered":"Eventos"},"content":{"rendered":"\t\t<div data-elementor-type=\"wp-page\" data-elementor-id=\"3402\" class=\"elementor elementor-3402 elementor-2785\" data-elementor-post-type=\"page\">\n\t\t\t\t\t\t<section class=\"elementor-section elementor-top-section elementor-element elementor-element-047b969 elementor-section-full_width elementor-section-height-default elementor-section-height-default\" data-id=\"047b969\" data-element_type=\"section\" data-settings=\"{&quot;background_background&quot;:&quot;gradient&quot;}\">\n\t\t\t\t\t\t<div class=\"elementor-container elementor-column-gap-default\">\n\t\t\t\t\t<div class=\"elementor-column elementor-col-100 elementor-top-column elementor-element elementor-element-9031cf9\" data-id=\"9031cf9\" data-element_type=\"column\">\n\t\t\t<div class=\"elementor-widget-wrap elementor-element-populated\">\n\t\t\t\t\t\t<div class=\"elementor-element elementor-element-20541d6 elementor-widget elementor-widget-text-editor\" data-id=\"20541d6\" data-element_type=\"widget\" data-widget_type=\"text-editor.default\">\n\t\t\t\t<div class=\"elementor-widget-container\">\n\t\t\t\t\t\t\t\t\t<p><a href=\"https:\/\/www.teranka.com\/es\/explorar\">Explorar<\/a> &gt; Eventos<\/p>\n\t\t\t\t\t\t\t\t<\/div>\n\t\t\t\t<\/div>\n\t\t\t\t\t<\/div>\n\t\t<\/div>\n\t\t\t\t\t<\/div>\n\t\t<\/section>\n\t\t\t\t<section class=\"elementor-section elementor-top-section elementor-element elementor-element-a8c026b elementor-section-full_width elementor-section-height-min-height elementor-section-items-bottom elementor-section-content-bottom elementor-section-height-default\" data-id=\"a8c026b\" data-element_type=\"section\" data-settings=\"{&quot;background_background&quot;:&quot;classic&quot;}\">\n\t\t\t\t\t\t<div class=\"elementor-container elementor-column-gap-default\">\n\t\t\t\t\t<div class=\"elementor-column elementor-col-100 elementor-top-column elementor-element elementor-element-5792820\" data-id=\"5792820\" data-element_type=\"column\" data-settings=\"{&quot;background_background&quot;:&quot;classic&quot;}\">\n\t\t\t<div class=\"elementor-widget-wrap elementor-element-populated\">\n\t\t\t\t\t<div class=\"elementor-background-overlay\"><\/div>\n\t\t\t\t\t\t<div class=\"elementor-element elementor-element-11ada0f elementor-widget elementor-widget-heading\" data-id=\"11ada0f\" data-element_type=\"widget\" data-widget_type=\"heading.default\">\n\t\t\t\t<div class=\"elementor-widget-container\">\n\t\t\t\t\t<h1 class=\"elementor-heading-title elementor-size-default\">Eventos<\/h1>\t\t\t\t<\/div>\n\t\t\t\t<\/div>\n\t\t\t\t\t<\/div>\n\t\t<\/div>\n\t\t\t\t\t<\/div>\n\t\t<\/section>\n\t\t\t\t<section class=\"elementor-section elementor-top-section elementor-element elementor-element-90fe318 elementor-section-boxed elementor-section-height-default elementor-section-height-default\" data-id=\"90fe318\" data-element_type=\"section\" data-settings=\"{&quot;background_background&quot;:&quot;classic&quot;}\">\n\t\t\t\t\t\t<div class=\"elementor-container elementor-column-gap-custom\">\n\t\t\t\t\t<div class=\"elementor-column elementor-col-50 elementor-top-column elementor-element elementor-element-c84a3a0\" data-id=\"c84a3a0\" data-element_type=\"column\">\n\t\t\t<div class=\"elementor-widget-wrap elementor-element-populated\">\n\t\t\t\t\t\t<div class=\"elementor-element elementor-element-10607fd elementor-widget elementor-widget-heading\" data-id=\"10607fd\" data-element_type=\"widget\" data-widget_type=\"heading.default\">\n\t\t\t\t<div class=\"elementor-widget-container\">\n\t\t\t\t\t<h2 class=\"elementor-heading-title elementor-size-default\">Qu\u00e9 pasa en Teranka<\/h2>\t\t\t\t<\/div>\n\t\t\t\t<\/div>\n\t\t\t\t<div class=\"elementor-element elementor-element-c8f0fe9 elementor-widget elementor-widget-text-editor\" data-id=\"c8f0fe9\" data-element_type=\"widget\" data-widget_type=\"text-editor.default\">\n\t\t\t\t<div class=\"elementor-widget-container\">\n\t\t\t\t\t\t\t\t\t<p>Desde visitas de especialistas hasta m\u00fasica en vivo, siempre hay algo sucediendo en Teranka. Mira este espacio para nuestra programaci\u00f3n.<\/p>\n\t\t\t\t\t\t\t\t<\/div>\n\t\t\t\t<\/div>\n\t\t\t\t<div class=\"elementor-element elementor-element-43cd899 elementor-widget elementor-widget-image\" data-id=\"43cd899\" data-element_type=\"widget\" data-widget_type=\"image.default\">\n\t\t\t\t<div class=\"elementor-widget-container\">\n\t\t\t\t\t\t\t\t\t\t\t\t\t\t\t<img fetchpriority=\"high\" decoding=\"async\" width=\"1800\" height=\"1200\" src=\"https:\/\/www.teranka.com\/wp-content\/uploads\/2023\/11\/teranka_hotel_1-2.jpg\" class=\"attachment-full size-full wp-image-5771\" alt=\"\" srcset=\"https:\/\/www.teranka.com\/wp-content\/uploads\/2023\/11\/teranka_hotel_1-2.jpg 1800w, https:\/\/www.teranka.com\/wp-content\/uploads\/2023\/11\/teranka_hotel_1-2-300x200.jpg 300w, https:\/\/www.teranka.com\/wp-content\/uploads\/2023\/11\/teranka_hotel_1-2-1024x683.jpg 1024w, https:\/\/www.teranka.com\/wp-content\/uploads\/2023\/11\/teranka_hotel_1-2-768x512.jpg 768w, https:\/\/www.teranka.com\/wp-content\/uploads\/2023\/11\/teranka_hotel_1-2-1536x1024.jpg 1536w\" sizes=\"(max-width: 1800px) 100vw, 1800px\" \/>\t\t\t\t\t\t\t\t\t\t\t\t\t\t\t<\/div>\n\t\t\t\t<\/div>\n\t\t\t\t\t<\/div>\n\t\t<\/div>\n\t\t\t\t<div class=\"elementor-column elementor-col-50 elementor-top-column elementor-element elementor-element-4868b03\" data-id=\"4868b03\" data-element_type=\"column\">\n\t\t\t<div class=\"elementor-widget-wrap elementor-element-populated\">\n\t\t\t\t\t\t<div class=\"elementor-element elementor-element-42d123f elementor-widget elementor-widget-image\" data-id=\"42d123f\" data-element_type=\"widget\" data-widget_type=\"image.default\">\n\t\t\t\t<div class=\"elementor-widget-container\">\n\t\t\t\t\t\t\t\t\t\t\t\t\t\t\t<img decoding=\"async\" width=\"1707\" height=\"2560\" src=\"https:\/\/www.teranka.com\/wp-content\/uploads\/2023\/11\/teranka_hotel_0-scaled-1.jpg\" class=\"attachment-full size-full wp-image-5773\" alt=\"\" srcset=\"https:\/\/www.teranka.com\/wp-content\/uploads\/2023\/11\/teranka_hotel_0-scaled-1.jpg 1707w, https:\/\/www.teranka.com\/wp-content\/uploads\/2023\/11\/teranka_hotel_0-scaled-1-200x300.jpg 200w, https:\/\/www.teranka.com\/wp-content\/uploads\/2023\/11\/teranka_hotel_0-scaled-1-683x1024.jpg 683w, https:\/\/www.teranka.com\/wp-content\/uploads\/2023\/11\/teranka_hotel_0-scaled-1-768x1152.jpg 768w, https:\/\/www.teranka.com\/wp-content\/uploads\/2023\/11\/teranka_hotel_0-scaled-1-1024x1536.jpg 1024w, https:\/\/www.teranka.com\/wp-content\/uploads\/2023\/11\/teranka_hotel_0-scaled-1-1366x2048.jpg 1366w\" sizes=\"(max-width: 1707px) 100vw, 1707px\" \/>\t\t\t\t\t\t\t\t\t\t\t\t\t\t\t<\/div>\n\t\t\t\t<\/div>\n\t\t\t\t\t<\/div>\n\t\t<\/div>\n\t\t\t\t\t<\/div>\n\t\t<\/section>\n\t\t\t\t<section class=\"elementor-section elementor-top-section elementor-element elementor-element-80bd243 elementor-section-boxed elementor-section-height-default elementor-section-height-default\" data-id=\"80bd243\" data-element_type=\"section\">\n\t\t\t\t\t\t<div class=\"elementor-container elementor-column-gap-default\">\n\t\t\t\t\t<div class=\"elementor-column elementor-col-50 elementor-top-column elementor-element elementor-element-62b242e\" data-id=\"62b242e\" data-element_type=\"column\">\n\t\t\t<div class=\"elementor-widget-wrap elementor-element-populated\">\n\t\t\t\t\t\t<div class=\"elementor-element elementor-element-034fb1c elementor-widget elementor-widget-heading\" data-id=\"034fb1c\" data-element_type=\"widget\" data-widget_type=\"heading.default\">\n\t\t\t\t<div class=\"elementor-widget-container\">\n\t\t\t\t\t<h2 class=\"elementor-heading-title elementor-size-default\">CONVERSACIONES DE LA BILBIOTECA DEL MAR<\/h2>\t\t\t\t<\/div>\n\t\t\t\t<\/div>\n\t\t\t\t<div class=\"elementor-element elementor-element-d529d96 elementor-widget__width-initial elementor-widget elementor-widget-text-editor\" data-id=\"d529d96\" data-element_type=\"widget\" data-widget_type=\"text-editor.default\">\n\t\t\t\t<div class=\"elementor-widget-container\">\n\t\t\t\t\t\t\t\t\t<p>\u00danete a escritores, artistas, poetas y fil\u00f3sofos de renombre en la Biblioteca <br \/>del Mar de Teranka mientras revivimos un arte perdido: la conversaci\u00f3n.<\/p><p>Gratuito para clientes alojados<br \/>Conversaci\u00f3n y almuerzo: 90\u20ac pp (IVA inc)<\/p>\t\t\t\t\t\t\t\t<\/div>\n\t\t\t\t<\/div>\n\t\t\t\t\t<\/div>\n\t\t<\/div>\n\t\t\t\t<div class=\"elementor-column elementor-col-50 elementor-top-column elementor-element elementor-element-4be717f\" data-id=\"4be717f\" data-element_type=\"column\">\n\t\t\t<div class=\"elementor-widget-wrap elementor-element-populated\">\n\t\t\t\t\t\t<div class=\"elementor-element elementor-element-7d27f6a elementor-widget elementor-widget-image\" data-id=\"7d27f6a\" data-element_type=\"widget\" data-widget_type=\"image.default\">\n\t\t\t\t<div class=\"elementor-widget-container\">\n\t\t\t\t\t\t\t\t\t\t\t\t\t\t\t<img decoding=\"async\" width=\"1300\" height=\"650\" src=\"https:\/\/www.teranka.com\/wp-content\/uploads\/2023\/09\/teranka_explore4-1-1300x650.jpg\" class=\"attachment-qi_addons_for_elementor_image_size_landscape size-qi_addons_for_elementor_image_size_landscape wp-image-4918\" alt=\"\" \/>\t\t\t\t\t\t\t\t\t\t\t\t\t\t\t<\/div>\n\t\t\t\t<\/div>\n\t\t\t\t\t<\/div>\n\t\t<\/div>\n\t\t\t\t\t<\/div>\n\t\t<\/section>\n\t\t\t\t<section class=\"elementor-section elementor-top-section elementor-element elementor-element-262f7ca elementor-section-boxed elementor-section-height-default elementor-section-height-default\" data-id=\"262f7ca\" data-element_type=\"section\">\n\t\t\t\t\t\t<div class=\"elementor-container elementor-column-gap-default\">\n\t\t\t\t\t<div class=\"elementor-column elementor-col-100 elementor-top-column elementor-element elementor-element-62fda3f\" data-id=\"62fda3f\" data-element_type=\"column\">\n\t\t\t<div class=\"elementor-widget-wrap elementor-element-populated\">\n\t\t\t\t\t\t<div class=\"elementor-element elementor-element-dbb6f2d elementor-widget elementor-widget-spacer\" data-id=\"dbb6f2d\" data-element_type=\"widget\" data-widget_type=\"spacer.default\">\n\t\t\t\t<div class=\"elementor-widget-container\">\n\t\t\t\t\t\t\t<div class=\"elementor-spacer\">\n\t\t\t<div class=\"elementor-spacer-inner\"><\/div>\n\t\t<\/div>\n\t\t\t\t\t\t<\/div>\n\t\t\t\t<\/div>\n\t\t\t\t\t<\/div>\n\t\t<\/div>\n\t\t\t\t\t<\/div>\n\t\t<\/section>\n\t\t\t\t<section class=\"elementor-section elementor-top-section elementor-element elementor-element-fe4ad2d elementor-section-boxed elementor-section-height-default elementor-section-height-default\" data-id=\"fe4ad2d\" data-element_type=\"section\">\n\t\t\t\t\t\t<div class=\"elementor-container elementor-column-gap-default\">\n\t\t\t\t\t<div class=\"elementor-column elementor-col-50 elementor-top-column elementor-element elementor-element-24a183f\" data-id=\"24a183f\" data-element_type=\"column\">\n\t\t\t<div class=\"elementor-widget-wrap elementor-element-populated\">\n\t\t\t\t\t\t<div class=\"elementor-element elementor-element-38798fc elementor-widget elementor-widget-image\" data-id=\"38798fc\" data-element_type=\"widget\" data-widget_type=\"image.default\">\n\t\t\t\t<div class=\"elementor-widget-container\">\n\t\t\t\t\t\t\t\t\t\t\t\t\t\t\t<img loading=\"lazy\" decoding=\"async\" width=\"650\" height=\"650\" src=\"https:\/\/www.teranka.com\/wp-content\/uploads\/2025\/05\/teranka_retreat_oct_23_6136_high-650x650.jpg\" class=\"attachment-qi_addons_for_elementor_image_size_square size-qi_addons_for_elementor_image_size_square wp-image-8417\" alt=\"teranka retreat oct 23 6136 high\" srcset=\"https:\/\/www.teranka.com\/wp-content\/uploads\/2025\/05\/teranka_retreat_oct_23_6136_high-650x650.jpg 650w, https:\/\/www.teranka.com\/wp-content\/uploads\/2025\/05\/teranka_retreat_oct_23_6136_high-150x150.jpg 150w, https:\/\/www.teranka.com\/wp-content\/uploads\/2025\/05\/teranka_retreat_oct_23_6136_high-1300x1300.jpg 1300w\" sizes=\"(max-width: 650px) 100vw, 650px\" \/>\t\t\t\t\t\t\t\t\t\t\t\t\t\t\t<\/div>\n\t\t\t\t<\/div>\n\t\t\t\t\t<\/div>\n\t\t<\/div>\n\t\t\t\t<div class=\"elementor-column elementor-col-50 elementor-top-column elementor-element elementor-element-c540473\" data-id=\"c540473\" data-element_type=\"column\">\n\t\t\t<div class=\"elementor-widget-wrap elementor-element-populated\">\n\t\t\t\t\t\t<div class=\"elementor-element elementor-element-f2c87c4 elementor-widget elementor-widget-heading\" data-id=\"f2c87c4\" data-element_type=\"widget\" data-widget_type=\"heading.default\">\n\t\t\t\t<div class=\"elementor-widget-container\">\n\t\t\t\t\t<h2 class=\"elementor-heading-title elementor-size-default\">Essence of flow series 2026\nlUMINARIES<\/h2>\t\t\t\t<\/div>\n\t\t\t\t<\/div>\n\t\t\t\t<div class=\"elementor-element elementor-element-2ed39e3 elementor-widget elementor-widget-text-editor\" data-id=\"2ed39e3\" data-element_type=\"widget\" data-widget_type=\"text-editor.default\">\n\t\t\t\t<div class=\"elementor-widget-container\">\n\t\t\t\t\t\t\t\t\t<p class=\"\" data-start=\"1240\" data-end=\"1442\">Como parte de nuestro compromiso con el bienestar \u2014de la isla y de quienes la visitan\u2014 esta temporada Teranka vuelve a brillar con el regreso de <em data-start=\"1388\" data-end=\"1404\">Los Luminaries<\/em>, nuestra serie rotativa de bienestar.<\/p><p class=\"\" data-start=\"1444\" data-end=\"1590\">Es un programa que invita a la pausa, a explorar nuevas formas de cuidarnos, a dejar atr\u00e1s la rutina por un rato y reencontrarnos con lo esencial.<\/p><p class=\"\" data-start=\"1592\" data-end=\"2156\">Durante la temporada, contaremos con la presencia de reconocidos terapeutas invitados. Elke Scior, especialista en Ayurveda, nos acompa\u00f1a con Panchakarma, un antiguo ritual de limpieza corporal. Christophe Cos nos trae su <em data-start=\"1826\" data-end=\"1841\">Inner Alchemy<\/em>, una fusi\u00f3n armoniosa de t\u00e9cnicas musculoesquel\u00e9ticas y energ\u00e9ticas. La maestra Paula Legoburo ofrece sesiones profundas de reiki y drenaje linf\u00e1tico, llenas de suavidad y poder. Y Lija Kruus, facialista experta en Kobido, transforma el rostro desde dentro con su combinaci\u00f3n de masaje bucal y reflexolog\u00eda facial.<\/p><p class=\"\" data-start=\"2158\" data-end=\"2213\">Un espacio para respirar, para sentir, para reconectar.<\/p>\t\t\t\t\t\t\t\t<\/div>\n\t\t\t\t<\/div>\n\t\t\t\t<div class=\"elementor-element elementor-element-148e8ec elementor-align-center elementor-widget elementor-widget-button\" data-id=\"148e8ec\" data-element_type=\"widget\" data-widget_type=\"button.default\">\n\t\t\t\t<div class=\"elementor-widget-container\">\n\t\t\t\t\t\t\t\t\t<div class=\"elementor-button-wrapper\">\n\t\t\t\t\t<a class=\"elementor-button elementor-button-link elementor-size-sm\" href=\"https:\/\/www.teranka.com\/wp-content\/uploads\/2026\/04\/luminaries_2026_fullagenda.pdf\">\n\t\t\t\t\t\t<span class=\"elementor-button-content-wrapper\">\n\t\t\t\t\t\t\t\t\t<span class=\"elementor-button-text\">Agenda<\/span>\n\t\t\t\t\t<\/span>\n\t\t\t\t\t<\/a>\n\t\t\t\t<\/div>\n\t\t\t\t\t\t\t\t<\/div>\n\t\t\t\t<\/div>\n\t\t\t\t\t<\/div>\n\t\t<\/div>\n\t\t\t\t\t<\/div>\n\t\t<\/section>\n\t\t\t\t<section class=\"elementor-section elementor-top-section elementor-element elementor-element-74b23b9 elementor-section-boxed elementor-section-height-default elementor-section-height-default\" data-id=\"74b23b9\" data-element_type=\"section\">\n\t\t\t\t\t\t<div class=\"elementor-container elementor-column-gap-default\">\n\t\t\t\t\t<div class=\"elementor-column elementor-col-100 elementor-top-column elementor-element elementor-element-25289b8\" data-id=\"25289b8\" data-element_type=\"column\">\n\t\t\t<div class=\"elementor-widget-wrap elementor-element-populated\">\n\t\t\t\t\t\t<div class=\"elementor-element elementor-element-2abf7fe elementor-widget elementor-widget-spacer\" data-id=\"2abf7fe\" data-element_type=\"widget\" data-widget_type=\"spacer.default\">\n\t\t\t\t<div class=\"elementor-widget-container\">\n\t\t\t\t\t\t\t<div class=\"elementor-spacer\">\n\t\t\t<div class=\"elementor-spacer-inner\"><\/div>\n\t\t<\/div>\n\t\t\t\t\t\t<\/div>\n\t\t\t\t<\/div>\n\t\t\t\t\t<\/div>\n\t\t<\/div>\n\t\t\t\t\t<\/div>\n\t\t<\/section>\n\t\t\t\t<\/div>\n\t\t","protected":false},"excerpt":{"rendered":"<p>Explorar &gt; Eventos Eventos Qu\u00e9 pasa en Teranka Desde visitas de especialistas hasta m\u00fasica en vivo, siempre hay algo sucediendo en Teranka. Mira este espacio para nuestra programaci\u00f3n. CONVERSACIONES DE LA BILBIOTECA DEL MAR \u00danete a escritores, artistas, poetas y fil\u00f3sofos de renombre en la Biblioteca del Mar de Teranka mientras revivimos un arte perdido: [&hellip;]<\/p>\n","protected":false},"author":1,"featured_media":0,"parent":3378,"menu_order":0,"comment_status":"closed","ping_status":"closed","template":"","meta":{"_seopress_robots_primary_cat":"","_seopress_titles_title":"Descubre lo que sucede en Teranka | Eventos en Formentera","_seopress_titles_desc":"Siempre hay algo emocionante en Teranka: m\u00fasica en vivo, visitantes especiales y eventos \u00fanicos. \u00a1Descubre nuestra programaci\u00f3n y \u00fanete a la diversi\u00f3n!","_seopress_robots_index":"","footnotes":""},"class_list":["post-3402","page","type-page","status-publish"],"_links":{"self":[{"href":"https:\/\/www.teranka.com\/es\/wp-json\/wp\/v2\/pages\/3402","targetHints":{"allow":["GET"]}}],"collection":[{"href":"https:\/\/www.teranka.com\/es\/wp-json\/wp\/v2\/pages"}],"about":[{"href":"https:\/\/www.teranka.com\/es\/wp-json\/wp\/v2\/types\/page"}],"author":[{"embeddable":true,"href":"https:\/\/www.teranka.com\/es\/wp-json\/wp\/v2\/users\/1"}],"replies":[{"embeddable":true,"href":"https:\/\/www.teranka.com\/es\/wp-json\/wp\/v2\/comments?post=3402"}],"version-history":[{"count":167,"href":"https:\/\/www.teranka.com\/es\/wp-json\/wp\/v2\/pages\/3402\/revisions"}],"predecessor-version":[{"id":9287,"href":"https:\/\/www.teranka.com\/es\/wp-json\/wp\/v2\/pages\/3402\/revisions\/9287"}],"up":[{"embeddable":true,"href":"https:\/\/www.teranka.com\/es\/wp-json\/wp\/v2\/pages\/3378"}],"wp:attachment":[{"href":"https:\/\/www.teranka.com\/es\/wp-json\/wp\/v2\/media?parent=3402"}],"curies":[{"name":"wp","href":"https:\/\/api.w.org\/{rel}","templated":true}]}}