{"id":3374,"date":"2023-07-28T07:38:52","date_gmt":"2023-07-28T05:38:52","guid":{"rendered":"https:\/\/www.teranka.com\/tierra\/terraza-junior-suite"},"modified":"2026-04-06T12:47:45","modified_gmt":"2026-04-06T10:47:45","slug":"junior-suite","status":"publish","type":"page","link":"https:\/\/www.teranka.com\/es\/tierra\/junior-suite","title":{"rendered":"Junior Suite"},"content":{"rendered":"\t\t<div data-elementor-type=\"wp-page\" data-elementor-id=\"3374\" class=\"elementor elementor-3374 elementor-1595\" data-elementor-post-type=\"page\">\n\t\t\t\t\t\t<section class=\"elementor-section elementor-top-section elementor-element elementor-element-bc9c3a7 elementor-reverse-tablet elementor-reverse-mobile elementor-section-boxed elementor-section-height-default elementor-section-height-default\" data-id=\"bc9c3a7\" data-element_type=\"section\">\n\t\t\t\t\t\t<div class=\"elementor-container elementor-column-gap-default\">\n\t\t\t\t\t<div class=\"elementor-column elementor-col-50 elementor-top-column elementor-element elementor-element-553b050\" data-id=\"553b050\" data-element_type=\"column\">\n\t\t\t<div class=\"elementor-widget-wrap elementor-element-populated\">\n\t\t\t\t\t\t<div class=\"elementor-element elementor-element-9eecfcb elementor-widget elementor-widget-image\" data-id=\"9eecfcb\" data-element_type=\"widget\" data-widget_type=\"image.default\">\n\t\t\t\t<div class=\"elementor-widget-container\">\n\t\t\t\t\t\t\t\t\t\t\t\t\t\t\t<img fetchpriority=\"high\" decoding=\"async\" width=\"1316\" height=\"877\" src=\"https:\/\/www.teranka.com\/wp-content\/uploads\/2023\/07\/tierra_Junior-Suite-Terrace1.jpg\" class=\"attachment-full size-full wp-image-3267\" alt=\"\" srcset=\"https:\/\/www.teranka.com\/wp-content\/uploads\/2023\/07\/tierra_Junior-Suite-Terrace1.jpg 1316w, https:\/\/www.teranka.com\/wp-content\/uploads\/2023\/07\/tierra_Junior-Suite-Terrace1-300x200.jpg 300w, https:\/\/www.teranka.com\/wp-content\/uploads\/2023\/07\/tierra_Junior-Suite-Terrace1-1024x682.jpg 1024w, https:\/\/www.teranka.com\/wp-content\/uploads\/2023\/07\/tierra_Junior-Suite-Terrace1-768x512.jpg 768w\" sizes=\"(max-width: 1316px) 100vw, 1316px\" \/>\t\t\t\t\t\t\t\t\t\t\t\t\t\t\t<\/div>\n\t\t\t\t<\/div>\n\t\t\t\t<section class=\"elementor-section elementor-inner-section elementor-element elementor-element-1cb9b25 elementor-section-boxed elementor-section-height-default elementor-section-height-default\" data-id=\"1cb9b25\" data-element_type=\"section\">\n\t\t\t\t\t\t<div class=\"elementor-container elementor-column-gap-default\">\n\t\t\t\t\t<div class=\"elementor-column elementor-col-50 elementor-inner-column elementor-element elementor-element-b5ef5f7\" data-id=\"b5ef5f7\" data-element_type=\"column\">\n\t\t\t<div class=\"elementor-widget-wrap elementor-element-populated\">\n\t\t\t\t\t\t<div class=\"elementor-element elementor-element-f70defb elementor-widget elementor-widget-image\" data-id=\"f70defb\" data-element_type=\"widget\" data-widget_type=\"image.default\">\n\t\t\t\t<div class=\"elementor-widget-container\">\n\t\t\t\t\t\t\t\t\t\t\t\t\t\t\t<img decoding=\"async\" width=\"649\" height=\"433\" src=\"https:\/\/www.teranka.com\/wp-content\/uploads\/2023\/07\/tierra_Junior-Suite-Terrace0.jpg\" class=\"attachment-large size-large wp-image-3266\" alt=\"\" srcset=\"https:\/\/www.teranka.com\/wp-content\/uploads\/2023\/07\/tierra_Junior-Suite-Terrace0.jpg 649w, https:\/\/www.teranka.com\/wp-content\/uploads\/2023\/07\/tierra_Junior-Suite-Terrace0-300x200.jpg 300w\" sizes=\"(max-width: 649px) 100vw, 649px\" \/>\t\t\t\t\t\t\t\t\t\t\t\t\t\t\t<\/div>\n\t\t\t\t<\/div>\n\t\t\t\t\t<\/div>\n\t\t<\/div>\n\t\t\t\t<div class=\"elementor-column elementor-col-50 elementor-inner-column elementor-element elementor-element-85e3fc5\" data-id=\"85e3fc5\" data-element_type=\"column\">\n\t\t\t<div class=\"elementor-widget-wrap elementor-element-populated\">\n\t\t\t\t\t\t<div class=\"elementor-element elementor-element-d4606ee elementor-widget elementor-widget-image\" data-id=\"d4606ee\" data-element_type=\"widget\" data-widget_type=\"image.default\">\n\t\t\t\t<div class=\"elementor-widget-container\">\n\t\t\t\t\t\t\t\t\t\t\t\t\t\t\t<img decoding=\"async\" width=\"631\" height=\"421\" src=\"https:\/\/www.teranka.com\/wp-content\/uploads\/2023\/07\/tierra_Double-Deluxe-Terrace3.jpg\" class=\"attachment-large size-large wp-image-3265\" alt=\"\" srcset=\"https:\/\/www.teranka.com\/wp-content\/uploads\/2023\/07\/tierra_Double-Deluxe-Terrace3.jpg 631w, https:\/\/www.teranka.com\/wp-content\/uploads\/2023\/07\/tierra_Double-Deluxe-Terrace3-300x200.jpg 300w\" sizes=\"(max-width: 631px) 100vw, 631px\" \/>\t\t\t\t\t\t\t\t\t\t\t\t\t\t\t<\/div>\n\t\t\t\t<\/div>\n\t\t\t\t\t<\/div>\n\t\t<\/div>\n\t\t\t\t\t<\/div>\n\t\t<\/section>\n\t\t\t\t<div class=\"elementor-element elementor-element-3024713 elementor-widget elementor-widget-image\" data-id=\"3024713\" data-element_type=\"widget\" data-widget_type=\"image.default\">\n\t\t\t\t<div class=\"elementor-widget-container\">\n\t\t\t\t\t\t\t\t\t\t\t\t\t\t\t<img loading=\"lazy\" decoding=\"async\" width=\"1314\" height=\"876\" src=\"https:\/\/www.teranka.com\/wp-content\/uploads\/2023\/07\/tierra_Junior-Suite-Terrace2.jpg\" class=\"attachment-full size-full wp-image-3268\" alt=\"\" srcset=\"https:\/\/www.teranka.com\/wp-content\/uploads\/2023\/07\/tierra_Junior-Suite-Terrace2.jpg 1314w, https:\/\/www.teranka.com\/wp-content\/uploads\/2023\/07\/tierra_Junior-Suite-Terrace2-300x200.jpg 300w, https:\/\/www.teranka.com\/wp-content\/uploads\/2023\/07\/tierra_Junior-Suite-Terrace2-1024x683.jpg 1024w, https:\/\/www.teranka.com\/wp-content\/uploads\/2023\/07\/tierra_Junior-Suite-Terrace2-768x512.jpg 768w\" sizes=\"(max-width: 1314px) 100vw, 1314px\" \/>\t\t\t\t\t\t\t\t\t\t\t\t\t\t\t<\/div>\n\t\t\t\t<\/div>\n\t\t\t\t\t<\/div>\n\t\t<\/div>\n\t\t\t\t<div class=\"elementor-column elementor-col-50 elementor-top-column elementor-element elementor-element-6b1ee87\" data-id=\"6b1ee87\" data-element_type=\"column\">\n\t\t\t<div class=\"elementor-widget-wrap elementor-element-populated\">\n\t\t\t\t\t\t<section class=\"elementor-section elementor-inner-section elementor-element elementor-element-dd008ef elementor-section-full_width sticky-column elementor-section-height-default elementor-section-height-default\" data-id=\"dd008ef\" data-element_type=\"section\">\n\t\t\t\t\t\t<div class=\"elementor-container elementor-column-gap-default\">\n\t\t\t\t\t<div class=\"elementor-column elementor-col-100 elementor-inner-column elementor-element elementor-element-415fd3d\" data-id=\"415fd3d\" data-element_type=\"column\">\n\t\t\t<div class=\"elementor-widget-wrap elementor-element-populated\">\n\t\t\t\t\t\t<div class=\"elementor-element elementor-element-225dcbd elementor-widget elementor-widget-text-editor\" data-id=\"225dcbd\" data-element_type=\"widget\" data-widget_type=\"text-editor.default\">\n\t\t\t\t<div class=\"elementor-widget-container\">\n\t\t\t\t\t\t\t\t\t<p><a href=\"https:\/\/www.teranka.com\/es\/estancia\">Estancia<\/a> &gt; <a href=\"https:\/\/www.teranka.com\/es\/tierra\">Tierra<\/a>&gt; Junior Suite<\/p>\t\t\t\t\t\t\t\t<\/div>\n\t\t\t\t<\/div>\n\t\t\t\t<div class=\"elementor-element elementor-element-30734b9 elementor-widget elementor-widget-heading\" data-id=\"30734b9\" data-element_type=\"widget\" data-widget_type=\"heading.default\">\n\t\t\t\t<div class=\"elementor-widget-container\">\n\t\t\t\t\t<h1 class=\"elementor-heading-title elementor-size-default\">Junior Suite<\/h1>\t\t\t\t<\/div>\n\t\t\t\t<\/div>\n\t\t\t\t<div class=\"elementor-element elementor-element-e6ba7c2 elementor-widget-divider--view-line_text elementor-widget-divider--element-align-left elementor-widget elementor-widget-divider\" data-id=\"e6ba7c2\" data-element_type=\"widget\" data-widget_type=\"divider.default\">\n\t\t\t\t<div class=\"elementor-widget-container\">\n\t\t\t\t\t\t\t<div class=\"elementor-divider\">\n\t\t\t<span class=\"elementor-divider-separator\">\n\t\t\t\t\t\t\t<h2 class=\"elementor-divider__text elementor-divider__element\">\n\t\t\t\tEn armon\u00eda con los elementos\t\t\t\t<\/h2>\n\t\t\t\t\t\t<\/span>\n\t\t<\/div>\n\t\t\t\t\t\t<\/div>\n\t\t\t\t<\/div>\n\t\t\t\t<div class=\"elementor-element elementor-element-eeec4ac elementor-widget elementor-widget-text-editor\" data-id=\"eeec4ac\" data-element_type=\"widget\" data-widget_type=\"text-editor.default\">\n\t\t\t\t<div class=\"elementor-widget-container\">\n\t\t\t\t\t\t\t\t\t<p><strong>Remarkable rustic yet 35m<sup>2 <\/sup>contemporary suites in tune with nature the elemental rhythm of the island.<\/strong><\/p><p>El ep\u00edtome de la comodidad sin zapatos, estas suites son refugios profundamente privados donde los hu\u00e9spedes pueden restaurarse y revitalizarse, encontrando un sentido de pertenencia entre los pinos, la lavanda y el romero. <\/p>\t\t\t\t\t\t\t\t<\/div>\n\t\t\t\t<\/div>\n\t\t\t\t<div class=\"elementor-element elementor-element-2d4cf8b elementor-widget elementor-widget-button\" data-id=\"2d4cf8b\" data-element_type=\"widget\" data-widget_type=\"button.default\">\n\t\t\t\t<div class=\"elementor-widget-container\">\n\t\t\t\t\t\t\t\t\t<div class=\"elementor-button-wrapper\">\n\t\t\t\t\t<a class=\"elementor-button elementor-button-link elementor-size-sm\" href=\"https:\/\/be.synxis.com\/?chain=22402&#038;hotel=42014&#038;src=24C\">\n\t\t\t\t\t\t<span class=\"elementor-button-content-wrapper\">\n\t\t\t\t\t\t\t\t\t<span class=\"elementor-button-text\">RESERVAR ESTA HABITACI\u00d3N<\/span>\n\t\t\t\t\t<\/span>\n\t\t\t\t\t<\/a>\n\t\t\t\t<\/div>\n\t\t\t\t\t\t\t\t<\/div>\n\t\t\t\t<\/div>\n\t\t\t\t\t<\/div>\n\t\t<\/div>\n\t\t\t\t\t<\/div>\n\t\t<\/section>\n\t\t\t\t\t<\/div>\n\t\t<\/div>\n\t\t\t\t\t<\/div>\n\t\t<\/section>\n\t\t\t\t<\/div>\n\t\t","protected":false},"excerpt":{"rendered":"<p>Estancia &gt; Tierra&gt; Junior Suite Junior Suite En armon\u00eda con los elementos Remarkable rustic yet 35m2 contemporary suites in tune with nature the elemental rhythm of the island. El ep\u00edtome de la comodidad sin zapatos, estas suites son refugios profundamente privados donde los hu\u00e9spedes pueden restaurarse y revitalizarse, encontrando un sentido de pertenencia entre los [&hellip;]<\/p>\n","protected":false},"author":1,"featured_media":0,"parent":3310,"menu_order":0,"comment_status":"closed","ping_status":"closed","template":"","meta":{"_seopress_robots_primary_cat":"","_seopress_titles_title":"Suites R\u00fasticas en Formentera | Teranka Hotel ","_seopress_titles_desc":"Suites r\u00fasticas de 28 m2 en Formentera. Disfruta de la comodidad natural y la gastronom\u00eda entre los pinos, la lavanda y el romero. \u00a1Reserva hoy mismo tu suite!","_seopress_robots_index":"","footnotes":""},"class_list":["post-3374","page","type-page","status-publish"],"_links":{"self":[{"href":"https:\/\/www.teranka.com\/es\/wp-json\/wp\/v2\/pages\/3374","targetHints":{"allow":["GET"]}}],"collection":[{"href":"https:\/\/www.teranka.com\/es\/wp-json\/wp\/v2\/pages"}],"about":[{"href":"https:\/\/www.teranka.com\/es\/wp-json\/wp\/v2\/types\/page"}],"author":[{"embeddable":true,"href":"https:\/\/www.teranka.com\/es\/wp-json\/wp\/v2\/users\/1"}],"replies":[{"embeddable":true,"href":"https:\/\/www.teranka.com\/es\/wp-json\/wp\/v2\/comments?post=3374"}],"version-history":[{"count":38,"href":"https:\/\/www.teranka.com\/es\/wp-json\/wp\/v2\/pages\/3374\/revisions"}],"predecessor-version":[{"id":9261,"href":"https:\/\/www.teranka.com\/es\/wp-json\/wp\/v2\/pages\/3374\/revisions\/9261"}],"up":[{"embeddable":true,"href":"https:\/\/www.teranka.com\/es\/wp-json\/wp\/v2\/pages\/3310"}],"wp:attachment":[{"href":"https:\/\/www.teranka.com\/es\/wp-json\/wp\/v2\/media?parent=3374"}],"curies":[{"name":"wp","href":"https:\/\/api.w.org\/{rel}","templated":true}]}}