{"id":3370,"date":"2023-07-28T08:45:01","date_gmt":"2023-07-28T06:45:01","guid":{"rendered":"https:\/\/www.teranka.com\/cielo\/suite-de-un-dormitorio-en-la-azotea"},"modified":"2024-04-22T16:26:53","modified_gmt":"2024-04-22T14:26:53","slug":"rooftop-suite","status":"publish","type":"page","link":"https:\/\/www.teranka.com\/es\/cielo\/rooftop-suite","title":{"rendered":"Rooftop Suite"},"content":{"rendered":"\t\t<div data-elementor-type=\"wp-page\" data-elementor-id=\"3370\" class=\"elementor elementor-3370 elementor-1656\" data-elementor-post-type=\"page\">\n\t\t\t\t\t\t<section class=\"elementor-section elementor-top-section elementor-element elementor-element-bc9c3a7 elementor-reverse-tablet elementor-reverse-mobile elementor-section-boxed elementor-section-height-default elementor-section-height-default\" data-id=\"bc9c3a7\" data-element_type=\"section\">\n\t\t\t\t\t\t<div class=\"elementor-container elementor-column-gap-default\">\n\t\t\t\t\t<div class=\"elementor-column elementor-col-50 elementor-top-column elementor-element elementor-element-553b050\" data-id=\"553b050\" data-element_type=\"column\">\n\t\t\t<div class=\"elementor-widget-wrap elementor-element-populated\">\n\t\t\t\t\t\t<div class=\"elementor-element elementor-element-9eecfcb elementor-widget elementor-widget-image\" data-id=\"9eecfcb\" data-element_type=\"widget\" data-widget_type=\"image.default\">\n\t\t\t\t<div class=\"elementor-widget-container\">\n\t\t\t\t\t\t\t\t\t\t\t\t\t\t\t<img fetchpriority=\"high\" decoding=\"async\" width=\"1329\" height=\"886\" src=\"https:\/\/www.teranka.com\/wp-content\/uploads\/2023\/07\/cielo_Rooftop-One-Bedroom-Suite1.jpg\" class=\"attachment-full size-full wp-image-3278\" alt=\"\" srcset=\"https:\/\/www.teranka.com\/wp-content\/uploads\/2023\/07\/cielo_Rooftop-One-Bedroom-Suite1.jpg 1329w, https:\/\/www.teranka.com\/wp-content\/uploads\/2023\/07\/cielo_Rooftop-One-Bedroom-Suite1-300x200.jpg 300w, https:\/\/www.teranka.com\/wp-content\/uploads\/2023\/07\/cielo_Rooftop-One-Bedroom-Suite1-1024x683.jpg 1024w, https:\/\/www.teranka.com\/wp-content\/uploads\/2023\/07\/cielo_Rooftop-One-Bedroom-Suite1-768x512.jpg 768w\" sizes=\"(max-width: 1329px) 100vw, 1329px\" \/>\t\t\t\t\t\t\t\t\t\t\t\t\t\t\t<\/div>\n\t\t\t\t<\/div>\n\t\t\t\t<section class=\"elementor-section elementor-inner-section elementor-element elementor-element-1cb9b25 elementor-section-boxed elementor-section-height-default elementor-section-height-default\" data-id=\"1cb9b25\" data-element_type=\"section\">\n\t\t\t\t\t\t<div class=\"elementor-container elementor-column-gap-default\">\n\t\t\t\t\t<div class=\"elementor-column elementor-col-50 elementor-inner-column elementor-element elementor-element-b5ef5f7\" data-id=\"b5ef5f7\" data-element_type=\"column\">\n\t\t\t<div class=\"elementor-widget-wrap elementor-element-populated\">\n\t\t\t\t\t\t<div class=\"elementor-element elementor-element-f70defb elementor-widget elementor-widget-image\" data-id=\"f70defb\" data-element_type=\"widget\" data-widget_type=\"image.default\">\n\t\t\t\t<div class=\"elementor-widget-container\">\n\t\t\t\t\t\t\t\t\t\t\t\t\t\t\t<img decoding=\"async\" width=\"655\" height=\"437\" src=\"https:\/\/www.teranka.com\/wp-content\/uploads\/2023\/07\/cielo_Rooftop-One-Bedroom-Suite0.jpg\" class=\"attachment-large size-large wp-image-3277\" alt=\"\" srcset=\"https:\/\/www.teranka.com\/wp-content\/uploads\/2023\/07\/cielo_Rooftop-One-Bedroom-Suite0.jpg 655w, https:\/\/www.teranka.com\/wp-content\/uploads\/2023\/07\/cielo_Rooftop-One-Bedroom-Suite0-300x200.jpg 300w\" sizes=\"(max-width: 655px) 100vw, 655px\" \/>\t\t\t\t\t\t\t\t\t\t\t\t\t\t\t<\/div>\n\t\t\t\t<\/div>\n\t\t\t\t\t<\/div>\n\t\t<\/div>\n\t\t\t\t<div class=\"elementor-column elementor-col-50 elementor-inner-column elementor-element elementor-element-85e3fc5\" data-id=\"85e3fc5\" data-element_type=\"column\">\n\t\t\t<div class=\"elementor-widget-wrap elementor-element-populated\">\n\t\t\t\t\t\t<div class=\"elementor-element elementor-element-d4606ee elementor-widget elementor-widget-image\" data-id=\"d4606ee\" data-element_type=\"widget\" data-widget_type=\"image.default\">\n\t\t\t\t<div class=\"elementor-widget-container\">\n\t\t\t\t\t\t\t\t\t\t\t\t\t\t\t<img decoding=\"async\" width=\"667\" height=\"445\" src=\"https:\/\/www.teranka.com\/wp-content\/uploads\/2023\/07\/cielo_One-Bedroom-Suite-Terrace3.jpg\" class=\"attachment-large size-large wp-image-3276\" alt=\"\" srcset=\"https:\/\/www.teranka.com\/wp-content\/uploads\/2023\/07\/cielo_One-Bedroom-Suite-Terrace3.jpg 667w, https:\/\/www.teranka.com\/wp-content\/uploads\/2023\/07\/cielo_One-Bedroom-Suite-Terrace3-300x200.jpg 300w\" sizes=\"(max-width: 667px) 100vw, 667px\" \/>\t\t\t\t\t\t\t\t\t\t\t\t\t\t\t<\/div>\n\t\t\t\t<\/div>\n\t\t\t\t\t<\/div>\n\t\t<\/div>\n\t\t\t\t\t<\/div>\n\t\t<\/section>\n\t\t\t\t<div class=\"elementor-element elementor-element-d1c984a elementor-widget elementor-widget-image\" data-id=\"d1c984a\" data-element_type=\"widget\" data-widget_type=\"image.default\">\n\t\t\t\t<div class=\"elementor-widget-container\">\n\t\t\t\t\t\t\t\t\t\t\t\t\t\t\t<img loading=\"lazy\" decoding=\"async\" width=\"1327\" height=\"885\" src=\"https:\/\/www.teranka.com\/wp-content\/uploads\/2023\/07\/cielo_Rooftop-One-Bedroom-Suite2.jpg\" class=\"attachment-full size-full wp-image-3279\" alt=\"\" srcset=\"https:\/\/www.teranka.com\/wp-content\/uploads\/2023\/07\/cielo_Rooftop-One-Bedroom-Suite2.jpg 1327w, https:\/\/www.teranka.com\/wp-content\/uploads\/2023\/07\/cielo_Rooftop-One-Bedroom-Suite2-300x200.jpg 300w, https:\/\/www.teranka.com\/wp-content\/uploads\/2023\/07\/cielo_Rooftop-One-Bedroom-Suite2-1024x683.jpg 1024w, https:\/\/www.teranka.com\/wp-content\/uploads\/2023\/07\/cielo_Rooftop-One-Bedroom-Suite2-768x512.jpg 768w\" sizes=\"(max-width: 1327px) 100vw, 1327px\" \/>\t\t\t\t\t\t\t\t\t\t\t\t\t\t\t<\/div>\n\t\t\t\t<\/div>\n\t\t\t\t\t<\/div>\n\t\t<\/div>\n\t\t\t\t<div class=\"elementor-column elementor-col-50 elementor-top-column elementor-element elementor-element-6b1ee87\" data-id=\"6b1ee87\" data-element_type=\"column\">\n\t\t\t<div class=\"elementor-widget-wrap elementor-element-populated\">\n\t\t\t\t\t\t<section class=\"elementor-section elementor-inner-section elementor-element elementor-element-dd008ef elementor-section-full_width sticky-column elementor-section-height-default elementor-section-height-default\" data-id=\"dd008ef\" data-element_type=\"section\">\n\t\t\t\t\t\t<div class=\"elementor-container elementor-column-gap-default\">\n\t\t\t\t\t<div class=\"elementor-column elementor-col-100 elementor-inner-column elementor-element elementor-element-415fd3d\" data-id=\"415fd3d\" data-element_type=\"column\">\n\t\t\t<div class=\"elementor-widget-wrap elementor-element-populated\">\n\t\t\t\t\t\t<div class=\"elementor-element elementor-element-225dcbd elementor-widget elementor-widget-text-editor\" data-id=\"225dcbd\" data-element_type=\"widget\" data-widget_type=\"text-editor.default\">\n\t\t\t\t<div class=\"elementor-widget-container\">\n\t\t\t\t\t\t\t\t\t<p><a href=\"https:\/\/www.teranka.com\/es\/estancia\">Estancia<\/a> &gt; <a href=\"https:\/\/www.teranka.com\/es\/estancia\/cielo\">Cielo<\/a> &gt; Rooftop Suite<\/p>\t\t\t\t\t\t\t\t<\/div>\n\t\t\t\t<\/div>\n\t\t\t\t<div class=\"elementor-element elementor-element-30734b9 elementor-widget elementor-widget-heading\" data-id=\"30734b9\" data-element_type=\"widget\" data-widget_type=\"heading.default\">\n\t\t\t\t<div class=\"elementor-widget-container\">\n\t\t\t\t\t<h1 class=\"elementor-heading-title elementor-size-default\">rooftop suite<\/h1>\t\t\t\t<\/div>\n\t\t\t\t<\/div>\n\t\t\t\t<div class=\"elementor-element elementor-element-e6ba7c2 elementor-widget-divider--view-line_text elementor-widget-divider--element-align-left elementor-widget elementor-widget-divider\" data-id=\"e6ba7c2\" data-element_type=\"widget\" data-widget_type=\"divider.default\">\n\t\t\t\t<div class=\"elementor-widget-container\">\n\t\t\t\t\t\t\t<div class=\"elementor-divider\">\n\t\t\t<span class=\"elementor-divider-separator\">\n\t\t\t\t\t\t\t<h2 class=\"elementor-divider__text elementor-divider__element\">\n\t\t\t\tLa azotea panor\u00e1mica\t\t\t\t<\/h2>\n\t\t\t\t\t\t<\/span>\n\t\t<\/div>\n\t\t\t\t\t\t<\/div>\n\t\t\t\t<\/div>\n\t\t\t\t<div class=\"elementor-element elementor-element-eeec4ac elementor-widget elementor-widget-text-editor\" data-id=\"eeec4ac\" data-element_type=\"widget\" data-widget_type=\"text-editor.default\">\n\t\t\t\t<div class=\"elementor-widget-container\">\n\t\t\t\t\t\t\t\t\t<p><strong>Tres magn\u00edficas suites de 35 m<sup>2<\/sup> , cada una con su propia terraza privada y una amplia azotea adicional donde los hu\u00e9spedes pueden retirarse profundamente en los elementos naturales de la isla.<\/strong><\/p><p>Estos espacios elegantes, r\u00fasticos y descalzos son los \u00faltimos capullos contempor\u00e1neos, permitiendo a los hu\u00e9spedes que el espacio resuene profundamente con el ritmo de la isla. Las interminables vistas al mar desde las dos terrazas informan los espacios elementales, mientras que las \u00e1reas separadas de estar, cocina y dormitorio fomentan una sensaci\u00f3n de facilidad atemporal. Estas suites tienen capacidad para un m\u00e1ximo de dos adultos.<\/p>\t\t\t\t\t\t\t\t<\/div>\n\t\t\t\t<\/div>\n\t\t\t\t<div class=\"elementor-element elementor-element-2d4cf8b elementor-widget elementor-widget-button\" data-id=\"2d4cf8b\" data-element_type=\"widget\" data-widget_type=\"button.default\">\n\t\t\t\t<div class=\"elementor-widget-container\">\n\t\t\t\t\t\t\t\t\t<div class=\"elementor-button-wrapper\">\n\t\t\t\t\t<a class=\"elementor-button elementor-button-link elementor-size-sm\" href=\"https:\/\/be.synxis.com\/?chain=22402&#038;hotel=42014&#038;src=24C\">\n\t\t\t\t\t\t<span class=\"elementor-button-content-wrapper\">\n\t\t\t\t\t\t\t\t\t<span class=\"elementor-button-text\">RESERVAR ESTA HABITACI\u00d3N<\/span>\n\t\t\t\t\t<\/span>\n\t\t\t\t\t<\/a>\n\t\t\t\t<\/div>\n\t\t\t\t\t\t\t\t<\/div>\n\t\t\t\t<\/div>\n\t\t\t\t\t<\/div>\n\t\t<\/div>\n\t\t\t\t\t<\/div>\n\t\t<\/section>\n\t\t\t\t\t<\/div>\n\t\t<\/div>\n\t\t\t\t\t<\/div>\n\t\t<\/section>\n\t\t\t\t<\/div>\n\t\t","protected":false},"excerpt":{"rendered":"<p>Estancia &gt; Cielo &gt; Rooftop Suite rooftop suite La azotea panor\u00e1mica Tres magn\u00edficas suites de 35 m2 , cada una con su propia terraza privada y una amplia azotea adicional donde los hu\u00e9spedes pueden retirarse profundamente en los elementos naturales de la isla. Estos espacios elegantes, r\u00fasticos y descalzos son los \u00faltimos capullos contempor\u00e1neos, permitiendo [&hellip;]<\/p>\n","protected":false},"author":1,"featured_media":0,"parent":3316,"menu_order":0,"comment_status":"closed","ping_status":"closed","template":"","meta":{"_seopress_robots_primary_cat":"","_seopress_titles_title":"Suites con Terrazas Privadas en Formentera | Teranka Hotel","_seopress_titles_desc":"Tres suites contempor\u00e1neas y r\u00fasticas en Teranka Formentera, con terrazas privadas y vistas al mar. Un refugio para conectar con la naturaleza de la isla.","_seopress_robots_index":"","footnotes":""},"class_list":["post-3370","page","type-page","status-publish"],"_links":{"self":[{"href":"https:\/\/www.teranka.com\/es\/wp-json\/wp\/v2\/pages\/3370","targetHints":{"allow":["GET"]}}],"collection":[{"href":"https:\/\/www.teranka.com\/es\/wp-json\/wp\/v2\/pages"}],"about":[{"href":"https:\/\/www.teranka.com\/es\/wp-json\/wp\/v2\/types\/page"}],"author":[{"embeddable":true,"href":"https:\/\/www.teranka.com\/es\/wp-json\/wp\/v2\/users\/1"}],"replies":[{"embeddable":true,"href":"https:\/\/www.teranka.com\/es\/wp-json\/wp\/v2\/comments?post=3370"}],"version-history":[{"count":26,"href":"https:\/\/www.teranka.com\/es\/wp-json\/wp\/v2\/pages\/3370\/revisions"}],"predecessor-version":[{"id":6347,"href":"https:\/\/www.teranka.com\/es\/wp-json\/wp\/v2\/pages\/3370\/revisions\/6347"}],"up":[{"embeddable":true,"href":"https:\/\/www.teranka.com\/es\/wp-json\/wp\/v2\/pages\/3316"}],"wp:attachment":[{"href":"https:\/\/www.teranka.com\/es\/wp-json\/wp\/v2\/media?parent=3370"}],"curies":[{"name":"wp","href":"https:\/\/api.w.org\/{rel}","templated":true}]}}