{"id":3359,"date":"2023-07-28T07:19:40","date_gmt":"2023-07-28T05:19:40","guid":{"rendered":"https:\/\/www.teranka.com\/estropear\/habitacion-doble-vista-mar"},"modified":"2024-04-22T14:20:58","modified_gmt":"2024-04-22T12:20:58","slug":"habitacion-doble-vista-mar","status":"publish","type":"page","link":"https:\/\/www.teranka.com\/es\/mar\/habitacion-doble-vista-mar","title":{"rendered":"Doble con Vistas al Mar"},"content":{"rendered":"\t\t<div data-elementor-type=\"wp-page\" data-elementor-id=\"3359\" class=\"elementor elementor-3359 elementor-1559\" data-elementor-post-type=\"page\">\n\t\t\t\t\t\t<section class=\"elementor-section elementor-top-section elementor-element elementor-element-bc9c3a7 elementor-reverse-tablet elementor-reverse-mobile elementor-section-boxed elementor-section-height-default elementor-section-height-default\" data-id=\"bc9c3a7\" data-element_type=\"section\">\n\t\t\t\t\t\t<div class=\"elementor-container elementor-column-gap-default\">\n\t\t\t\t\t<div class=\"elementor-column elementor-col-50 elementor-top-column elementor-element elementor-element-553b050\" data-id=\"553b050\" data-element_type=\"column\">\n\t\t\t<div class=\"elementor-widget-wrap elementor-element-populated\">\n\t\t\t\t\t\t<div class=\"elementor-element elementor-element-9eecfcb elementor-widget elementor-widget-image\" data-id=\"9eecfcb\" data-element_type=\"widget\" data-widget_type=\"image.default\">\n\t\t\t\t<div class=\"elementor-widget-container\">\n\t\t\t\t\t\t\t\t\t\t\t\t\t\t\t<img fetchpriority=\"high\" decoding=\"async\" width=\"1360\" height=\"907\" src=\"https:\/\/www.teranka.com\/wp-content\/uploads\/2023\/07\/mar_double_sea_view0.jpg\" class=\"attachment-full size-full wp-image-3254\" alt=\"\" srcset=\"https:\/\/www.teranka.com\/wp-content\/uploads\/2023\/07\/mar_double_sea_view0.jpg 1360w, https:\/\/www.teranka.com\/wp-content\/uploads\/2023\/07\/mar_double_sea_view0-300x200.jpg 300w, https:\/\/www.teranka.com\/wp-content\/uploads\/2023\/07\/mar_double_sea_view0-1024x683.jpg 1024w, https:\/\/www.teranka.com\/wp-content\/uploads\/2023\/07\/mar_double_sea_view0-768x512.jpg 768w\" sizes=\"(max-width: 1360px) 100vw, 1360px\" \/>\t\t\t\t\t\t\t\t\t\t\t\t\t\t\t<\/div>\n\t\t\t\t<\/div>\n\t\t\t\t<section class=\"elementor-section elementor-inner-section elementor-element elementor-element-1cb9b25 elementor-section-boxed elementor-section-height-default elementor-section-height-default\" data-id=\"1cb9b25\" data-element_type=\"section\">\n\t\t\t\t\t\t<div class=\"elementor-container elementor-column-gap-default\">\n\t\t\t\t\t<div class=\"elementor-column elementor-col-50 elementor-inner-column elementor-element elementor-element-b5ef5f7\" data-id=\"b5ef5f7\" data-element_type=\"column\">\n\t\t\t<div class=\"elementor-widget-wrap elementor-element-populated\">\n\t\t\t\t\t\t<div class=\"elementor-element elementor-element-f70defb elementor-widget elementor-widget-image\" data-id=\"f70defb\" data-element_type=\"widget\" data-widget_type=\"image.default\">\n\t\t\t\t<div class=\"elementor-widget-container\">\n\t\t\t\t\t\t\t\t\t\t\t\t\t\t\t<img decoding=\"async\" width=\"757\" height=\"505\" src=\"https:\/\/www.teranka.com\/wp-content\/uploads\/2023\/07\/TERANKA_FORMENTERA_JUN_23_2389_LOW.jpg\" class=\"attachment-large size-large wp-image-3188\" alt=\"\" srcset=\"https:\/\/www.teranka.com\/wp-content\/uploads\/2023\/07\/TERANKA_FORMENTERA_JUN_23_2389_LOW.jpg 757w, https:\/\/www.teranka.com\/wp-content\/uploads\/2023\/07\/TERANKA_FORMENTERA_JUN_23_2389_LOW-300x200.jpg 300w\" sizes=\"(max-width: 757px) 100vw, 757px\" \/>\t\t\t\t\t\t\t\t\t\t\t\t\t\t\t<\/div>\n\t\t\t\t<\/div>\n\t\t\t\t\t<\/div>\n\t\t<\/div>\n\t\t\t\t<div class=\"elementor-column elementor-col-50 elementor-inner-column elementor-element elementor-element-85e3fc5\" data-id=\"85e3fc5\" data-element_type=\"column\">\n\t\t\t<div class=\"elementor-widget-wrap elementor-element-populated\">\n\t\t\t\t\t\t<div class=\"elementor-element elementor-element-d4606ee elementor-widget elementor-widget-image\" data-id=\"d4606ee\" data-element_type=\"widget\" data-widget_type=\"image.default\">\n\t\t\t\t<div class=\"elementor-widget-container\">\n\t\t\t\t\t\t\t\t\t\t\t\t\t\t\t<img decoding=\"async\" width=\"670\" height=\"447\" src=\"https:\/\/www.teranka.com\/wp-content\/uploads\/2023\/07\/mar_double_sea_view3.jpg\" class=\"attachment-large size-large wp-image-3257\" alt=\"\" srcset=\"https:\/\/www.teranka.com\/wp-content\/uploads\/2023\/07\/mar_double_sea_view3.jpg 670w, https:\/\/www.teranka.com\/wp-content\/uploads\/2023\/07\/mar_double_sea_view3-300x200.jpg 300w\" sizes=\"(max-width: 670px) 100vw, 670px\" \/>\t\t\t\t\t\t\t\t\t\t\t\t\t\t\t<\/div>\n\t\t\t\t<\/div>\n\t\t\t\t\t<\/div>\n\t\t<\/div>\n\t\t\t\t\t<\/div>\n\t\t<\/section>\n\t\t\t\t<div class=\"elementor-element elementor-element-3024713 elementor-widget elementor-widget-image\" data-id=\"3024713\" data-element_type=\"widget\" data-widget_type=\"image.default\">\n\t\t\t\t<div class=\"elementor-widget-container\">\n\t\t\t\t\t\t\t\t\t\t\t\t\t\t\t<img loading=\"lazy\" decoding=\"async\" width=\"1358\" height=\"906\" src=\"https:\/\/www.teranka.com\/wp-content\/uploads\/2023\/07\/mar_double_sea_view2.jpg\" class=\"attachment-full size-full wp-image-3256\" alt=\"\" srcset=\"https:\/\/www.teranka.com\/wp-content\/uploads\/2023\/07\/mar_double_sea_view2.jpg 1358w, https:\/\/www.teranka.com\/wp-content\/uploads\/2023\/07\/mar_double_sea_view2-300x200.jpg 300w, https:\/\/www.teranka.com\/wp-content\/uploads\/2023\/07\/mar_double_sea_view2-1024x683.jpg 1024w, https:\/\/www.teranka.com\/wp-content\/uploads\/2023\/07\/mar_double_sea_view2-768x512.jpg 768w\" sizes=\"(max-width: 1358px) 100vw, 1358px\" \/>\t\t\t\t\t\t\t\t\t\t\t\t\t\t\t<\/div>\n\t\t\t\t<\/div>\n\t\t\t\t\t<\/div>\n\t\t<\/div>\n\t\t\t\t<div class=\"elementor-column elementor-col-50 elementor-top-column elementor-element elementor-element-6b1ee87\" data-id=\"6b1ee87\" data-element_type=\"column\">\n\t\t\t<div class=\"elementor-widget-wrap elementor-element-populated\">\n\t\t\t\t\t\t<section class=\"elementor-section elementor-inner-section elementor-element elementor-element-dd008ef elementor-section-full_width sticky-column elementor-section-height-default elementor-section-height-default\" data-id=\"dd008ef\" data-element_type=\"section\">\n\t\t\t\t\t\t<div class=\"elementor-container elementor-column-gap-default\">\n\t\t\t\t\t<div class=\"elementor-column elementor-col-100 elementor-inner-column elementor-element elementor-element-415fd3d\" data-id=\"415fd3d\" data-element_type=\"column\">\n\t\t\t<div class=\"elementor-widget-wrap elementor-element-populated\">\n\t\t\t\t\t\t<div class=\"elementor-element elementor-element-225dcbd elementor-widget elementor-widget-text-editor\" data-id=\"225dcbd\" data-element_type=\"widget\" data-widget_type=\"text-editor.default\">\n\t\t\t\t<div class=\"elementor-widget-container\">\n\t\t\t\t\t\t\t\t\t<p><a href=\"https:\/\/www.teranka.com\/es\/quedar\">Estancia<\/a> &gt; <a href=\"https:\/\/www.teranka.com\/stay\/mar\">Mar<\/a> &gt; Doble con Vistas al Mar<\/p>\n\t\t\t\t\t\t\t\t<\/div>\n\t\t\t\t<\/div>\n\t\t\t\t<div class=\"elementor-element elementor-element-30734b9 elementor-widget elementor-widget-heading\" data-id=\"30734b9\" data-element_type=\"widget\" data-widget_type=\"heading.default\">\n\t\t\t\t<div class=\"elementor-widget-container\">\n\t\t\t\t\t<h1 class=\"elementor-heading-title elementor-size-default\">Doble con Vistas al Mar<\/h1>\t\t\t\t<\/div>\n\t\t\t\t<\/div>\n\t\t\t\t<div class=\"elementor-element elementor-element-e6ba7c2 elementor-widget-divider--view-line_text elementor-widget-divider--element-align-left elementor-widget elementor-widget-divider\" data-id=\"e6ba7c2\" data-element_type=\"widget\" data-widget_type=\"divider.default\">\n\t\t\t\t<div class=\"elementor-widget-container\">\n\t\t\t\t\t\t\t<div class=\"elementor-divider\">\n\t\t\t<span class=\"elementor-divider-separator\">\n\t\t\t\t\t\t\t<h2 class=\"elementor-divider__text elementor-divider__element\">\n\t\t\t\tLos santuarios con vistas al mar\t\t\t\t<\/h2>\n\t\t\t\t\t\t<\/span>\n\t\t<\/div>\n\t\t\t\t\t\t<\/div>\n\t\t\t\t<\/div>\n\t\t\t\t<div class=\"elementor-element elementor-element-eeec4ac elementor-widget elementor-widget-text-editor\" data-id=\"eeec4ac\" data-element_type=\"widget\" data-widget_type=\"text-editor.default\">\n\t\t\t\t<div class=\"elementor-widget-container\">\n\t\t\t\t\t\t\t\t\t<p><strong>Amplias habitaciones de 21m<sup>2<\/sup> con balcones privados con vistas al pinar de Formentera con vistas parciales al Mediterr\u00e1neo.<\/strong><\/p>\n<p>Cada habitaci\u00f3n luminosa est\u00e1 seleccionada con arte, antig\u00fcedades y objetos notables que reflejan la diversa naturaleza de la isla. Las vistas a trav\u00e9s del dosel de pinos hacia las infinitas aguas azules crean una armon\u00eda infinita. Los detalles terrosos y texturales provienen de maderas naturales, rat\u00e1n y lino, compensados por tonos sutilmente contempor\u00e1neos que mejoran el espacio relajante. Los suntuosos ba\u00f1os incluyen duchas de lluvia a ras de suelo, ba\u00f1eras para relajarse y amenidades de ba\u00f1o Spicy Thyme de The Botanist &amp; The Chemist.<\/p>\n\t\t\t\t\t\t\t\t<\/div>\n\t\t\t\t<\/div>\n\t\t\t\t<div class=\"elementor-element elementor-element-2d4cf8b elementor-widget elementor-widget-button\" data-id=\"2d4cf8b\" data-element_type=\"widget\" data-widget_type=\"button.default\">\n\t\t\t\t<div class=\"elementor-widget-container\">\n\t\t\t\t\t\t\t\t\t<div class=\"elementor-button-wrapper\">\n\t\t\t\t\t<a class=\"elementor-button elementor-button-link elementor-size-sm\" href=\"https:\/\/be.synxis.com\/?chain=22402&#038;hotel=42014&#038;src=24C\">\n\t\t\t\t\t\t<span class=\"elementor-button-content-wrapper\">\n\t\t\t\t\t\t\t\t\t<span class=\"elementor-button-text\">RESERVAR ESTA HABITACI\u00d3N<\/span>\n\t\t\t\t\t<\/span>\n\t\t\t\t\t<\/a>\n\t\t\t\t<\/div>\n\t\t\t\t\t\t\t\t<\/div>\n\t\t\t\t<\/div>\n\t\t\t\t\t<\/div>\n\t\t<\/div>\n\t\t\t\t\t<\/div>\n\t\t<\/section>\n\t\t\t\t\t<\/div>\n\t\t<\/div>\n\t\t\t\t\t<\/div>\n\t\t<\/section>\n\t\t\t\t<\/div>\n\t\t","protected":false},"excerpt":{"rendered":"<p>Estancia &gt; Mar &gt; Doble con Vistas al Mar Doble con Vistas al Mar Los santuarios con vistas al mar Amplias habitaciones de 21m2 con balcones privados con vistas al pinar de Formentera con vistas parciales al Mediterr\u00e1neo. Cada habitaci\u00f3n luminosa est\u00e1 seleccionada con arte, antig\u00fcedades y objetos notables que reflejan la diversa naturaleza de [&hellip;]<\/p>\n","protected":false},"author":1,"featured_media":0,"parent":3319,"menu_order":0,"comment_status":"closed","ping_status":"closed","template":"","meta":{"_seopress_robots_primary_cat":"","_seopress_titles_title":"Habitaciones con Vistas al Pinar en Formentera | Arte y Naturaleza","_seopress_titles_desc":"Sum\u00e9rgete en la belleza de Formentera desde nuestras habitaciones de 21m2 con balcones privados y vistas al pinar. Lujo y naturaleza se unen para crear una experiencia \u00fanica.","_seopress_robots_index":"","footnotes":""},"class_list":["post-3359","page","type-page","status-publish"],"_links":{"self":[{"href":"https:\/\/www.teranka.com\/es\/wp-json\/wp\/v2\/pages\/3359","targetHints":{"allow":["GET"]}}],"collection":[{"href":"https:\/\/www.teranka.com\/es\/wp-json\/wp\/v2\/pages"}],"about":[{"href":"https:\/\/www.teranka.com\/es\/wp-json\/wp\/v2\/types\/page"}],"author":[{"embeddable":true,"href":"https:\/\/www.teranka.com\/es\/wp-json\/wp\/v2\/users\/1"}],"replies":[{"embeddable":true,"href":"https:\/\/www.teranka.com\/es\/wp-json\/wp\/v2\/comments?post=3359"}],"version-history":[{"count":21,"href":"https:\/\/www.teranka.com\/es\/wp-json\/wp\/v2\/pages\/3359\/revisions"}],"predecessor-version":[{"id":5002,"href":"https:\/\/www.teranka.com\/es\/wp-json\/wp\/v2\/pages\/3359\/revisions\/5002"}],"up":[{"embeddable":true,"href":"https:\/\/www.teranka.com\/es\/wp-json\/wp\/v2\/pages\/3319"}],"wp:attachment":[{"href":"https:\/\/www.teranka.com\/es\/wp-json\/wp\/v2\/media?parent=3359"}],"curies":[{"name":"wp","href":"https:\/\/api.w.org\/{rel}","templated":true}]}}