{"id":3357,"date":"2023-07-28T07:36:23","date_gmt":"2023-07-28T05:36:23","guid":{"rendered":"https:\/\/www.teranka.com\/estropear\/doble-vista-mar-frontal"},"modified":"2026-01-21T17:35:22","modified_gmt":"2026-01-21T15:35:22","slug":"habitacion-deluxe-con-vistas-al-mar","status":"publish","type":"page","link":"https:\/\/www.teranka.com\/es\/mar\/habitacion-deluxe-con-vistas-al-mar","title":{"rendered":"Habitaci\u00f3n Deluxe con vistas al mar"},"content":{"rendered":"\t\t<div data-elementor-type=\"wp-page\" data-elementor-id=\"3357\" class=\"elementor elementor-3357 elementor-1589\" data-elementor-post-type=\"page\">\n\t\t\t\t\t\t<section class=\"elementor-section elementor-top-section elementor-element elementor-element-bc9c3a7 elementor-reverse-tablet elementor-reverse-mobile elementor-section-boxed elementor-section-height-default elementor-section-height-default\" data-id=\"bc9c3a7\" data-element_type=\"section\">\n\t\t\t\t\t\t<div class=\"elementor-container elementor-column-gap-default\">\n\t\t\t\t\t<div class=\"elementor-column elementor-col-50 elementor-top-column elementor-element elementor-element-553b050\" data-id=\"553b050\" data-element_type=\"column\">\n\t\t\t<div class=\"elementor-widget-wrap elementor-element-populated\">\n\t\t\t\t\t\t<div class=\"elementor-element elementor-element-9eecfcb elementor-widget elementor-widget-image\" data-id=\"9eecfcb\" data-element_type=\"widget\" data-widget_type=\"image.default\">\n\t\t\t\t<div class=\"elementor-widget-container\">\n\t\t\t\t\t\t\t\t\t\t\t\t\t\t\t<img fetchpriority=\"high\" decoding=\"async\" width=\"1327\" height=\"885\" src=\"https:\/\/www.teranka.com\/wp-content\/uploads\/2023\/07\/mar_Double-Front-Sea-View1.jpg\" class=\"attachment-full size-full wp-image-3251\" alt=\"\" srcset=\"https:\/\/www.teranka.com\/wp-content\/uploads\/2023\/07\/mar_Double-Front-Sea-View1.jpg 1327w, https:\/\/www.teranka.com\/wp-content\/uploads\/2023\/07\/mar_Double-Front-Sea-View1-300x200.jpg 300w, https:\/\/www.teranka.com\/wp-content\/uploads\/2023\/07\/mar_Double-Front-Sea-View1-1024x683.jpg 1024w, https:\/\/www.teranka.com\/wp-content\/uploads\/2023\/07\/mar_Double-Front-Sea-View1-768x512.jpg 768w\" sizes=\"(max-width: 1327px) 100vw, 1327px\" \/>\t\t\t\t\t\t\t\t\t\t\t\t\t\t\t<\/div>\n\t\t\t\t<\/div>\n\t\t\t\t<section class=\"elementor-section elementor-inner-section elementor-element elementor-element-1cb9b25 elementor-section-boxed elementor-section-height-default elementor-section-height-default\" data-id=\"1cb9b25\" data-element_type=\"section\">\n\t\t\t\t\t\t<div class=\"elementor-container elementor-column-gap-default\">\n\t\t\t\t\t<div class=\"elementor-column elementor-col-50 elementor-inner-column elementor-element elementor-element-b5ef5f7\" data-id=\"b5ef5f7\" data-element_type=\"column\">\n\t\t\t<div class=\"elementor-widget-wrap elementor-element-populated\">\n\t\t\t\t\t\t<div class=\"elementor-element elementor-element-f70defb elementor-widget elementor-widget-image\" data-id=\"f70defb\" data-element_type=\"widget\" data-widget_type=\"image.default\">\n\t\t\t\t<div class=\"elementor-widget-container\">\n\t\t\t\t\t\t\t\t\t\t\t\t\t\t\t<img decoding=\"async\" width=\"654\" height=\"436\" src=\"https:\/\/www.teranka.com\/wp-content\/uploads\/2023\/07\/mar_Double-Front-Sea-View2.jpg\" class=\"attachment-large size-large wp-image-3252\" alt=\"\" srcset=\"https:\/\/www.teranka.com\/wp-content\/uploads\/2023\/07\/mar_Double-Front-Sea-View2.jpg 654w, https:\/\/www.teranka.com\/wp-content\/uploads\/2023\/07\/mar_Double-Front-Sea-View2-300x200.jpg 300w\" sizes=\"(max-width: 654px) 100vw, 654px\" \/>\t\t\t\t\t\t\t\t\t\t\t\t\t\t\t<\/div>\n\t\t\t\t<\/div>\n\t\t\t\t\t<\/div>\n\t\t<\/div>\n\t\t\t\t<div class=\"elementor-column elementor-col-50 elementor-inner-column elementor-element elementor-element-85e3fc5\" data-id=\"85e3fc5\" data-element_type=\"column\">\n\t\t\t<div class=\"elementor-widget-wrap elementor-element-populated\">\n\t\t\t\t\t\t<div class=\"elementor-element elementor-element-d4606ee elementor-widget elementor-widget-image\" data-id=\"d4606ee\" data-element_type=\"widget\" data-widget_type=\"image.default\">\n\t\t\t\t<div class=\"elementor-widget-container\">\n\t\t\t\t\t\t\t\t\t\t\t\t\t\t\t<img decoding=\"async\" width=\"654\" height=\"436\" src=\"https:\/\/www.teranka.com\/wp-content\/uploads\/2023\/07\/mar_Double-Front-Sea-View0.jpg\" class=\"attachment-large size-large wp-image-3250\" alt=\"\" srcset=\"https:\/\/www.teranka.com\/wp-content\/uploads\/2023\/07\/mar_Double-Front-Sea-View0.jpg 654w, https:\/\/www.teranka.com\/wp-content\/uploads\/2023\/07\/mar_Double-Front-Sea-View0-300x200.jpg 300w\" sizes=\"(max-width: 654px) 100vw, 654px\" \/>\t\t\t\t\t\t\t\t\t\t\t\t\t\t\t<\/div>\n\t\t\t\t<\/div>\n\t\t\t\t\t<\/div>\n\t\t<\/div>\n\t\t\t\t\t<\/div>\n\t\t<\/section>\n\t\t\t\t<div class=\"elementor-element elementor-element-3024713 elementor-widget elementor-widget-image\" data-id=\"3024713\" data-element_type=\"widget\" data-widget_type=\"image.default\">\n\t\t\t\t<div class=\"elementor-widget-container\">\n\t\t\t\t\t\t\t\t\t\t\t\t\t\t\t<img loading=\"lazy\" decoding=\"async\" width=\"1325\" height=\"884\" src=\"https:\/\/www.teranka.com\/wp-content\/uploads\/2023\/07\/mar_Double-Front-Sea-View3.jpg\" class=\"attachment-full size-full wp-image-3253\" alt=\"\" srcset=\"https:\/\/www.teranka.com\/wp-content\/uploads\/2023\/07\/mar_Double-Front-Sea-View3.jpg 1325w, https:\/\/www.teranka.com\/wp-content\/uploads\/2023\/07\/mar_Double-Front-Sea-View3-300x200.jpg 300w, https:\/\/www.teranka.com\/wp-content\/uploads\/2023\/07\/mar_Double-Front-Sea-View3-1024x683.jpg 1024w, https:\/\/www.teranka.com\/wp-content\/uploads\/2023\/07\/mar_Double-Front-Sea-View3-768x512.jpg 768w\" sizes=\"(max-width: 1325px) 100vw, 1325px\" \/>\t\t\t\t\t\t\t\t\t\t\t\t\t\t\t<\/div>\n\t\t\t\t<\/div>\n\t\t\t\t\t<\/div>\n\t\t<\/div>\n\t\t\t\t<div class=\"elementor-column elementor-col-50 elementor-top-column elementor-element elementor-element-6b1ee87\" data-id=\"6b1ee87\" data-element_type=\"column\">\n\t\t\t<div class=\"elementor-widget-wrap elementor-element-populated\">\n\t\t\t\t\t\t<section class=\"elementor-section elementor-inner-section elementor-element elementor-element-dd008ef elementor-section-full_width sticky-column elementor-section-height-default elementor-section-height-default\" data-id=\"dd008ef\" data-element_type=\"section\">\n\t\t\t\t\t\t<div class=\"elementor-container elementor-column-gap-default\">\n\t\t\t\t\t<div class=\"elementor-column elementor-col-100 elementor-inner-column elementor-element elementor-element-415fd3d\" data-id=\"415fd3d\" data-element_type=\"column\">\n\t\t\t<div class=\"elementor-widget-wrap elementor-element-populated\">\n\t\t\t\t\t\t<div class=\"elementor-element elementor-element-225dcbd elementor-widget elementor-widget-text-editor\" data-id=\"225dcbd\" data-element_type=\"widget\" data-widget_type=\"text-editor.default\">\n\t\t\t\t<div class=\"elementor-widget-container\">\n\t\t\t\t\t\t\t\t\t<p><a href=\"https:\/\/www.teranka.com\/es\/estancia\">Estancia<\/a> &gt; <a href=\"https:\/\/www.teranka.com\/es\/estancia\/mar\">Mar<\/a> &gt; Habitaci\u00f3n Deluxe con vista al mar<\/p>\t\t\t\t\t\t\t\t<\/div>\n\t\t\t\t<\/div>\n\t\t\t\t<div class=\"elementor-element elementor-element-30734b9 elementor-widget elementor-widget-heading\" data-id=\"30734b9\" data-element_type=\"widget\" data-widget_type=\"heading.default\">\n\t\t\t\t<div class=\"elementor-widget-container\">\n\t\t\t\t\t<h1 class=\"elementor-heading-title elementor-size-default\">habitaci\u00f3n deluxe con vista al mar<\/h1>\t\t\t\t<\/div>\n\t\t\t\t<\/div>\n\t\t\t\t<div class=\"elementor-element elementor-element-e6ba7c2 elementor-widget-divider--view-line_text elementor-widget-divider--element-align-left elementor-widget elementor-widget-divider\" data-id=\"e6ba7c2\" data-element_type=\"widget\" data-widget_type=\"divider.default\">\n\t\t\t\t<div class=\"elementor-widget-container\">\n\t\t\t\t\t\t\t<div class=\"elementor-divider\">\n\t\t\t<span class=\"elementor-divider-separator\">\n\t\t\t\t\t\t\t<h2 class=\"elementor-divider__text elementor-divider__element\">\n\t\t\t\tLas vistas infinitas\t\t\t\t<\/h2>\n\t\t\t\t\t\t<\/span>\n\t\t<\/div>\n\t\t\t\t\t\t<\/div>\n\t\t\t\t<\/div>\n\t\t\t\t<div class=\"elementor-element elementor-element-eeec4ac elementor-widget elementor-widget-text-editor\" data-id=\"eeec4ac\" data-element_type=\"widget\" data-widget_type=\"text-editor.default\">\n\t\t\t\t<div class=\"elementor-widget-container\">\n\t\t\t\t\t\t\t\t\t<p><strong>Estos seis elegantes refugios de 25m<sup>2<\/sup> capturan la extraordinaria energ\u00eda de las vistas al mar y las puestas de sol de Formentera.<\/strong><\/p><p>Con balcones privados amueblados y vistas infinitas al Mediterr\u00e1neo, estas suites aprovechan la magia de la naturaleza elemental de Formentera. Los detalles terrosos y texturales provienen de maderas naturales, rat\u00e1n y lino, compensados por tonos sutilmente contempor\u00e1neos que mejoran el espacio relajante. Los suntuosos ba\u00f1os incluyen duchas de lluvia a ras de suelo, ba\u00f1eras para relajarse y amenidades de ba\u00f1o Le Labo Santal33.<\/p>\t\t\t\t\t\t\t\t<\/div>\n\t\t\t\t<\/div>\n\t\t\t\t<div class=\"elementor-element elementor-element-2d4cf8b elementor-widget elementor-widget-button\" data-id=\"2d4cf8b\" data-element_type=\"widget\" data-widget_type=\"button.default\">\n\t\t\t\t<div class=\"elementor-widget-container\">\n\t\t\t\t\t\t\t\t\t<div class=\"elementor-button-wrapper\">\n\t\t\t\t\t<a class=\"elementor-button elementor-button-link elementor-size-sm\" href=\"https:\/\/be.synxis.com\/?chain=22402&#038;hotel=42014&#038;src=24C\">\n\t\t\t\t\t\t<span class=\"elementor-button-content-wrapper\">\n\t\t\t\t\t\t\t\t\t<span class=\"elementor-button-text\">RESERVAR ESTA HABITACI\u00d3N<\/span>\n\t\t\t\t\t<\/span>\n\t\t\t\t\t<\/a>\n\t\t\t\t<\/div>\n\t\t\t\t\t\t\t\t<\/div>\n\t\t\t\t<\/div>\n\t\t\t\t\t<\/div>\n\t\t<\/div>\n\t\t\t\t\t<\/div>\n\t\t<\/section>\n\t\t\t\t\t<\/div>\n\t\t<\/div>\n\t\t\t\t\t<\/div>\n\t\t<\/section>\n\t\t\t\t<\/div>\n\t\t","protected":false},"excerpt":{"rendered":"<p>Estancia &gt; Mar &gt; Habitaci\u00f3n Deluxe con vista al mar habitaci\u00f3n deluxe con vista al mar Las vistas infinitas Estos seis elegantes refugios de 25m2 capturan la extraordinaria energ\u00eda de las vistas al mar y las puestas de sol de Formentera. Con balcones privados amueblados y vistas infinitas al Mediterr\u00e1neo, estas suites aprovechan la magia [&hellip;]<\/p>\n","protected":false},"author":1,"featured_media":0,"parent":3319,"menu_order":0,"comment_status":"closed","ping_status":"closed","template":"","meta":{"_seopress_robots_primary_cat":"","_seopress_titles_title":"Suites con Vistas al Mar en Formentera | Naturaleza y Lujo","_seopress_titles_desc":"Suites elegantes de 20 m\u00b2 con balc\u00f3n privado y vistas al Mediterr\u00e1neo en Formentera. Lujo, naturaleza y dise\u00f1o contempor\u00e1neo te esperan. \u00a1Desc\u00fabrelo!","_seopress_robots_index":"","footnotes":""},"class_list":["post-3357","page","type-page","status-publish"],"_links":{"self":[{"href":"https:\/\/www.teranka.com\/es\/wp-json\/wp\/v2\/pages\/3357","targetHints":{"allow":["GET"]}}],"collection":[{"href":"https:\/\/www.teranka.com\/es\/wp-json\/wp\/v2\/pages"}],"about":[{"href":"https:\/\/www.teranka.com\/es\/wp-json\/wp\/v2\/types\/page"}],"author":[{"embeddable":true,"href":"https:\/\/www.teranka.com\/es\/wp-json\/wp\/v2\/users\/1"}],"replies":[{"embeddable":true,"href":"https:\/\/www.teranka.com\/es\/wp-json\/wp\/v2\/comments?post=3357"}],"version-history":[{"count":50,"href":"https:\/\/www.teranka.com\/es\/wp-json\/wp\/v2\/pages\/3357\/revisions"}],"predecessor-version":[{"id":9228,"href":"https:\/\/www.teranka.com\/es\/wp-json\/wp\/v2\/pages\/3357\/revisions\/9228"}],"up":[{"embeddable":true,"href":"https:\/\/www.teranka.com\/es\/wp-json\/wp\/v2\/pages\/3319"}],"wp:attachment":[{"href":"https:\/\/www.teranka.com\/es\/wp-json\/wp\/v2\/media?parent=3357"}],"curies":[{"name":"wp","href":"https:\/\/api.w.org\/{rel}","templated":true}]}}