{"id":3356,"date":"2023-07-26T16:25:25","date_gmt":"2023-07-26T14:25:25","guid":{"rendered":"https:\/\/www.teranka.com\/bienestar\/programacion-de-bienestar"},"modified":"2026-05-12T16:24:41","modified_gmt":"2026-05-12T14:24:41","slug":"programacion-de-bienestar","status":"publish","type":"page","link":"https:\/\/www.teranka.com\/es\/bienestar\/programacion-de-bienestar","title":{"rendered":"Programaci\u00f3n de bienestar"},"content":{"rendered":"\t\t<div data-elementor-type=\"wp-page\" data-elementor-id=\"3356\" class=\"elementor elementor-3356 elementor-1468\" data-elementor-post-type=\"page\">\n\t\t\t\t\t\t<section class=\"elementor-section elementor-top-section elementor-element elementor-element-291b8ed elementor-section-full_width elementor-hidden-mobile elementor-section-height-default elementor-section-height-default\" data-id=\"291b8ed\" data-element_type=\"section\">\n\t\t\t\t\t\t\t<div class=\"elementor-background-overlay\"><\/div>\n\t\t\t\t\t\t\t<div class=\"elementor-container elementor-column-gap-default\">\n\t\t\t\t\t<div class=\"elementor-column elementor-col-100 elementor-top-column elementor-element elementor-element-a38fd4e\" data-id=\"a38fd4e\" data-element_type=\"column\">\n\t\t\t<div class=\"elementor-widget-wrap elementor-element-populated\">\n\t\t\t\t\t\t<div class=\"elementor-element elementor-element-a61234b elementor-widget elementor-widget-text-editor\" data-id=\"a61234b\" data-element_type=\"widget\" data-widget_type=\"text-editor.default\">\n\t\t\t\t<div class=\"elementor-widget-container\">\n\t\t\t\t\t\t\t\t\t<p><a href=\"https:\/\/www.teranka.com\/es\/bienestar\">Bienestar<\/a> &gt; Programaci\u00f3n y Eventos de Salud y Bienestar<\/p>\t\t\t\t\t\t\t\t<\/div>\n\t\t\t\t<\/div>\n\t\t\t\t\t<\/div>\n\t\t<\/div>\n\t\t\t\t\t<\/div>\n\t\t<\/section>\n\t\t\t\t<section class=\"elementor-section elementor-top-section elementor-element elementor-element-39993ec elementor-section-height-min-height elementor-section-full_width elementor-section-items-bottom elementor-section-height-default\" data-id=\"39993ec\" data-element_type=\"section\" data-settings=\"{&quot;background_background&quot;:&quot;classic&quot;}\">\n\t\t\t\t\t\t\t<div class=\"elementor-background-overlay\"><\/div>\n\t\t\t\t\t\t\t<div class=\"elementor-container elementor-column-gap-default\">\n\t\t\t\t\t<div class=\"elementor-column elementor-col-100 elementor-top-column elementor-element elementor-element-f08bf88\" data-id=\"f08bf88\" data-element_type=\"column\" data-settings=\"{&quot;background_background&quot;:&quot;classic&quot;}\">\n\t\t\t<div class=\"elementor-widget-wrap elementor-element-populated\">\n\t\t\t\t\t<div class=\"elementor-background-overlay\"><\/div>\n\t\t\t\t\t\t<div class=\"elementor-element elementor-element-a6b62fe elementor-widget elementor-widget-heading\" data-id=\"a6b62fe\" data-element_type=\"widget\" data-widget_type=\"heading.default\">\n\t\t\t\t<div class=\"elementor-widget-container\">\n\t\t\t\t\t<h1 class=\"elementor-heading-title elementor-size-default\">Programaci\u00f3n y Eventos de Salud y Bienestar<\/h1>\t\t\t\t<\/div>\n\t\t\t\t<\/div>\n\t\t\t\t\t<\/div>\n\t\t<\/div>\n\t\t\t\t\t<\/div>\n\t\t<\/section>\n\t\t\t\t<section class=\"elementor-section elementor-top-section elementor-element elementor-element-c07ca31 elementor-section-boxed elementor-section-height-default elementor-section-height-default\" data-id=\"c07ca31\" data-element_type=\"section\">\n\t\t\t\t\t\t<div class=\"elementor-container elementor-column-gap-default\">\n\t\t\t\t\t<div class=\"elementor-column elementor-col-100 elementor-top-column elementor-element elementor-element-df4ff81\" data-id=\"df4ff81\" data-element_type=\"column\">\n\t\t\t<div class=\"elementor-widget-wrap elementor-element-populated\">\n\t\t\t\t\t\t<div class=\"elementor-element elementor-element-46dff65 elementor-widget-divider--view-line_text elementor-widget-divider--element-align-center elementor-widget elementor-widget-divider\" data-id=\"46dff65\" data-element_type=\"widget\" data-widget_type=\"divider.default\">\n\t\t\t\t<div class=\"elementor-widget-container\">\n\t\t\t\t\t\t\t<div class=\"elementor-divider\">\n\t\t\t<span class=\"elementor-divider-separator\">\n\t\t\t\t\t\t\t<span class=\"elementor-divider__text elementor-divider__element\">\n\t\t\t\tProgramaci\u00f3n de Salud y Bienestar\t\t\t\t<\/span>\n\t\t\t\t\t\t<\/span>\n\t\t<\/div>\n\t\t\t\t\t\t<\/div>\n\t\t\t\t<\/div>\n\t\t\t\t<div class=\"elementor-element elementor-element-dbf2586 elementor-widget elementor-widget-heading\" data-id=\"dbf2586\" data-element_type=\"widget\" data-widget_type=\"heading.default\">\n\t\t\t\t<div class=\"elementor-widget-container\">\n\t\t\t\t\t<h2 class=\"elementor-heading-title elementor-size-default\">PROFUNDIZA<\/h2>\t\t\t\t<\/div>\n\t\t\t\t<\/div>\n\t\t\t\t<div class=\"elementor-element elementor-element-43c7c12 elementor-widget elementor-widget-text-editor\" data-id=\"43c7c12\" data-element_type=\"widget\" data-widget_type=\"text-editor.default\">\n\t\t\t\t<div class=\"elementor-widget-container\">\n\t\t\t\t\t\t\t\t\t<p><strong>Los retiros Teranka Flow est\u00e1n dise\u00f1ados para una relajaci\u00f3n m\u00e1s profunda y la alineaci\u00f3n con nuestro estado de flujo.<em>  <\/em><\/strong><\/p>\n<p>Los retiros de bienestar exclusivos de Teranka combinan la sabidur\u00eda ancestral, la ciencia moderna y una profunda sensaci\u00f3n de arraigo para llevar a los hu\u00e9spedes de vuelta a su verdadera alineaci\u00f3n. Nuestro portafolio de bienestar est\u00e1 compuesto por un equipo diverso y experimentado de maestros practicantes, luminarias del bienestar y facilitadores de Ibiza y m\u00e1s all\u00e1, que unen sus dones y magia para crear experiencias transformadoras de la m\u00e1s alta calidad. Cada retiro es \u00fanico, pero puede incluir elementos de trabajo corporal, osteopat\u00eda, terapia craneosacral, drenaje linf\u00e1tico, reflexolog\u00eda, Ayurveda, indagaci\u00f3n compasiva y yoga de la l\u00ednea Anusara, entre muchas otras modalidades.<\/p>\n<p>Para mentes curiosas que desean sumergirse en nuestra oferta de bienestar sin tener que comprometerse con un retiro personalizado, ponemos a su disposici\u00f3n <b>nuestro calendario semanal de actividades<\/b> que incluye yoga al amanecer que se realiza diariemente al aire libre con vistas al mar, meditaciones bajo las estrellas o paseos por los parajes naturales de Formentera. Son bienvenidos tanto quienes se hospedan en Teranka como aquellos que no se hospedan.<\/p>\n\t\t\t\t\t\t\t\t<\/div>\n\t\t\t\t<\/div>\n\t\t\t\t\t<\/div>\n\t\t<\/div>\n\t\t\t\t\t<\/div>\n\t\t<\/section>\n\t\t\t\t<section class=\"elementor-section elementor-top-section elementor-element elementor-element-3907705 elementor-section-boxed elementor-section-height-default elementor-section-height-default\" data-id=\"3907705\" data-element_type=\"section\">\n\t\t\t\t\t\t<div class=\"elementor-container elementor-column-gap-default\">\n\t\t\t\t\t<div class=\"elementor-column elementor-col-100 elementor-top-column elementor-element elementor-element-b9f69d3\" data-id=\"b9f69d3\" data-element_type=\"column\">\n\t\t\t<div class=\"elementor-widget-wrap elementor-element-populated\">\n\t\t\t\t\t\t<div class=\"elementor-element elementor-element-99ab13f elementor-align-center elementor-widget elementor-widget-button\" data-id=\"99ab13f\" data-element_type=\"widget\" data-widget_type=\"button.default\">\n\t\t\t\t<div class=\"elementor-widget-container\">\n\t\t\t\t\t\t\t\t\t<div class=\"elementor-button-wrapper\">\n\t\t\t\t\t<a class=\"elementor-button elementor-button-link elementor-size-sm\" href=\"https:\/\/www.teranka.com\/wp-content\/uploads\/2026\/05\/tk-wa_2026_online_es.pdf\">\n\t\t\t\t\t\t<span class=\"elementor-button-content-wrapper\">\n\t\t\t\t\t\t\t\t\t<span class=\"elementor-button-text\">actividades wellness<\/span>\n\t\t\t\t\t<\/span>\n\t\t\t\t\t<\/a>\n\t\t\t\t<\/div>\n\t\t\t\t\t\t\t\t<\/div>\n\t\t\t\t<\/div>\n\t\t\t\t\t<\/div>\n\t\t<\/div>\n\t\t\t\t\t<\/div>\n\t\t<\/section>\n\t\t\t\t<\/div>\n\t\t","protected":false},"excerpt":{"rendered":"<p>Bienestar &gt; Programaci\u00f3n y Eventos de Salud y Bienestar Programaci\u00f3n y Eventos de Salud y Bienestar Programaci\u00f3n de Salud y Bienestar PROFUNDIZA Los retiros Teranka Flow est\u00e1n dise\u00f1ados para una relajaci\u00f3n m\u00e1s profunda y la alineaci\u00f3n con nuestro estado de flujo. Los retiros de bienestar exclusivos de Teranka combinan la sabidur\u00eda ancestral, la ciencia moderna [&hellip;]<\/p>\n","protected":false},"author":1,"featured_media":0,"parent":3337,"menu_order":0,"comment_status":"closed","ping_status":"closed","template":"","meta":{"_seopress_robots_primary_cat":"","_seopress_titles_title":"Retiros de Bienestar en Teranka Formentera | Teranka Flow","_seopress_titles_desc":"Experimenta la combinaci\u00f3n de sabidur\u00eda antigua y ciencia moderna con maestros del bienestar en Teranka Flow, dise\u00f1ado para una relajaci\u00f3n profunda.","_seopress_robots_index":"","_seopress_analysis_target_kw":"","footnotes":""},"class_list":["post-3356","page","type-page","status-publish"],"_links":{"self":[{"href":"https:\/\/www.teranka.com\/es\/wp-json\/wp\/v2\/pages\/3356","targetHints":{"allow":["GET"]}}],"collection":[{"href":"https:\/\/www.teranka.com\/es\/wp-json\/wp\/v2\/pages"}],"about":[{"href":"https:\/\/www.teranka.com\/es\/wp-json\/wp\/v2\/types\/page"}],"author":[{"embeddable":true,"href":"https:\/\/www.teranka.com\/es\/wp-json\/wp\/v2\/users\/1"}],"replies":[{"embeddable":true,"href":"https:\/\/www.teranka.com\/es\/wp-json\/wp\/v2\/comments?post=3356"}],"version-history":[{"count":97,"href":"https:\/\/www.teranka.com\/es\/wp-json\/wp\/v2\/pages\/3356\/revisions"}],"predecessor-version":[{"id":9302,"href":"https:\/\/www.teranka.com\/es\/wp-json\/wp\/v2\/pages\/3356\/revisions\/9302"}],"up":[{"embeddable":true,"href":"https:\/\/www.teranka.com\/es\/wp-json\/wp\/v2\/pages\/3337"}],"wp:attachment":[{"href":"https:\/\/www.teranka.com\/es\/wp-json\/wp\/v2\/media?parent=3356"}],"curies":[{"name":"wp","href":"https:\/\/api.w.org\/{rel}","templated":true}]}}