{"id":3354,"date":"2023-07-24T19:00:04","date_gmt":"2023-07-24T17:00:04","guid":{"rendered":"https:\/\/www.teranka.com\/instalaciones"},"modified":"2025-03-20T12:14:38","modified_gmt":"2025-03-20T10:14:38","slug":"instalaciones","status":"publish","type":"page","link":"https:\/\/www.teranka.com\/es\/instalaciones","title":{"rendered":"Instalaciones"},"content":{"rendered":"\t\t<div data-elementor-type=\"wp-page\" data-elementor-id=\"3354\" class=\"elementor elementor-3354 elementor-1384\" data-elementor-post-type=\"page\">\n\t\t\t\t\t\t<section class=\"elementor-section elementor-top-section elementor-element elementor-element-291b8ed elementor-section-full_width elementor-hidden-mobile elementor-section-height-default elementor-section-height-default\" data-id=\"291b8ed\" data-element_type=\"section\">\n\t\t\t\t\t\t\t<div class=\"elementor-background-overlay\"><\/div>\n\t\t\t\t\t\t\t<div class=\"elementor-container elementor-column-gap-default\">\n\t\t\t\t\t<div class=\"elementor-column elementor-col-100 elementor-top-column elementor-element elementor-element-a38fd4e\" data-id=\"a38fd4e\" data-element_type=\"column\">\n\t\t\t<div class=\"elementor-widget-wrap elementor-element-populated\">\n\t\t\t\t\t\t<div class=\"elementor-element elementor-element-a61234b elementor-widget elementor-widget-text-editor\" data-id=\"a61234b\" data-element_type=\"widget\" data-widget_type=\"text-editor.default\">\n\t\t\t\t<div class=\"elementor-widget-container\">\n\t\t\t\t\t\t\t\t\t<p><a href=\"https:\/\/www.teranka.com\/es\/bienestar\">Bienestar<\/a> &gt; Instalaciones de bienestar<\/p>\n\t\t\t\t\t\t\t\t<\/div>\n\t\t\t\t<\/div>\n\t\t\t\t\t<\/div>\n\t\t<\/div>\n\t\t\t\t\t<\/div>\n\t\t<\/section>\n\t\t\t\t<section class=\"elementor-section elementor-top-section elementor-element elementor-element-39993ec elementor-section-height-min-height elementor-section-full_width elementor-section-items-bottom elementor-section-height-default\" data-id=\"39993ec\" data-element_type=\"section\" data-settings=\"{&quot;background_background&quot;:&quot;classic&quot;}\">\n\t\t\t\t\t\t\t<div class=\"elementor-background-overlay\"><\/div>\n\t\t\t\t\t\t\t<div class=\"elementor-container elementor-column-gap-default\">\n\t\t\t\t\t<div class=\"elementor-column elementor-col-100 elementor-top-column elementor-element elementor-element-f08bf88\" data-id=\"f08bf88\" data-element_type=\"column\" data-settings=\"{&quot;background_background&quot;:&quot;classic&quot;}\">\n\t\t\t<div class=\"elementor-widget-wrap elementor-element-populated\">\n\t\t\t\t\t<div class=\"elementor-background-overlay\"><\/div>\n\t\t\t\t\t\t<div class=\"elementor-element elementor-element-a6b62fe elementor-widget elementor-widget-heading\" data-id=\"a6b62fe\" data-element_type=\"widget\" data-widget_type=\"heading.default\">\n\t\t\t\t<div class=\"elementor-widget-container\">\n\t\t\t\t\t<h1 class=\"elementor-heading-title elementor-size-default\">Instalaciones de bienestar<\/h1>\t\t\t\t<\/div>\n\t\t\t\t<\/div>\n\t\t\t\t\t<\/div>\n\t\t<\/div>\n\t\t\t\t\t<\/div>\n\t\t<\/section>\n\t\t\t\t<section class=\"elementor-section elementor-top-section elementor-element elementor-element-3d58511 elementor-section-boxed elementor-section-height-default elementor-section-height-default\" data-id=\"3d58511\" data-element_type=\"section\">\n\t\t\t\t\t\t<div class=\"elementor-container elementor-column-gap-default\">\n\t\t\t\t\t<div class=\"elementor-column elementor-col-100 elementor-top-column elementor-element elementor-element-57c8342\" data-id=\"57c8342\" data-element_type=\"column\">\n\t\t\t<div class=\"elementor-widget-wrap elementor-element-populated\">\n\t\t\t\t\t\t<div class=\"elementor-element elementor-element-8535e7b elementor-widget-divider--view-line_text elementor-widget-divider--element-align-center elementor-widget elementor-widget-divider\" data-id=\"8535e7b\" data-element_type=\"widget\" data-widget_type=\"divider.default\">\n\t\t\t\t<div class=\"elementor-widget-container\">\n\t\t\t\t\t\t\t<div class=\"elementor-divider\">\n\t\t\t<span class=\"elementor-divider-separator\">\n\t\t\t\t\t\t\t<span class=\"elementor-divider__text elementor-divider__element\">\n\t\t\t\tINSTALACIONES DE BIENESTAR\t\t\t\t<\/span>\n\t\t\t\t\t\t<\/span>\n\t\t<\/div>\n\t\t\t\t\t\t<\/div>\n\t\t\t\t<\/div>\n\t\t\t\t<div class=\"elementor-element elementor-element-437c700 elementor-widget elementor-widget-heading\" data-id=\"437c700\" data-element_type=\"widget\" data-widget_type=\"heading.default\">\n\t\t\t\t<div class=\"elementor-widget-container\">\n\t\t\t\t\t<h2 class=\"elementor-heading-title elementor-size-default\">ESPACIOS PARA SENTIRSE LIBRE<\/h2>\t\t\t\t<\/div>\n\t\t\t\t<\/div>\n\t\t\t\t<div class=\"elementor-element elementor-element-97dba8e elementor-widget elementor-widget-text-editor\" data-id=\"97dba8e\" data-element_type=\"widget\" data-widget_type=\"text-editor.default\">\n\t\t\t\t<div class=\"elementor-widget-container\">\n\t\t\t\t\t\t\t\t\t<p><strong>El dise\u00f1o armonioso de Teranka significa espacios infinitos para practicar el bienestar, ya sea bajo los olivos al amanecer, entre las dunas al atardecer o en nuestra plataforma de yoga al aire libre bajo las estrellas.<\/strong><\/p>\n<p>En Teranka, alentamos a los hu\u00e9spedes a encontrar su flujo a trav\u00e9s de caminatas, yoga, trabajo respiratorio, meditaci\u00f3n, estiramientos, observaci\u00f3n de las estrellas o simplemente pasando el d\u00eda sin hacer nada. Permitir que el cuerpo simplemente se reinicie es el mejor regalo que podemos dar. Nuestras dos salas de tratamiento, gimnasio al aire libre, plataforma de ejercicios al aire libre, rutas de senderismo guiadas y piscina ofrecen infinitas formas de fortalecer, apoyar y relajar la mente y el cuerpo. El mar, con sus cualidades duales de activaci\u00f3n y calma, est\u00e1 a pocos pasos de los terrenos del hotel.<\/p>\n\t\t\t\t\t\t\t\t<\/div>\n\t\t\t\t<\/div>\n\t\t\t\t\t<\/div>\n\t\t<\/div>\n\t\t\t\t\t<\/div>\n\t\t<\/section>\n\t\t\t\t<\/div>\n\t\t","protected":false},"excerpt":{"rendered":"<p>Bienestar &gt; Instalaciones de bienestar Instalaciones de bienestar INSTALACIONES DE BIENESTAR ESPACIOS PARA SENTIRSE LIBRE El dise\u00f1o armonioso de Teranka significa espacios infinitos para practicar el bienestar, ya sea bajo los olivos al amanecer, entre las dunas al atardecer o en nuestra plataforma de yoga al aire libre bajo las estrellas. En Teranka, alentamos a [&hellip;]<\/p>\n","protected":false},"author":1,"featured_media":0,"parent":0,"menu_order":0,"comment_status":"closed","ping_status":"closed","template":"","meta":{"_seopress_robots_primary_cat":"","_seopress_titles_title":"Instalaciones de Bienestar | Teranka Formentera","_seopress_titles_desc":"Espacios infinitos para el bienestar: yoga al aire libre bajo las estrellas y senderismo guiado te esperan. Encuentra tu espacio en Teranka Hotel.","_seopress_robots_index":"","footnotes":""},"class_list":["post-3354","page","type-page","status-publish"],"_links":{"self":[{"href":"https:\/\/www.teranka.com\/es\/wp-json\/wp\/v2\/pages\/3354","targetHints":{"allow":["GET"]}}],"collection":[{"href":"https:\/\/www.teranka.com\/es\/wp-json\/wp\/v2\/pages"}],"about":[{"href":"https:\/\/www.teranka.com\/es\/wp-json\/wp\/v2\/types\/page"}],"author":[{"embeddable":true,"href":"https:\/\/www.teranka.com\/es\/wp-json\/wp\/v2\/users\/1"}],"replies":[{"embeddable":true,"href":"https:\/\/www.teranka.com\/es\/wp-json\/wp\/v2\/comments?post=3354"}],"version-history":[{"count":20,"href":"https:\/\/www.teranka.com\/es\/wp-json\/wp\/v2\/pages\/3354\/revisions"}],"predecessor-version":[{"id":8090,"href":"https:\/\/www.teranka.com\/es\/wp-json\/wp\/v2\/pages\/3354\/revisions\/8090"}],"wp:attachment":[{"href":"https:\/\/www.teranka.com\/es\/wp-json\/wp\/v2\/media?parent=3354"}],"curies":[{"name":"wp","href":"https:\/\/api.w.org\/{rel}","templated":true}]}}