{"id":3345,"date":"2023-05-26T10:53:30","date_gmt":"2023-05-26T08:53:30","guid":{"rendered":"https:\/\/www.teranka.com\/contacto"},"modified":"2023-09-27T14:43:11","modified_gmt":"2023-09-27T12:43:11","slug":"contacto","status":"publish","type":"page","link":"https:\/\/www.teranka.com\/es\/contacto","title":{"rendered":"Contacto"},"content":{"rendered":"\t\t<div data-elementor-type=\"wp-page\" data-elementor-id=\"3345\" class=\"elementor elementor-3345 elementor-1008\" data-elementor-post-type=\"page\">\n\t\t\t\t\t\t<section class=\"elementor-section elementor-top-section elementor-element elementor-element-372b2e1 elementor-section-boxed elementor-section-height-default elementor-section-height-default\" data-id=\"372b2e1\" data-element_type=\"section\">\n\t\t\t\t\t\t<div class=\"elementor-container elementor-column-gap-default\">\n\t\t\t\t\t<div class=\"elementor-column elementor-col-100 elementor-top-column elementor-element elementor-element-044508b\" data-id=\"044508b\" data-element_type=\"column\">\n\t\t\t<div class=\"elementor-widget-wrap elementor-element-populated\">\n\t\t\t\t\t\t<div class=\"elementor-element elementor-element-5e89a08 elementor-widget elementor-widget-heading\" data-id=\"5e89a08\" data-element_type=\"widget\" data-widget_type=\"heading.default\">\n\t\t\t\t<div class=\"elementor-widget-container\">\n\t\t\t\t\t<h1 class=\"elementor-heading-title elementor-size-default\">Cont\u00e1ctenos<\/h1>\t\t\t\t<\/div>\n\t\t\t\t<\/div>\n\t\t\t\t<section class=\"elementor-section elementor-inner-section elementor-element elementor-element-835f283 elementor-section-boxed elementor-section-height-default elementor-section-height-default\" data-id=\"835f283\" data-element_type=\"section\">\n\t\t\t\t\t\t<div class=\"elementor-container elementor-column-gap-default\">\n\t\t\t\t\t<div class=\"elementor-column elementor-col-33 elementor-inner-column elementor-element elementor-element-790fd1b\" data-id=\"790fd1b\" data-element_type=\"column\">\n\t\t\t<div class=\"elementor-widget-wrap elementor-element-populated\">\n\t\t\t\t\t\t<div class=\"elementor-element elementor-element-00ce185 elementor-widget elementor-widget-text-editor\" data-id=\"00ce185\" data-element_type=\"widget\" data-widget_type=\"text-editor.default\">\n\t\t\t\t<div class=\"elementor-widget-container\">\n\t\t\t\t\t\t\t\t\t<p>Por favor, no dude en llamarnos, enviarnos un correo electr\u00f3nico o contactarnos.<\/p>\n<p>Estaremos encantados de compartir la tranquilidad y el bienestar de Teranka Formentera.<\/p>\n\t\t\t\t\t\t\t\t<\/div>\n\t\t\t\t<\/div>\n\t\t\t\t\t<\/div>\n\t\t<\/div>\n\t\t\t\t<div class=\"elementor-column elementor-col-33 elementor-inner-column elementor-element elementor-element-e34499a\" data-id=\"e34499a\" data-element_type=\"column\">\n\t\t\t<div class=\"elementor-widget-wrap elementor-element-populated\">\n\t\t\t\t\t\t<div class=\"elementor-element elementor-element-b0f3d7b elementor-widget elementor-widget-text-editor\" data-id=\"b0f3d7b\" data-element_type=\"widget\" data-widget_type=\"text-editor.default\">\n\t\t\t\t<div class=\"elementor-widget-container\">\n\t\t\t\t\t\t\t\t\t<p>Teranka Formentera<br \/>Carrer Sant Agust\u00ec KM 10.7<br \/>Playa des Arenals<br \/>07872 Es Cal\u00f2 de Sant Agust\u00ec<br \/>Formentera<\/p>\n\t\t\t\t\t\t\t\t<\/div>\n\t\t\t\t<\/div>\n\t\t\t\t\t<\/div>\n\t\t<\/div>\n\t\t\t\t<div class=\"elementor-column elementor-col-33 elementor-inner-column elementor-element elementor-element-7b43209\" data-id=\"7b43209\" data-element_type=\"column\">\n\t\t\t<div class=\"elementor-widget-wrap elementor-element-populated\">\n\t\t\t\t\t\t<div class=\"elementor-element elementor-element-3cf5b2b elementor-widget elementor-widget-text-editor\" data-id=\"3cf5b2b\" data-element_type=\"widget\" data-widget_type=\"text-editor.default\">\n\t\t\t\t<div class=\"elementor-widget-container\">\n\t\t\t\t\t\t\t\t\t<p><a href=\"tel:%2034871873030\">Tel.: +34 871 873 030<\/a> <br \/>Consultas de reserva: <a href=\"mailto:reservas@teranka.com\">reservas@teranka.com<\/a><br \/>Informaci\u00f3n: <a href=\"mailto:info@teranka.com\">info@teranka.com<\/a><br \/>Consultas de los medios: <a href=\"mailto:marketing@teranka.com\">marketing@teranka.com<\/a><\/p>\n\t\t\t\t\t\t\t\t<\/div>\n\t\t\t\t<\/div>\n\t\t\t\t\t<\/div>\n\t\t<\/div>\n\t\t\t\t\t<\/div>\n\t\t<\/section>\n\t\t\t\t\t<\/div>\n\t\t<\/div>\n\t\t\t\t\t<\/div>\n\t\t<\/section>\n\t\t\t\t<section class=\"elementor-section elementor-top-section elementor-element elementor-element-835479d elementor-section-boxed elementor-section-height-default elementor-section-height-default\" data-id=\"835479d\" data-element_type=\"section\">\n\t\t\t\t\t\t<div class=\"elementor-container elementor-column-gap-default\">\n\t\t\t\t\t<div class=\"elementor-column elementor-col-50 elementor-top-column elementor-element elementor-element-cacb913\" data-id=\"cacb913\" data-element_type=\"column\" data-settings=\"{&quot;background_background&quot;:&quot;classic&quot;}\">\n\t\t\t<div class=\"elementor-widget-wrap elementor-element-populated\">\n\t\t\t\t\t\t<div class=\"elementor-element elementor-element-9372e87 elementor-widget elementor-widget-google_maps\" data-id=\"9372e87\" data-element_type=\"widget\" data-widget_type=\"google_maps.default\">\n\t\t\t\t<div class=\"elementor-widget-container\">\n\t\t\t\t\t\t\t<div class=\"elementor-custom-embed\">\n\t\t\t<iframe loading=\"lazy\"\n\t\t\t\t\tsrc=\"https:\/\/maps.google.com\/maps?q=Teranka%20formentera&#038;t=m&#038;z=13&#038;output=embed&#038;iwloc=near\"\n\t\t\t\t\ttitle=\"Teranka formentera\"\n\t\t\t\t\taria-label=\"Teranka formentera\"\n\t\t\t><\/iframe>\n\t\t<\/div>\n\t\t\t\t\t\t<\/div>\n\t\t\t\t<\/div>\n\t\t\t\t\t<\/div>\n\t\t<\/div>\n\t\t\t\t<div class=\"elementor-column elementor-col-50 elementor-top-column elementor-element elementor-element-4f96e5f\" data-id=\"4f96e5f\" data-element_type=\"column\" data-settings=\"{&quot;background_background&quot;:&quot;classic&quot;}\">\n\t\t\t<div class=\"elementor-widget-wrap elementor-element-populated\">\n\t\t\t\t\t\t<div class=\"elementor-element elementor-element-6dfe8f6 elementor-widget elementor-widget-heading\" data-id=\"6dfe8f6\" data-element_type=\"widget\" data-widget_type=\"heading.default\">\n\t\t\t\t<div class=\"elementor-widget-container\">\n\t\t\t\t\t<h3 class=\"elementor-heading-title elementor-size-default\">Nos encantar\u00eda saber de usted<\/h3>\t\t\t\t<\/div>\n\t\t\t\t<\/div>\n\t\t\t\t<div class=\"elementor-element elementor-element-657c6b4 elementor-button-align-end elementor-mobile-button-align-center elementor-widget elementor-widget-form\" data-id=\"657c6b4\" data-element_type=\"widget\" data-settings=\"{&quot;step_next_label&quot;:&quot;Siguiente&quot;,&quot;step_previous_label&quot;:&quot;Anterior&quot;,&quot;button_width&quot;:&quot;100&quot;,&quot;step_type&quot;:&quot;number_text&quot;,&quot;step_icon_shape&quot;:&quot;circle&quot;}\" data-widget_type=\"form.default\">\n\t\t\t\t<div class=\"elementor-widget-container\">\n\t\t\t\t\t\t\t<form class=\"elementor-form\" method=\"post\" name=\"Nuevo formulario\" aria-label=\"Nuevo formulario\">\n\t\t\t<input type=\"hidden\" name=\"post_id\" value=\"3345\"\/>\n\t\t\t<input type=\"hidden\" name=\"form_id\" value=\"657c6b4\"\/>\n\t\t\t<input type=\"hidden\" name=\"referer_title\" value=\"Contacto\" \/>\n\n\t\t\t\t\t\t\t<input type=\"hidden\" name=\"queried_id\" value=\"3345\"\/>\n\t\t\t\n\t\t\t<div class=\"elementor-form-fields-wrapper elementor-labels-above\">\n\t\t\t\t\t\t\t\t<div class=\"elementor-field-type-text elementor-field-group elementor-column elementor-field-group-name elementor-col-50 elementor-field-required\">\n\t\t\t\t\t\t\t\t\t\t\t\t<label for=\"form-field-name\" class=\"elementor-field-label\">\n\t\t\t\t\t\t\t\tNombre\t\t\t\t\t\t\t<\/label>\n\t\t\t\t\t\t\t\t\t\t\t\t\t\t<input size=\"1\" type=\"text\" name=\"form_fields[name]\" id=\"form-field-name\" class=\"elementor-field elementor-size-sm  elementor-field-textual\" required=\"required\">\n\t\t\t\t\t\t\t\t\t\t\t<\/div>\n\t\t\t\t\t\t\t\t<div class=\"elementor-field-type-email elementor-field-group elementor-column elementor-field-group-email elementor-col-50 elementor-field-required\">\n\t\t\t\t\t\t\t\t\t\t\t\t<label for=\"form-field-email\" class=\"elementor-field-label\">\n\t\t\t\t\t\t\t\tCorreo electr\u00f3nico\t\t\t\t\t\t\t<\/label>\n\t\t\t\t\t\t\t\t\t\t\t\t\t\t<input size=\"1\" type=\"email\" name=\"form_fields[email]\" id=\"form-field-email\" class=\"elementor-field elementor-size-sm  elementor-field-textual\" required=\"required\">\n\t\t\t\t\t\t\t\t\t\t\t<\/div>\n\t\t\t\t\t\t\t\t<div class=\"elementor-field-type-text elementor-field-group elementor-column elementor-field-group-b26ecb6 elementor-col-50\">\n\t\t\t\t\t\t\t\t\t\t\t\t<label for=\"form-field-b26ecb6\" class=\"elementor-field-label\">\n\t\t\t\t\t\t\t\tTel\u00e9fono\t\t\t\t\t\t\t<\/label>\n\t\t\t\t\t\t\t\t\t\t\t\t\t\t<input size=\"1\" type=\"text\" name=\"form_fields[b26ecb6]\" id=\"form-field-b26ecb6\" class=\"elementor-field elementor-size-sm  elementor-field-textual\">\n\t\t\t\t\t\t\t\t\t\t\t<\/div>\n\t\t\t\t\t\t\t\t<div class=\"elementor-field-type-text elementor-field-group elementor-column elementor-field-group-894019a elementor-col-50\">\n\t\t\t\t\t\t\t\t\t\t\t\t<label for=\"form-field-894019a\" class=\"elementor-field-label\">\n\t\t\t\t\t\t\t\tCompa\u00f1\u00eda\t\t\t\t\t\t\t<\/label>\n\t\t\t\t\t\t\t\t\t\t\t\t\t\t<input size=\"1\" type=\"text\" name=\"form_fields[894019a]\" id=\"form-field-894019a\" class=\"elementor-field elementor-size-sm  elementor-field-textual\">\n\t\t\t\t\t\t\t\t\t\t\t<\/div>\n\t\t\t\t\t\t\t\t<div class=\"elementor-field-type-textarea elementor-field-group elementor-column elementor-field-group-message elementor-col-100 elementor-field-required\">\n\t\t\t\t\t\t\t\t\t\t\t\t<label for=\"form-field-message\" class=\"elementor-field-label\">\n\t\t\t\t\t\t\t\tMensaje\t\t\t\t\t\t\t<\/label>\n\t\t\t\t\t\t<textarea class=\"elementor-field-textual elementor-field  elementor-size-sm\" name=\"form_fields[message]\" id=\"form-field-message\" rows=\"4\" required=\"required\"><\/textarea>\t\t\t\t<\/div>\n\t\t\t\t\t\t\t\t<div class=\"elementor-field-type-acceptance elementor-field-group elementor-column elementor-field-group-field_66f1381 elementor-col-100\">\n\t\t\t\t\t\t\t<div class=\"elementor-field-subgroup\">\n\t\t\t<span class=\"elementor-field-option\">\n\t\t\t\t<input type=\"checkbox\" name=\"form_fields[field_66f1381]\" id=\"form-field-field_66f1381\" class=\"elementor-field elementor-size-sm  elementor-acceptance-field\">\n\t\t\t\t<label for=\"form-field-field_66f1381\">He le\u00eddo y acepto la <a href=\"https:\/\/lawwwing.com\/documentos\/0fba7260-9ebe-4e58-abb3-00f0100c8c88\/priv\/es\/\"target=\"_blank\" rel=\"noopener\">Pol\u00edtica de Privacidad<\/a>.<\/label>\t\t\t<\/span>\n\t\t<\/div>\n\t\t\t\t\t\t<\/div>\n\t\t\t\t\t\t\t\t<div class=\"elementor-field-type-text\">\n\t\t\t\t\t<input size=\"1\" type=\"text\" name=\"form_fields[field_261258d]\" id=\"form-field-field_261258d\" class=\"elementor-field elementor-size-sm \" style=\"display:none !important;\">\t\t\t\t<\/div>\n\t\t\t\t\t\t\t\t<div class=\"elementor-field-type-recaptcha_v3 elementor-field-group elementor-column elementor-field-group-field_3a53246 elementor-col-100 recaptcha_v3-bottomright\">\n\t\t\t\t\t<div class=\"elementor-field\" id=\"form-field-field_3a53246\"><div class=\"elementor-g-recaptcha\" data-sitekey=\"6LeOmMsqAAAAAHGWUi-P6lrsywrJ2NXPPN4erVzH\" data-type=\"v3\" data-action=\"Form\" data-badge=\"bottomright\" data-size=\"invisible\"><\/div><\/div>\t\t\t\t<\/div>\n\t\t\t\t\t\t\t\t<div class=\"elementor-field-group elementor-column elementor-field-type-submit elementor-col-100 e-form__buttons\">\n\t\t\t\t\t<button class=\"elementor-button elementor-size-sm\" type=\"submit\">\n\t\t\t\t\t\t<span class=\"elementor-button-content-wrapper\">\n\t\t\t\t\t\t\t\t\t\t\t\t\t\t\t\t\t\t\t\t\t\t<span class=\"elementor-button-text\">Enviar mensaje<\/span>\n\t\t\t\t\t\t\t\t\t\t\t\t\t<\/span>\n\t\t\t\t\t<\/button>\n\t\t\t\t<\/div>\n\t\t\t<\/div>\n\t\t<\/form>\n\t\t\t\t\t\t<\/div>\n\t\t\t\t<\/div>\n\t\t\t\t\t<\/div>\n\t\t<\/div>\n\t\t\t\t\t<\/div>\n\t\t<\/section>\n\t\t\t\t<section class=\"elementor-section elementor-top-section elementor-element elementor-element-8dfc233 elementor-section-boxed elementor-section-height-default elementor-section-height-default\" data-id=\"8dfc233\" data-element_type=\"section\">\n\t\t\t\t\t\t<div class=\"elementor-container elementor-column-gap-default\">\n\t\t\t\t\t<div class=\"elementor-column elementor-col-100 elementor-top-column elementor-element elementor-element-b99d524\" data-id=\"b99d524\" data-element_type=\"column\">\n\t\t\t<div class=\"elementor-widget-wrap elementor-element-populated\">\n\t\t\t\t\t\t<div class=\"elementor-element elementor-element-cbe93ac elementor-widget elementor-widget-heading\" data-id=\"cbe93ac\" data-element_type=\"widget\" data-widget_type=\"heading.default\">\n\t\t\t\t<div class=\"elementor-widget-container\">\n\t\t\t\t\t<h2 class=\"elementor-heading-title elementor-size-default\">C\u00f3mo llegar a Teranka<\/h2>\t\t\t\t<\/div>\n\t\t\t\t<\/div>\n\t\t\t\t<section class=\"elementor-section elementor-inner-section elementor-element elementor-element-f42cce1 elementor-section-boxed elementor-section-height-default elementor-section-height-default\" data-id=\"f42cce1\" data-element_type=\"section\">\n\t\t\t\t\t\t<div class=\"elementor-container elementor-column-gap-default\">\n\t\t\t\t\t<div class=\"elementor-column elementor-col-50 elementor-inner-column elementor-element elementor-element-cad26de\" data-id=\"cad26de\" data-element_type=\"column\">\n\t\t\t<div class=\"elementor-widget-wrap elementor-element-populated\">\n\t\t\t\t\t\t<div class=\"elementor-element elementor-element-e65f9ec elementor-widget elementor-widget-text-editor\" data-id=\"e65f9ec\" data-element_type=\"widget\" data-widget_type=\"text-editor.default\">\n\t\t\t\t<div class=\"elementor-widget-container\">\n\t\t\t\t\t\t\t\t\t<p>Solo se puede acceder a Formentera por mar, ya sea desde la isla vecina de Ibiza en ferry o alquiler de yates privados, o desde m\u00e1s lejos en yate privado. Una vez en la isla, es un corto viaje a Teranka en nuestro traslado privado.<\/p>\n\t\t\t\t\t\t\t\t<\/div>\n\t\t\t\t<\/div>\n\t\t\t\t\t<\/div>\n\t\t<\/div>\n\t\t\t\t<div class=\"elementor-column elementor-col-50 elementor-inner-column elementor-element elementor-element-1368e92\" data-id=\"1368e92\" data-element_type=\"column\">\n\t\t\t<div class=\"elementor-widget-wrap elementor-element-populated\">\n\t\t\t\t\t\t<div class=\"elementor-element elementor-element-8ebb341 elementor-widget elementor-widget-qi_addons_for_elementor_accordion\" data-id=\"8ebb341\" data-element_type=\"widget\" data-widget_type=\"qi_addons_for_elementor_accordion.default\">\n\t\t\t\t<div class=\"elementor-widget-container\">\n\t\t\t\t\t<div class=\"qodef-shortcode qodef-m qodef-qi-accordion qodef-qi-clear qodef-behavior--toggle qodef-layout--simple qodef-style--border-between\">\n\t<h4 class=\"qodef-e-title-holder\">\n\t<span class=\"qodef-e-title\">En ferry desde Ibiza<\/span>\n\t<span class=\"qodef-e-mark\">\n\t\t<span class=\"qodef-icon--plus\">\n\t\t\t\t<span class=\"qodef-e-icon\">\n\t\t<svg xmlns=\"http:\/\/www.w3.org\/2000\/svg\" width=\"26.378\" height=\"26.378\" viewBox=\"0 0 26.378 26.378\"><path id=\"Trazado_4181\" data-name=\"Trazado 4181\" d=\"M19285.5,1610.06v-18.065h18.238\" transform=\"translate(12524.447 14788.288) rotate(-135)\" fill=\"none\" stroke=\"#707070\" stroke-width=\"1\"><\/path><\/svg>\t<\/span>\n\t\t\t<\/span>\n\t\t<span class=\"qodef-icon--minus\">\n\t\t\t\t<span class=\"qodef-e-icon\">\n\t\t<svg xmlns=\"http:\/\/www.w3.org\/2000\/svg\" width=\"26.378\" height=\"26.378\" viewBox=\"0 0 26.378 26.378\"><path id=\"Trazado_4182\" data-name=\"Trazado 4182\" d=\"M19285.5,1610.06v-18.065h18.238\" transform=\"translate(-12498.069 -14761.91) rotate(45)\" fill=\"none\" stroke=\"#707070\" stroke-width=\"1\"><\/path><\/svg>\t<\/span>\n\t\t\t<\/span>\n\t<\/span>\n<\/h4>\n<div class=\"qodef-e-content\">\n\t<div class=\"qodef-e-content-inner\">\n\t\t<div class=\"accordionContent\"><div class=\"grid-x grid-margin-x\"><div class=\"accordion__content cell small-12 medium-10 large-8\"><p>La distancia entre Ibiza y Formentera es de apenas 10 millas n\u00e1uticas. Hay traves\u00edas diarias en ferry muy regulares desde el puerto de Ibiza hasta el puerto de La Savina en Formentera. Durante el verano, la frecuencia de salidas suele aumentar, con m\u00e1s de 50 salidas diarias.<\/p><p>El primer barco Ibiza - Formentera normalmente sale de Ibiza a las 07:00 de la ma\u00f1ana y llega a Formentera alrededor de las 07:30. La \u00faltima salida del ferry suele ser despu\u00e9s de la medianoche, llegando al puerto de Formentera a la 01:40.<\/p><p>Los billetes se pueden comprar por adelantado en l\u00ednea desde ferryhopper.com o directamente de los operadores en l\u00ednea, incluso en l\u00ednea en balearia.com y trasmapi.com o se pueden comprar en la terminal del ferry.<\/p><p><strong>Alquiler de yates y embarcaciones peque\u00f1as<\/strong><\/p><p>Para excursiones de un d\u00eda desde Ibiza a Formentera, y visitas a Teranka, es posible alquilar yates, barcos a motor y catamaranes por d\u00eda desde una de las muchas compa\u00f1\u00edas de alquiler de barcos en Ibiza. Por favor, h\u00e1ganos saber si desea que nos encarguemos de los preparativos.<\/p><\/div><\/div><\/div>\t<\/div>\n<\/div>\n<h4 class=\"qodef-e-title-holder\">\n\t<span class=\"qodef-e-title\">Fondeadero de yates<\/span>\n\t<span class=\"qodef-e-mark\">\n\t\t<span class=\"qodef-icon--plus\">\n\t\t\t\t<span class=\"qodef-e-icon\">\n\t\t<svg xmlns=\"http:\/\/www.w3.org\/2000\/svg\" width=\"26.378\" height=\"26.378\" viewBox=\"0 0 26.378 26.378\"><path id=\"Trazado_4181\" data-name=\"Trazado 4181\" d=\"M19285.5,1610.06v-18.065h18.238\" transform=\"translate(12524.447 14788.288) rotate(-135)\" fill=\"none\" stroke=\"#707070\" stroke-width=\"1\"><\/path><\/svg>\t<\/span>\n\t\t\t<\/span>\n\t\t<span class=\"qodef-icon--minus\">\n\t\t\t\t<span class=\"qodef-e-icon\">\n\t\t<svg xmlns=\"http:\/\/www.w3.org\/2000\/svg\" width=\"26.378\" height=\"26.378\" viewBox=\"0 0 26.378 26.378\"><path id=\"Trazado_4182\" data-name=\"Trazado 4182\" d=\"M19285.5,1610.06v-18.065h18.238\" transform=\"translate(-12498.069 -14761.91) rotate(45)\" fill=\"none\" stroke=\"#707070\" stroke-width=\"1\"><\/path><\/svg>\t<\/span>\n\t\t\t<\/span>\n\t<\/span>\n<\/h4>\n<div class=\"qodef-e-content\">\n\t<div class=\"qodef-e-content-inner\">\n\t\t<p>Los visitantes que llegan en yates m\u00e1s grandes deben tener en cuenta que las regulaciones de anclaje est\u00e1n vigentes para los barcos, ya que el anclaje entre la posidonia arranca las plantas del fondo marino. Un servicio de vigilancia y asistencia del fondeadero garantiza que los capitanes de embarcaciones sean conscientes de la importancia de fondear en la arena y no en Posidonia, y proporcionan asistencia para encontrar un buen fondeadero, especialmente durante la temporada alta. Las embarcaciones m\u00e1s peque\u00f1as de hasta 25 metros pueden reservar boyas online. La informaci\u00f3n est\u00e1 disponible <a href=\"https:\/\/reservas.portsib.es\/BoyasWebPublico\/cambioIdioma.do?idiomalink=EN&amp;def=\/login.do?metodo=entrada\" target=\"_blank\" rel=\"noopener\">aqu\u00ed<\/a>.<\/p>\t<\/div>\n<\/div>\n<h4 class=\"qodef-e-title-holder\">\n\t<span class=\"qodef-e-title\">C\u00f3mo llegar a Teranka<\/span>\n\t<span class=\"qodef-e-mark\">\n\t\t<span class=\"qodef-icon--plus\">\n\t\t\t\t<span class=\"qodef-e-icon\">\n\t\t<svg xmlns=\"http:\/\/www.w3.org\/2000\/svg\" width=\"26.378\" height=\"26.378\" viewBox=\"0 0 26.378 26.378\"><path id=\"Trazado_4181\" data-name=\"Trazado 4181\" d=\"M19285.5,1610.06v-18.065h18.238\" transform=\"translate(12524.447 14788.288) rotate(-135)\" fill=\"none\" stroke=\"#707070\" stroke-width=\"1\"><\/path><\/svg>\t<\/span>\n\t\t\t<\/span>\n\t\t<span class=\"qodef-icon--minus\">\n\t\t\t\t<span class=\"qodef-e-icon\">\n\t\t<svg xmlns=\"http:\/\/www.w3.org\/2000\/svg\" width=\"26.378\" height=\"26.378\" viewBox=\"0 0 26.378 26.378\"><path id=\"Trazado_4182\" data-name=\"Trazado 4182\" d=\"M19285.5,1610.06v-18.065h18.238\" transform=\"translate(-12498.069 -14761.91) rotate(45)\" fill=\"none\" stroke=\"#707070\" stroke-width=\"1\"><\/path><\/svg>\t<\/span>\n\t\t\t<\/span>\n\t<\/span>\n<\/h4>\n<div class=\"qodef-e-content\">\n\t<div class=\"qodef-e-content-inner\">\n\t\t<div class=\"accordionContent\"><div class=\"grid-x grid-margin-x\"><div class=\"accordion__content cell small-12 medium-10 large-8\"><p>Ofrecemos un servicio privado de bienvenida en el puerto de La Savina y traslado privado a Teranka. Los hu\u00e9spedes que lleguen al puerto y deseen alquilar coches, bicicletas o motos de una de las empresas de alquiler en el puerto, deben seguir estas indicaciones desde La Savina a Playa Migjorn y Teranka. Este es un viaje de 12 km que dura aproximadamente 20 minutos en autom\u00f3vil en la PM-820 y 40 minutos en bicicleta.<\/p><p>Para explorar la isla, puede alquilar un veh\u00edculo de PROAUTO Rent a Car o motos de Moto Rent Pujols.<\/p><p> <\/p><p><strong>En coche, moto o bicicleta desde La Savina por PM-820<\/strong><\/p><p>Dir\u00edgete hacia el oeste por Carrer Ponent hacia Av. Mediterr\u00e0nia<br>22 m<br><br>Gire a la izquierda en Av. Mediterr\u00e0nia<br>400 metros<br><br>Contin\u00faa por PM-820<br>2,4 km<br><br>En la rotonda, toma la 3\u00aa salida hacia Carrer des Pla del Rei\/PM-820<br>3,6 km<br><br>Gira a la derecha en Avinguda del Ca Mar\u00ed y dir\u00edgete hacia la playa.<\/p><\/div><\/div><\/div>\t<\/div>\n<\/div>\n<\/div>\n\t\t\t\t<\/div>\n\t\t\t\t<\/div>\n\t\t\t\t\t<\/div>\n\t\t<\/div>\n\t\t\t\t\t<\/div>\n\t\t<\/section>\n\t\t\t\t\t<\/div>\n\t\t<\/div>\n\t\t\t\t\t<\/div>\n\t\t<\/section>\n\t\t\t\t<\/div>\n\t\t","protected":false},"excerpt":{"rendered":"<p>Cont\u00e1ctenos Por favor, no dude en llamarnos, enviarnos un correo electr\u00f3nico o contactarnos. Estaremos encantados de compartir la tranquilidad y el bienestar de Teranka Formentera. Teranka FormenteraCarrer Sant Agust\u00ec KM 10.7Playa des Arenals07872 Es Cal\u00f2 de Sant Agust\u00ecFormentera Tel.: +34 871 873 030 Consultas de reserva: reservas@teranka.comInformaci\u00f3n: info@teranka.comConsultas de los medios: marketing@teranka.com Nos encantar\u00eda saber [&hellip;]<\/p>\n","protected":false},"author":1,"featured_media":0,"parent":0,"menu_order":0,"comment_status":"closed","ping_status":"closed","template":"","meta":{"_seopress_robots_primary_cat":"","_seopress_titles_title":"Contacta con nuestro equipo | Teranka Formentera","_seopress_titles_desc":"\u00bfNecesitas informaci\u00f3n adicional o hacer una reserva? Ponte en contacto con Teranka Formentera. Env\u00edanos un correo o ll\u00e1manos. Estamos aqu\u00ed para ayudarte.","_seopress_robots_index":"","footnotes":""},"class_list":["post-3345","page","type-page","status-publish"],"_links":{"self":[{"href":"https:\/\/www.teranka.com\/es\/wp-json\/wp\/v2\/pages\/3345","targetHints":{"allow":["GET"]}}],"collection":[{"href":"https:\/\/www.teranka.com\/es\/wp-json\/wp\/v2\/pages"}],"about":[{"href":"https:\/\/www.teranka.com\/es\/wp-json\/wp\/v2\/types\/page"}],"author":[{"embeddable":true,"href":"https:\/\/www.teranka.com\/es\/wp-json\/wp\/v2\/users\/1"}],"replies":[{"embeddable":true,"href":"https:\/\/www.teranka.com\/es\/wp-json\/wp\/v2\/comments?post=3345"}],"version-history":[{"count":31,"href":"https:\/\/www.teranka.com\/es\/wp-json\/wp\/v2\/pages\/3345\/revisions"}],"predecessor-version":[{"id":5138,"href":"https:\/\/www.teranka.com\/es\/wp-json\/wp\/v2\/pages\/3345\/revisions\/5138"}],"wp:attachment":[{"href":"https:\/\/www.teranka.com\/es\/wp-json\/wp\/v2\/media?parent=3345"}],"curies":[{"name":"wp","href":"https:\/\/api.w.org\/{rel}","templated":true}]}}