{"id":3337,"date":"2023-05-24T10:47:07","date_gmt":"2023-05-24T08:47:07","guid":{"rendered":"https:\/\/www.teranka.com\/bienestar"},"modified":"2025-03-20T11:48:48","modified_gmt":"2025-03-20T09:48:48","slug":"bienestar","status":"publish","type":"page","link":"https:\/\/www.teranka.com\/es\/bienestar","title":{"rendered":"Bienestar"},"content":{"rendered":"\t\t<div data-elementor-type=\"wp-page\" data-elementor-id=\"3337\" class=\"elementor elementor-3337 elementor-802\" data-elementor-post-type=\"page\">\n\t\t\t\t\t\t<section class=\"elementor-section elementor-top-section elementor-element elementor-element-f5cc26f elementor-section-boxed elementor-section-height-default elementor-section-height-default\" data-id=\"f5cc26f\" data-element_type=\"section\">\n\t\t\t\t\t\t<div class=\"elementor-container elementor-column-gap-default\">\n\t\t\t\t\t<div class=\"elementor-column elementor-col-100 elementor-top-column elementor-element elementor-element-56a4144\" data-id=\"56a4144\" data-element_type=\"column\">\n\t\t\t<div class=\"elementor-widget-wrap elementor-element-populated\">\n\t\t\t\t\t\t<div class=\"elementor-element elementor-element-260e506 elementor-widget-divider--view-line_text elementor-widget-divider--element-align-center elementor-widget elementor-widget-divider\" data-id=\"260e506\" data-element_type=\"widget\" data-widget_type=\"divider.default\">\n\t\t\t\t<div class=\"elementor-widget-container\">\n\t\t\t\t\t\t\t<div class=\"elementor-divider\">\n\t\t\t<span class=\"elementor-divider-separator\">\n\t\t\t\t\t\t\t<span class=\"elementor-divider__text elementor-divider__element\">\n\t\t\t\tBienESTAR\t\t\t\t<\/span>\n\t\t\t\t\t\t<\/span>\n\t\t<\/div>\n\t\t\t\t\t\t<\/div>\n\t\t\t\t<\/div>\n\t\t\t\t<div class=\"elementor-element elementor-element-e30a821 elementor-widget elementor-widget-heading\" data-id=\"e30a821\" data-element_type=\"widget\" data-widget_type=\"heading.default\">\n\t\t\t\t<div class=\"elementor-widget-container\">\n\t\t\t\t\t<h1 class=\"elementor-heading-title elementor-size-default\">Un santuario para el alma<\/h1>\t\t\t\t<\/div>\n\t\t\t\t<\/div>\n\t\t\t\t<div class=\"elementor-element elementor-element-31a6555 elementor-widget elementor-widget-text-editor\" data-id=\"31a6555\" data-element_type=\"widget\" data-widget_type=\"text-editor.default\">\n\t\t\t\t<div class=\"elementor-widget-container\">\n\t\t\t\t\t\t\t\t\t<p><strong>Rituales de bienestar integrador para mente, cuerpo y esp\u00edritu<\/strong><\/p>\n<p>En Teranka creemos que la desaceleraci\u00f3n de la mente es el despertar de los sentidos. Nuestra conexi\u00f3n con la Madre Tierra est\u00e1 en el coraz\u00f3n de nuestro esp\u00edritu de bienestar, y alentamos a los hu\u00e9spedes a rendirse a los elementos calmantes, expansivos y activadores del mar, el cielo y la tierra. Los antiguos griegos defin\u00edan el bienestar como hed\u00f3nico (la b\u00fasqueda del placer y la relajaci\u00f3n) y eudemon\u00edaco (la b\u00fasqueda de mejora y vitalidad). Este enfoque dual informa nuestro mantra de bienestar en Teranka, donde integramos pr\u00e1cticas antiguas y sabidur\u00eda cient\u00edficamente respaldada para ayudar a los hu\u00e9spedes a alcanzar su estado de flujo.<\/p>\n\t\t\t\t\t\t\t\t<\/div>\n\t\t\t\t<\/div>\n\t\t\t\t\t<\/div>\n\t\t<\/div>\n\t\t\t\t\t<\/div>\n\t\t<\/section>\n\t\t\t\t<section class=\"elementor-section elementor-top-section elementor-element elementor-element-04f4cc3 elementor-section-boxed elementor-section-height-default elementor-section-height-default\" data-id=\"04f4cc3\" data-element_type=\"section\">\n\t\t\t\t\t\t<div class=\"elementor-container elementor-column-gap-custom\">\n\t\t\t\t\t<div class=\"elementor-column elementor-col-33 elementor-top-column elementor-element elementor-element-1e7088b\" data-id=\"1e7088b\" data-element_type=\"column\">\n\t\t\t<div class=\"elementor-widget-wrap elementor-element-populated\">\n\t\t\t\t\t\t<div class=\"elementor-element elementor-element-130a812 elementor-widget elementor-widget-image\" data-id=\"130a812\" data-element_type=\"widget\" data-widget_type=\"image.default\">\n\t\t\t\t<div class=\"elementor-widget-container\">\n\t\t\t\t\t\t\t\t\t\t\t\t\t\t\t<img fetchpriority=\"high\" decoding=\"async\" width=\"523\" height=\"520\" src=\"https:\/\/www.teranka.com\/wp-content\/uploads\/2023\/07\/welness_teranka0-copy-0.jpg\" class=\"attachment-large size-large wp-image-3221\" alt=\"\" srcset=\"https:\/\/www.teranka.com\/wp-content\/uploads\/2023\/07\/welness_teranka0-copy-0.jpg 523w, https:\/\/www.teranka.com\/wp-content\/uploads\/2023\/07\/welness_teranka0-copy-0-300x298.jpg 300w, https:\/\/www.teranka.com\/wp-content\/uploads\/2023\/07\/welness_teranka0-copy-0-150x150.jpg 150w\" sizes=\"(max-width: 523px) 100vw, 523px\" \/>\t\t\t\t\t\t\t\t\t\t\t\t\t\t\t<\/div>\n\t\t\t\t<\/div>\n\t\t\t\t\t<\/div>\n\t\t<\/div>\n\t\t\t\t<div class=\"elementor-column elementor-col-33 elementor-top-column elementor-element elementor-element-41e366a\" data-id=\"41e366a\" data-element_type=\"column\">\n\t\t\t<div class=\"elementor-widget-wrap elementor-element-populated\">\n\t\t\t\t\t\t<div class=\"elementor-element elementor-element-aa2ddab elementor-widget elementor-widget-image\" data-id=\"aa2ddab\" data-element_type=\"widget\" data-widget_type=\"image.default\">\n\t\t\t\t<div class=\"elementor-widget-container\">\n\t\t\t\t\t\t\t\t\t\t\t\t\t\t\t<img decoding=\"async\" width=\"647\" height=\"643\" src=\"https:\/\/www.teranka.com\/wp-content\/uploads\/2023\/10\/teranka_facilies_.jpg\" class=\"attachment-large size-large wp-image-5439\" alt=\"teranka facilies\" srcset=\"https:\/\/www.teranka.com\/wp-content\/uploads\/2023\/10\/teranka_facilies_.jpg 647w, https:\/\/www.teranka.com\/wp-content\/uploads\/2023\/10\/teranka_facilies_-300x298.jpg 300w, https:\/\/www.teranka.com\/wp-content\/uploads\/2023\/10\/teranka_facilies_-150x150.jpg 150w\" sizes=\"(max-width: 647px) 100vw, 647px\" \/>\t\t\t\t\t\t\t\t\t\t\t\t\t\t\t<\/div>\n\t\t\t\t<\/div>\n\t\t\t\t\t<\/div>\n\t\t<\/div>\n\t\t\t\t<div class=\"elementor-column elementor-col-33 elementor-top-column elementor-element elementor-element-ee4a101\" data-id=\"ee4a101\" data-element_type=\"column\" data-settings=\"{&quot;background_background&quot;:&quot;classic&quot;}\">\n\t\t\t<div class=\"elementor-widget-wrap elementor-element-populated\">\n\t\t\t\t\t\t<div class=\"elementor-element elementor-element-b4b9140 elementor-widget elementor-widget-heading\" data-id=\"b4b9140\" data-element_type=\"widget\" data-widget_type=\"heading.default\">\n\t\t\t\t<div class=\"elementor-widget-container\">\n\t\t\t\t\t<h2 class=\"elementor-heading-title elementor-size-default\">Instalaciones de bienestar<\/h2>\t\t\t\t<\/div>\n\t\t\t\t<\/div>\n\t\t\t\t<div class=\"elementor-element elementor-element-3716a94 elementor-widget elementor-widget-text-editor\" data-id=\"3716a94\" data-element_type=\"widget\" data-widget_type=\"text-editor.default\">\n\t\t\t\t<div class=\"elementor-widget-container\">\n\t\t\t\t\t\t\t\t\t<p>El dise\u00f1o fluido de Teranka significa que hay espacios infinitos para practicar el bienestar a nuestro alrededor, desde debajo de los olivos al amanecer hasta entre las dunas de arena al atardecer y en nuestra terraza de yoga al aire libre bajo las estrellas.<\/p>\n\t\t\t\t\t\t\t\t<\/div>\n\t\t\t\t<\/div>\n\t\t\t\t<div class=\"elementor-element elementor-element-227a764 elementor-align-center elementor-widget elementor-widget-button\" data-id=\"227a764\" data-element_type=\"widget\" data-widget_type=\"button.default\">\n\t\t\t\t<div class=\"elementor-widget-container\">\n\t\t\t\t\t\t\t\t\t<div class=\"elementor-button-wrapper\">\n\t\t\t\t\t<a class=\"elementor-button elementor-button-link elementor-size-sm\" href=\"https:\/\/www.teranka.com\/es\/instalaciones\">\n\t\t\t\t\t\t<span class=\"elementor-button-content-wrapper\">\n\t\t\t\t\t\t\t\t\t<span class=\"elementor-button-text\">VER M\u00c1S<\/span>\n\t\t\t\t\t<\/span>\n\t\t\t\t\t<\/a>\n\t\t\t\t<\/div>\n\t\t\t\t\t\t\t\t<\/div>\n\t\t\t\t<\/div>\n\t\t\t\t\t<\/div>\n\t\t<\/div>\n\t\t\t\t\t<\/div>\n\t\t<\/section>\n\t\t\t\t<section class=\"elementor-section elementor-top-section elementor-element elementor-element-75e27b6 elementor-reverse-mobile elementor-section-boxed elementor-section-height-default elementor-section-height-default\" data-id=\"75e27b6\" data-element_type=\"section\">\n\t\t\t\t\t\t<div class=\"elementor-container elementor-column-gap-custom\">\n\t\t\t\t\t<div class=\"elementor-column elementor-col-50 elementor-top-column elementor-element elementor-element-d2cec97\" data-id=\"d2cec97\" data-element_type=\"column\" data-settings=\"{&quot;background_background&quot;:&quot;classic&quot;}\">\n\t\t\t<div class=\"elementor-widget-wrap elementor-element-populated\">\n\t\t\t\t\t\t<div class=\"elementor-element elementor-element-2a5f215 elementor-widget elementor-widget-heading\" data-id=\"2a5f215\" data-element_type=\"widget\" data-widget_type=\"heading.default\">\n\t\t\t\t<div class=\"elementor-widget-container\">\n\t\t\t\t\t<h2 class=\"elementor-heading-title elementor-size-default\">Belleza\n<\/h2>\t\t\t\t<\/div>\n\t\t\t\t<\/div>\n\t\t\t\t<div class=\"elementor-element elementor-element-5c5fca4 elementor-widget elementor-widget-heading\" data-id=\"5c5fca4\" data-element_type=\"widget\" data-widget_type=\"heading.default\">\n\t\t\t\t<div class=\"elementor-widget-container\">\n\t\t\t\t\t<h3 class=\"elementor-heading-title elementor-size-default\">&amp;\n<\/h3>\t\t\t\t<\/div>\n\t\t\t\t<\/div>\n\t\t\t\t<div class=\"elementor-element elementor-element-48dd960 elementor-widget elementor-widget-heading\" data-id=\"48dd960\" data-element_type=\"widget\" data-widget_type=\"heading.default\">\n\t\t\t\t<div class=\"elementor-widget-container\">\n\t\t\t\t\t<h2 class=\"elementor-heading-title elementor-size-default\">Rituales de Spa<\/h2>\t\t\t\t<\/div>\n\t\t\t\t<\/div>\n\t\t\t\t<div class=\"elementor-element elementor-element-9398130 elementor-align-center elementor-widget elementor-widget-button\" data-id=\"9398130\" data-element_type=\"widget\" data-widget_type=\"button.default\">\n\t\t\t\t<div class=\"elementor-widget-container\">\n\t\t\t\t\t\t\t\t\t<div class=\"elementor-button-wrapper\">\n\t\t\t\t\t<a class=\"elementor-button elementor-button-link elementor-size-sm\" href=\"https:\/\/www.teranka.com\/es\/bienestar\/rituales-de-belleza-y-spa\">\n\t\t\t\t\t\t<span class=\"elementor-button-content-wrapper\">\n\t\t\t\t\t\t\t\t\t<span class=\"elementor-button-text\">VER M\u00c1S<\/span>\n\t\t\t\t\t<\/span>\n\t\t\t\t\t<\/a>\n\t\t\t\t<\/div>\n\t\t\t\t\t\t\t\t<\/div>\n\t\t\t\t<\/div>\n\t\t\t\t\t<\/div>\n\t\t<\/div>\n\t\t\t\t<div class=\"elementor-column elementor-col-50 elementor-top-column elementor-element elementor-element-af6dd77\" data-id=\"af6dd77\" data-element_type=\"column\">\n\t\t\t<div class=\"elementor-widget-wrap elementor-element-populated\">\n\t\t\t\t\t\t<div class=\"elementor-element elementor-element-c670c4b elementor-widget elementor-widget-image\" data-id=\"c670c4b\" data-element_type=\"widget\" data-widget_type=\"image.default\">\n\t\t\t\t<div class=\"elementor-widget-container\">\n\t\t\t\t\t\t\t\t\t\t\t\t\t\t\t<img decoding=\"async\" width=\"1800\" height=\"1200\" src=\"https:\/\/www.teranka.com\/wp-content\/uploads\/2023\/10\/teranka_wellbeing0.jpg\" class=\"attachment-full size-full wp-image-5403\" alt=\"massage at the beach in Teranka\" srcset=\"https:\/\/www.teranka.com\/wp-content\/uploads\/2023\/10\/teranka_wellbeing0.jpg 1800w, https:\/\/www.teranka.com\/wp-content\/uploads\/2023\/10\/teranka_wellbeing0-300x200.jpg 300w, https:\/\/www.teranka.com\/wp-content\/uploads\/2023\/10\/teranka_wellbeing0-1024x683.jpg 1024w, https:\/\/www.teranka.com\/wp-content\/uploads\/2023\/10\/teranka_wellbeing0-768x512.jpg 768w, https:\/\/www.teranka.com\/wp-content\/uploads\/2023\/10\/teranka_wellbeing0-1536x1024.jpg 1536w\" sizes=\"(max-width: 1800px) 100vw, 1800px\" \/>\t\t\t\t\t\t\t\t\t\t\t\t\t\t\t<\/div>\n\t\t\t\t<\/div>\n\t\t\t\t\t<\/div>\n\t\t<\/div>\n\t\t\t\t\t<\/div>\n\t\t<\/section>\n\t\t\t\t<section class=\"elementor-section elementor-top-section elementor-element elementor-element-4097f80 elementor-section-boxed elementor-section-height-default elementor-section-height-default\" data-id=\"4097f80\" data-element_type=\"section\">\n\t\t\t\t\t\t<div class=\"elementor-container elementor-column-gap-custom\">\n\t\t\t\t\t<div class=\"elementor-column elementor-col-50 elementor-top-column elementor-element elementor-element-c3d5a16\" data-id=\"c3d5a16\" data-element_type=\"column\">\n\t\t\t<div class=\"elementor-widget-wrap elementor-element-populated\">\n\t\t\t\t\t\t<div class=\"elementor-element elementor-element-dc03dab elementor-widget elementor-widget-image\" data-id=\"dc03dab\" data-element_type=\"widget\" data-widget_type=\"image.default\">\n\t\t\t\t<div class=\"elementor-widget-container\">\n\t\t\t\t\t\t\t\t\t\t\t\t\t\t\t<img loading=\"lazy\" decoding=\"async\" width=\"800\" height=\"516\" src=\"https:\/\/www.teranka.com\/wp-content\/uploads\/2023\/11\/welness_teranka-1024x661.jpg\" class=\"attachment-large size-large wp-image-5843\" alt=\"\" srcset=\"https:\/\/www.teranka.com\/wp-content\/uploads\/2023\/11\/welness_teranka-1024x661.jpg 1024w, https:\/\/www.teranka.com\/wp-content\/uploads\/2023\/11\/welness_teranka-300x194.jpg 300w, https:\/\/www.teranka.com\/wp-content\/uploads\/2023\/11\/welness_teranka-768x496.jpg 768w, https:\/\/www.teranka.com\/wp-content\/uploads\/2023\/11\/welness_teranka.jpg 1200w\" sizes=\"(max-width: 800px) 100vw, 800px\" \/>\t\t\t\t\t\t\t\t\t\t\t\t\t\t\t<\/div>\n\t\t\t\t<\/div>\n\t\t\t\t\t<\/div>\n\t\t<\/div>\n\t\t\t\t<div class=\"elementor-column elementor-col-50 elementor-top-column elementor-element elementor-element-066d2ca\" data-id=\"066d2ca\" data-element_type=\"column\" data-settings=\"{&quot;background_background&quot;:&quot;classic&quot;}\">\n\t\t\t<div class=\"elementor-widget-wrap elementor-element-populated\">\n\t\t\t\t\t\t<div class=\"elementor-element elementor-element-c926778 elementor-widget elementor-widget-heading\" data-id=\"c926778\" data-element_type=\"widget\" data-widget_type=\"heading.default\">\n\t\t\t\t<div class=\"elementor-widget-container\">\n\t\t\t\t\t<h2 class=\"elementor-heading-title elementor-size-default\">Bienestar<\/h2>\t\t\t\t<\/div>\n\t\t\t\t<\/div>\n\t\t\t\t<div class=\"elementor-element elementor-element-eed2d06 elementor-widget elementor-widget-heading\" data-id=\"eed2d06\" data-element_type=\"widget\" data-widget_type=\"heading.default\">\n\t\t\t\t<div class=\"elementor-widget-container\">\n\t\t\t\t\t<h3 class=\"elementor-heading-title elementor-size-default\">&amp;\n<\/h3>\t\t\t\t<\/div>\n\t\t\t\t<\/div>\n\t\t\t\t<div class=\"elementor-element elementor-element-60e9dee elementor-widget elementor-widget-heading\" data-id=\"60e9dee\" data-element_type=\"widget\" data-widget_type=\"heading.default\">\n\t\t\t\t<div class=\"elementor-widget-container\">\n\t\t\t\t\t<h2 class=\"elementor-heading-title elementor-size-default\">Eventos<\/h2>\t\t\t\t<\/div>\n\t\t\t\t<\/div>\n\t\t\t\t<div class=\"elementor-element elementor-element-2e022b6 elementor-align-center elementor-widget elementor-widget-button\" data-id=\"2e022b6\" data-element_type=\"widget\" data-widget_type=\"button.default\">\n\t\t\t\t<div class=\"elementor-widget-container\">\n\t\t\t\t\t\t\t\t\t<div class=\"elementor-button-wrapper\">\n\t\t\t\t\t<a class=\"elementor-button elementor-button-link elementor-size-sm\" href=\"https:\/\/www.teranka.com\/es\/bienestar\/programacion-de-bienestar\">\n\t\t\t\t\t\t<span class=\"elementor-button-content-wrapper\">\n\t\t\t\t\t\t\t\t\t<span class=\"elementor-button-text\">VER M\u00c1S<\/span>\n\t\t\t\t\t<\/span>\n\t\t\t\t\t<\/a>\n\t\t\t\t<\/div>\n\t\t\t\t\t\t\t\t<\/div>\n\t\t\t\t<\/div>\n\t\t\t\t\t<\/div>\n\t\t<\/div>\n\t\t\t\t\t<\/div>\n\t\t<\/section>\n\t\t\t\t<section class=\"elementor-section elementor-top-section elementor-element elementor-element-01a4013 elementor-reverse-mobile elementor-section-boxed elementor-section-height-default elementor-section-height-default\" data-id=\"01a4013\" data-element_type=\"section\">\n\t\t\t\t\t\t<div class=\"elementor-container elementor-column-gap-custom\">\n\t\t\t\t\t<div class=\"elementor-column elementor-col-50 elementor-top-column elementor-element elementor-element-6656e5d\" data-id=\"6656e5d\" data-element_type=\"column\" data-settings=\"{&quot;background_background&quot;:&quot;classic&quot;}\">\n\t\t\t<div class=\"elementor-widget-wrap elementor-element-populated\">\n\t\t\t\t\t\t<div class=\"elementor-element elementor-element-a67f55a elementor-widget elementor-widget-heading\" data-id=\"a67f55a\" data-element_type=\"widget\" data-widget_type=\"heading.default\">\n\t\t\t\t<div class=\"elementor-widget-container\">\n\t\t\t\t\t<h2 class=\"elementor-heading-title elementor-size-default\">Meditaci\u00f3n de sonido\n&amp; OPO<\/h2>\t\t\t\t<\/div>\n\t\t\t\t<\/div>\n\t\t\t\t<div class=\"elementor-element elementor-element-bd30949 elementor-align-center elementor-widget elementor-widget-button\" data-id=\"bd30949\" data-element_type=\"widget\" data-widget_type=\"button.default\">\n\t\t\t\t<div class=\"elementor-widget-container\">\n\t\t\t\t\t\t\t\t\t<div class=\"elementor-button-wrapper\">\n\t\t\t\t\t<a class=\"elementor-button elementor-button-link elementor-size-sm\" href=\"https:\/\/www.teranka.com\/es\/bienestar\/meditacion-de-sonido-con-oppo\">\n\t\t\t\t\t\t<span class=\"elementor-button-content-wrapper\">\n\t\t\t\t\t\t\t\t\t<span class=\"elementor-button-text\">VER M\u00c1S<\/span>\n\t\t\t\t\t<\/span>\n\t\t\t\t\t<\/a>\n\t\t\t\t<\/div>\n\t\t\t\t\t\t\t\t<\/div>\n\t\t\t\t<\/div>\n\t\t\t\t\t<\/div>\n\t\t<\/div>\n\t\t\t\t<div class=\"elementor-column elementor-col-50 elementor-top-column elementor-element elementor-element-a45cbb9\" data-id=\"a45cbb9\" data-element_type=\"column\">\n\t\t\t<div class=\"elementor-widget-wrap elementor-element-populated\">\n\t\t\t\t\t\t<div class=\"elementor-element elementor-element-42b4256 elementor-widget elementor-widget-image\" data-id=\"42b4256\" data-element_type=\"widget\" data-widget_type=\"image.default\">\n\t\t\t\t<div class=\"elementor-widget-container\">\n\t\t\t\t\t\t\t\t\t\t\t\t\t\t\t<img loading=\"lazy\" decoding=\"async\" width=\"1063\" height=\"520\" src=\"https:\/\/www.teranka.com\/wp-content\/uploads\/2023\/07\/welness_teranka2-copy-0.jpg\" class=\"attachment-full size-full wp-image-3225\" alt=\"\" srcset=\"https:\/\/www.teranka.com\/wp-content\/uploads\/2023\/07\/welness_teranka2-copy-0.jpg 1063w, https:\/\/www.teranka.com\/wp-content\/uploads\/2023\/07\/welness_teranka2-copy-0-300x147.jpg 300w, https:\/\/www.teranka.com\/wp-content\/uploads\/2023\/07\/welness_teranka2-copy-0-1024x501.jpg 1024w, https:\/\/www.teranka.com\/wp-content\/uploads\/2023\/07\/welness_teranka2-copy-0-768x376.jpg 768w\" sizes=\"(max-width: 1063px) 100vw, 1063px\" \/>\t\t\t\t\t\t\t\t\t\t\t\t\t\t\t<\/div>\n\t\t\t\t<\/div>\n\t\t\t\t\t<\/div>\n\t\t<\/div>\n\t\t\t\t\t<\/div>\n\t\t<\/section>\n\t\t\t\t<\/div>\n\t\t","protected":false},"excerpt":{"rendered":"<p>BienESTAR Un santuario para el alma Rituales de bienestar integrador para mente, cuerpo y esp\u00edritu En Teranka creemos que la desaceleraci\u00f3n de la mente es el despertar de los sentidos. Nuestra conexi\u00f3n con la Madre Tierra est\u00e1 en el coraz\u00f3n de nuestro esp\u00edritu de bienestar, y alentamos a los hu\u00e9spedes a rendirse a los elementos [&hellip;]<\/p>\n","protected":false},"author":1,"featured_media":0,"parent":0,"menu_order":0,"comment_status":"closed","ping_status":"closed","template":"","meta":{"_seopress_robots_primary_cat":"","_seopress_titles_title":"Bienestar Integral para mente y cuerpo | Teranka Formentera","_seopress_titles_desc":"En Teranka Formentera ofrecemos rituales de bienestar para mente, cuerpo y esp\u00edritu, conect\u00e1ndote con la naturaleza para lograr fluidez y armon\u00eda.","_seopress_robots_index":"","_seopress_analysis_target_kw":"","footnotes":""},"class_list":["post-3337","page","type-page","status-publish"],"_links":{"self":[{"href":"https:\/\/www.teranka.com\/es\/wp-json\/wp\/v2\/pages\/3337","targetHints":{"allow":["GET"]}}],"collection":[{"href":"https:\/\/www.teranka.com\/es\/wp-json\/wp\/v2\/pages"}],"about":[{"href":"https:\/\/www.teranka.com\/es\/wp-json\/wp\/v2\/types\/page"}],"author":[{"embeddable":true,"href":"https:\/\/www.teranka.com\/es\/wp-json\/wp\/v2\/users\/1"}],"replies":[{"embeddable":true,"href":"https:\/\/www.teranka.com\/es\/wp-json\/wp\/v2\/comments?post=3337"}],"version-history":[{"count":43,"href":"https:\/\/www.teranka.com\/es\/wp-json\/wp\/v2\/pages\/3337\/revisions"}],"predecessor-version":[{"id":8075,"href":"https:\/\/www.teranka.com\/es\/wp-json\/wp\/v2\/pages\/3337\/revisions\/8075"}],"wp:attachment":[{"href":"https:\/\/www.teranka.com\/es\/wp-json\/wp\/v2\/media?parent=3337"}],"curies":[{"name":"wp","href":"https:\/\/api.w.org\/{rel}","templated":true}]}}