{"id":3334,"date":"2023-05-25T14:17:39","date_gmt":"2023-05-25T12:17:39","guid":{"rendered":"https:\/\/www.teranka.com\/rituales-de-belleza-y-spa"},"modified":"2026-04-13T16:45:56","modified_gmt":"2026-04-13T14:45:56","slug":"rituales-de-belleza-y-spa","status":"publish","type":"page","link":"https:\/\/www.teranka.com\/es\/bienestar\/rituales-de-belleza-y-spa","title":{"rendered":"Rituales de belleza y spa"},"content":{"rendered":"\t\t<div data-elementor-type=\"wp-page\" data-elementor-id=\"3334\" class=\"elementor elementor-3334 elementor-880\" data-elementor-post-type=\"page\">\n\t\t\t\t\t\t<section class=\"elementor-section elementor-top-section elementor-element elementor-element-248f1ba elementor-section-full_width elementor-hidden-mobile elementor-section-height-default elementor-section-height-default\" data-id=\"248f1ba\" data-element_type=\"section\">\n\t\t\t\t\t\t\t<div class=\"elementor-background-overlay\"><\/div>\n\t\t\t\t\t\t\t<div class=\"elementor-container elementor-column-gap-default\">\n\t\t\t\t\t<div class=\"elementor-column elementor-col-100 elementor-top-column elementor-element elementor-element-00a8dd0\" data-id=\"00a8dd0\" data-element_type=\"column\">\n\t\t\t<div class=\"elementor-widget-wrap elementor-element-populated\">\n\t\t\t\t\t\t<div class=\"elementor-element elementor-element-08ed631 elementor-widget elementor-widget-text-editor\" data-id=\"08ed631\" data-element_type=\"widget\" data-widget_type=\"text-editor.default\">\n\t\t\t\t<div class=\"elementor-widget-container\">\n\t\t\t\t\t\t\t\t\t<p><a href=\"https:\/\/www.teranka.com\/es\/bienestar\">Bienestar<\/a> &gt; Rituales de belleza y spa<\/p>\n\t\t\t\t\t\t\t\t<\/div>\n\t\t\t\t<\/div>\n\t\t\t\t\t<\/div>\n\t\t<\/div>\n\t\t\t\t\t<\/div>\n\t\t<\/section>\n\t\t\t\t<section class=\"elementor-section elementor-top-section elementor-element elementor-element-afbb0a8 elementor-section-height-min-height elementor-section-full_width elementor-section-items-bottom elementor-section-height-default\" data-id=\"afbb0a8\" data-element_type=\"section\" data-settings=\"{&quot;background_background&quot;:&quot;classic&quot;}\">\n\t\t\t\t\t\t\t<div class=\"elementor-background-overlay\"><\/div>\n\t\t\t\t\t\t\t<div class=\"elementor-container elementor-column-gap-default\">\n\t\t\t\t\t<div class=\"elementor-column elementor-col-100 elementor-top-column elementor-element elementor-element-d639365\" data-id=\"d639365\" data-element_type=\"column\" data-settings=\"{&quot;background_background&quot;:&quot;classic&quot;}\">\n\t\t\t<div class=\"elementor-widget-wrap elementor-element-populated\">\n\t\t\t\t\t<div class=\"elementor-background-overlay\"><\/div>\n\t\t\t\t\t\t<div class=\"elementor-element elementor-element-eeb40e7 elementor-widget elementor-widget-heading\" data-id=\"eeb40e7\" data-element_type=\"widget\" data-widget_type=\"heading.default\">\n\t\t\t\t<div class=\"elementor-widget-container\">\n\t\t\t\t\t<h1 class=\"elementor-heading-title elementor-size-default\">Rituales de belleza y spa<\/h1>\t\t\t\t<\/div>\n\t\t\t\t<\/div>\n\t\t\t\t\t<\/div>\n\t\t<\/div>\n\t\t\t\t\t<\/div>\n\t\t<\/section>\n\t\t\t\t<section class=\"elementor-section elementor-top-section elementor-element elementor-element-d7c8e92 elementor-section-boxed elementor-section-height-default elementor-section-height-default\" data-id=\"d7c8e92\" data-element_type=\"section\">\n\t\t\t\t\t\t<div class=\"elementor-container elementor-column-gap-default\">\n\t\t\t\t\t<div class=\"elementor-column elementor-col-100 elementor-top-column elementor-element elementor-element-c0b08e1\" data-id=\"c0b08e1\" data-element_type=\"column\">\n\t\t\t<div class=\"elementor-widget-wrap elementor-element-populated\">\n\t\t\t\t\t\t<div class=\"elementor-element elementor-element-4c2790f elementor-widget-divider--view-line_text elementor-widget-divider--element-align-center elementor-widget elementor-widget-divider\" data-id=\"4c2790f\" data-element_type=\"widget\" data-widget_type=\"divider.default\">\n\t\t\t\t<div class=\"elementor-widget-container\">\n\t\t\t\t\t\t\t<div class=\"elementor-divider\">\n\t\t\t<span class=\"elementor-divider-separator\">\n\t\t\t\t\t\t\t<span class=\"elementor-divider__text elementor-divider__element\">\n\t\t\t\tINSTALACIONES DE BIENESTAR\t\t\t\t<\/span>\n\t\t\t\t\t\t<\/span>\n\t\t<\/div>\n\t\t\t\t\t\t<\/div>\n\t\t\t\t<\/div>\n\t\t\t\t<div class=\"elementor-element elementor-element-7767a42 elementor-widget elementor-widget-heading\" data-id=\"7767a42\" data-element_type=\"widget\" data-widget_type=\"heading.default\">\n\t\t\t\t<div class=\"elementor-widget-container\">\n\t\t\t\t\t<h2 class=\"elementor-heading-title elementor-size-default\">REALINEARSE EN TERANKA<\/h2>\t\t\t\t<\/div>\n\t\t\t\t<\/div>\n\t\t\t\t<div class=\"elementor-element elementor-element-85d5b0b elementor-widget elementor-widget-text-editor\" data-id=\"85d5b0b\" data-element_type=\"widget\" data-widget_type=\"text-editor.default\">\n\t\t\t\t<div class=\"elementor-widget-container\">\n\t\t\t\t\t\t\t\t\t<p><strong>Una serie de b\u00fasquedas, pr\u00e1cticas, rituales y terapias corporales f\u00edsicas dedicadas para permitir a los hu\u00e9spedes realinearse con su ritmo natural.<\/strong><\/p>\n<p>Teranka se ha alineado con los practicantes m\u00e1s extraordinarios del mundo del bienestar para crear una selecci\u00f3n de rituales que honran el cuerpo, la mente y el esp\u00edritu. Nuestras terapias y rituales combinan cl\u00e1sicos como el masaje relajante y de tejido profundo con modalidades avanzadas de trabajo corporal como kanso shirochampi, una antigua terapia ayurv\u00e9dica centrada en los pies y la cabeza que activa los puntos de presi\u00f3n marma. Las dedicadas salas de tratamiento de Teranka se encuentran junto a nuestra zona de piscina de dise\u00f1o fluido, y es aqu\u00ed donde los hu\u00e9spedes pueden retirarse para desconectar del mundo exterior y reconectar con los ritmos lentos y sutiles de la isla.<\/p>\n\t\t\t\t\t\t\t\t<\/div>\n\t\t\t\t<\/div>\n\t\t\t\t<div class=\"elementor-element elementor-element-5e3bfa7 elementor-align-center elementor-widget elementor-widget-button\" data-id=\"5e3bfa7\" data-element_type=\"widget\" data-widget_type=\"button.default\">\n\t\t\t\t<div class=\"elementor-widget-container\">\n\t\t\t\t\t\t\t\t\t<div class=\"elementor-button-wrapper\">\n\t\t\t\t\t<a class=\"elementor-button elementor-button-link elementor-size-sm\" href=\"https:\/\/www.teranka.com\/wp-content\/uploads\/2026\/04\/tk-spatreatments_a5_digital.pdf\">\n\t\t\t\t\t\t<span class=\"elementor-button-content-wrapper\">\n\t\t\t\t\t\t<span class=\"elementor-button-icon\">\n\t\t\t\t<svg xmlns=\"http:\/\/www.w3.org\/2000\/svg\" width=\"18.527\" height=\"18.674\" viewBox=\"0 0 18.527 18.674\"><path id=\"_8111398_download_arrow_down_direction_navigation_icon\" data-name=\"8111398_download_arrow_down_direction_navigation_icon\" d=\"M45,49.8l-4.372-4.372.9-.9,2.832,2.831V34h1.276V47.358l2.832-2.831.9.9Zm7.988-2.469v3.921a.152.152,0,0,1-.146.146h-15.7a.139.139,0,0,1-.129-.146V47.332H35.74v3.921a1.416,1.416,0,0,0,1.405,1.421h15.7a1.424,1.424,0,0,0,1.422-1.422V47.332Z\" transform=\"translate(-35.74 -34)\" fill=\"#a95134\"><\/path><\/svg>\t\t\t<\/span>\n\t\t\t\t\t\t\t\t\t<span class=\"elementor-button-text\">masajes<\/span>\n\t\t\t\t\t<\/span>\n\t\t\t\t\t<\/a>\n\t\t\t\t<\/div>\n\t\t\t\t\t\t\t\t<\/div>\n\t\t\t\t<\/div>\n\t\t\t\t\t<\/div>\n\t\t<\/div>\n\t\t\t\t\t<\/div>\n\t\t<\/section>\n\t\t\t\t<\/div>\n\t\t","protected":false},"excerpt":{"rendered":"<p>Bienestar &gt; Rituales de belleza y spa Rituales de belleza y spa INSTALACIONES DE BIENESTAR REALINEARSE EN TERANKA Una serie de b\u00fasquedas, pr\u00e1cticas, rituales y terapias corporales f\u00edsicas dedicadas para permitir a los hu\u00e9spedes realinearse con su ritmo natural. Teranka se ha alineado con los practicantes m\u00e1s extraordinarios del mundo del bienestar para crear una [&hellip;]<\/p>\n","protected":false},"author":1,"featured_media":0,"parent":3337,"menu_order":0,"comment_status":"closed","ping_status":"closed","template":"","meta":{"_seopress_robots_primary_cat":"","_seopress_titles_title":"Rituales de belleza y spa | Teranka Formentera","_seopress_titles_desc":"Rituales de belleza, spa y terapias en Teranka para realinearte con tu ritmo natural, honrando cuerpo, mente y esp\u00edritu en nuestro oasis de relajaci\u00f3n.","_seopress_robots_index":"","_seopress_analysis_target_kw":"","footnotes":""},"class_list":["post-3334","page","type-page","status-publish"],"_links":{"self":[{"href":"https:\/\/www.teranka.com\/es\/wp-json\/wp\/v2\/pages\/3334","targetHints":{"allow":["GET"]}}],"collection":[{"href":"https:\/\/www.teranka.com\/es\/wp-json\/wp\/v2\/pages"}],"about":[{"href":"https:\/\/www.teranka.com\/es\/wp-json\/wp\/v2\/types\/page"}],"author":[{"embeddable":true,"href":"https:\/\/www.teranka.com\/es\/wp-json\/wp\/v2\/users\/1"}],"replies":[{"embeddable":true,"href":"https:\/\/www.teranka.com\/es\/wp-json\/wp\/v2\/comments?post=3334"}],"version-history":[{"count":37,"href":"https:\/\/www.teranka.com\/es\/wp-json\/wp\/v2\/pages\/3334\/revisions"}],"predecessor-version":[{"id":9269,"href":"https:\/\/www.teranka.com\/es\/wp-json\/wp\/v2\/pages\/3334\/revisions\/9269"}],"up":[{"embeddable":true,"href":"https:\/\/www.teranka.com\/es\/wp-json\/wp\/v2\/pages\/3337"}],"wp:attachment":[{"href":"https:\/\/www.teranka.com\/es\/wp-json\/wp\/v2\/media?parent=3334"}],"curies":[{"name":"wp","href":"https:\/\/api.w.org\/{rel}","templated":true}]}}