{"id":3333,"date":"2023-05-26T09:53:09","date_gmt":"2023-05-26T07:53:09","guid":{"rendered":"https:\/\/www.teranka.com\/arte"},"modified":"2025-09-10T17:04:30","modified_gmt":"2025-09-10T15:04:30","slug":"arte","status":"publish","type":"page","link":"https:\/\/www.teranka.com\/es\/explorar\/arte","title":{"rendered":"Arte"},"content":{"rendered":"\t\t<div data-elementor-type=\"wp-page\" data-elementor-id=\"3333\" class=\"elementor elementor-3333 elementor-995\" data-elementor-post-type=\"page\">\n\t\t\t\t\t\t<section class=\"elementor-section elementor-top-section elementor-element elementor-element-047b969 elementor-section-full_width elementor-section-height-default elementor-section-height-default\" data-id=\"047b969\" data-element_type=\"section\" data-settings=\"{&quot;background_background&quot;:&quot;gradient&quot;}\">\n\t\t\t\t\t\t<div class=\"elementor-container elementor-column-gap-default\">\n\t\t\t\t\t<div class=\"elementor-column elementor-col-100 elementor-top-column elementor-element elementor-element-9031cf9\" data-id=\"9031cf9\" data-element_type=\"column\">\n\t\t\t<div class=\"elementor-widget-wrap elementor-element-populated\">\n\t\t\t\t\t\t<div class=\"elementor-element elementor-element-20541d6 elementor-widget elementor-widget-text-editor\" data-id=\"20541d6\" data-element_type=\"widget\" data-widget_type=\"text-editor.default\">\n\t\t\t\t<div class=\"elementor-widget-container\">\n\t\t\t\t\t\t\t\t\t<p><a href=\"https:\/\/www.teranka.com\/es\/explorar\">Explorar<\/a> &gt; Arte<\/p>\n\t\t\t\t\t\t\t\t<\/div>\n\t\t\t\t<\/div>\n\t\t\t\t\t<\/div>\n\t\t<\/div>\n\t\t\t\t\t<\/div>\n\t\t<\/section>\n\t\t\t\t<section class=\"elementor-section elementor-top-section elementor-element elementor-element-a8c026b elementor-section-full_width elementor-section-height-min-height elementor-section-items-bottom elementor-section-content-bottom elementor-section-height-default\" data-id=\"a8c026b\" data-element_type=\"section\" data-settings=\"{&quot;background_background&quot;:&quot;classic&quot;}\">\n\t\t\t\t\t\t<div class=\"elementor-container elementor-column-gap-default\">\n\t\t\t\t\t<div class=\"elementor-column elementor-col-100 elementor-top-column elementor-element elementor-element-5792820\" data-id=\"5792820\" data-element_type=\"column\" data-settings=\"{&quot;background_background&quot;:&quot;classic&quot;}\">\n\t\t\t<div class=\"elementor-widget-wrap elementor-element-populated\">\n\t\t\t\t\t<div class=\"elementor-background-overlay\"><\/div>\n\t\t\t\t\t\t<div class=\"elementor-element elementor-element-11ada0f elementor-widget elementor-widget-heading\" data-id=\"11ada0f\" data-element_type=\"widget\" data-widget_type=\"heading.default\">\n\t\t\t\t<div class=\"elementor-widget-container\">\n\t\t\t\t\t<h1 class=\"elementor-heading-title elementor-size-default\">Arte<\/h1>\t\t\t\t<\/div>\n\t\t\t\t<\/div>\n\t\t\t\t\t<\/div>\n\t\t<\/div>\n\t\t\t\t\t<\/div>\n\t\t<\/section>\n\t\t\t\t<section class=\"elementor-section elementor-top-section elementor-element elementor-element-90fe318 elementor-section-boxed elementor-section-height-default elementor-section-height-default\" data-id=\"90fe318\" data-element_type=\"section\" data-settings=\"{&quot;background_background&quot;:&quot;classic&quot;}\">\n\t\t\t\t\t\t<div class=\"elementor-container elementor-column-gap-custom\">\n\t\t\t\t\t<div class=\"elementor-column elementor-col-50 elementor-top-column elementor-element elementor-element-c84a3a0\" data-id=\"c84a3a0\" data-element_type=\"column\">\n\t\t\t<div class=\"elementor-widget-wrap elementor-element-populated\">\n\t\t\t\t\t\t<div class=\"elementor-element elementor-element-10607fd elementor-widget elementor-widget-heading\" data-id=\"10607fd\" data-element_type=\"widget\" data-widget_type=\"heading.default\">\n\t\t\t\t<div class=\"elementor-widget-container\">\n\t\t\t\t\t<h2 class=\"elementor-heading-title elementor-size-default\">Piezas que celebran la belleza y el linaje de la isla<\/h2>\t\t\t\t<\/div>\n\t\t\t\t<\/div>\n\t\t\t\t<div class=\"elementor-element elementor-element-c8f0fe9 elementor-widget elementor-widget-text-editor\" data-id=\"c8f0fe9\" data-element_type=\"widget\" data-widget_type=\"text-editor.default\">\n\t\t\t\t<div class=\"elementor-widget-container\">\n\t\t\t\t\t\t\t\t\t<p>El arte es fundamental en todo lo que hacemos en Teranka y nos permite establecer un v\u00ednculo entre nuestro mundo natural y el mundo que hemos dise\u00f1ado. Nuestra extraordinaria y siempre cambiante colecci\u00f3n de arte ha sido desarrollada por la dise\u00f1adora de interiores y coleccionista Katrina Phillips, de la ic\u00f3nica tienda y galer\u00eda 99 Portobello, cuya rigurosa dedicaci\u00f3n a la belleza y la autenticidad ha dado como resultado una serie de obras que reflejan los valores, la visi\u00f3n y la versatilidad de Teranka.<\/p>\n\t\t\t\t\t\t\t\t<\/div>\n\t\t\t\t<\/div>\n\t\t\t\t<div class=\"elementor-element elementor-element-14c552e elementor-widget elementor-widget-image\" data-id=\"14c552e\" data-element_type=\"widget\" data-widget_type=\"image.default\">\n\t\t\t\t<div class=\"elementor-widget-container\">\n\t\t\t\t\t\t\t\t\t\t\t\t\t\t\t<img fetchpriority=\"high\" decoding=\"async\" width=\"1200\" height=\"1200\" src=\"https:\/\/www.teranka.com\/wp-content\/uploads\/2023\/09\/art_teranka-1.jpg\" class=\"attachment-full size-full wp-image-4845\" alt=\"\" srcset=\"https:\/\/www.teranka.com\/wp-content\/uploads\/2023\/09\/art_teranka-1.jpg 1200w, https:\/\/www.teranka.com\/wp-content\/uploads\/2023\/09\/art_teranka-1-300x300.jpg 300w, https:\/\/www.teranka.com\/wp-content\/uploads\/2023\/09\/art_teranka-1-1024x1024.jpg 1024w, https:\/\/www.teranka.com\/wp-content\/uploads\/2023\/09\/art_teranka-1-150x150.jpg 150w, https:\/\/www.teranka.com\/wp-content\/uploads\/2023\/09\/art_teranka-1-768x768.jpg 768w, https:\/\/www.teranka.com\/wp-content\/uploads\/2023\/09\/art_teranka-1-650x650.jpg 650w\" sizes=\"(max-width: 1200px) 100vw, 1200px\" \/>\t\t\t\t\t\t\t\t\t\t\t\t\t\t\t<\/div>\n\t\t\t\t<\/div>\n\t\t\t\t\t<\/div>\n\t\t<\/div>\n\t\t\t\t<div class=\"elementor-column elementor-col-50 elementor-top-column elementor-element elementor-element-4868b03\" data-id=\"4868b03\" data-element_type=\"column\">\n\t\t\t<div class=\"elementor-widget-wrap elementor-element-populated\">\n\t\t\t\t\t\t<div class=\"elementor-element elementor-element-c67c65e elementor-widget elementor-widget-image\" data-id=\"c67c65e\" data-element_type=\"widget\" data-widget_type=\"image.default\">\n\t\t\t\t<div class=\"elementor-widget-container\">\n\t\t\t\t\t\t\t\t\t\t\t\t<figure class=\"wp-caption\">\n\t\t\t\t\t\t\t\t\t\t<img decoding=\"async\" width=\"2500\" height=\"1667\" src=\"https:\/\/www.teranka.com\/wp-content\/uploads\/2023\/11\/teranka_art-1.jpg\" class=\"attachment-full size-full wp-image-5781\" alt=\"\" srcset=\"https:\/\/www.teranka.com\/wp-content\/uploads\/2023\/11\/teranka_art-1.jpg 2500w, https:\/\/www.teranka.com\/wp-content\/uploads\/2023\/11\/teranka_art-1-300x200.jpg 300w, https:\/\/www.teranka.com\/wp-content\/uploads\/2023\/11\/teranka_art-1-1024x683.jpg 1024w, https:\/\/www.teranka.com\/wp-content\/uploads\/2023\/11\/teranka_art-1-768x512.jpg 768w, https:\/\/www.teranka.com\/wp-content\/uploads\/2023\/11\/teranka_art-1-1536x1024.jpg 1536w, https:\/\/www.teranka.com\/wp-content\/uploads\/2023\/11\/teranka_art-1-2048x1366.jpg 2048w\" sizes=\"(max-width: 2500px) 100vw, 2500px\" \/>\t\t\t\t\t\t\t\t\t\t\t<figcaption class=\"widget-image-caption wp-caption-text\">Irma's Dream de Jaume Plensa<\/figcaption>\n\t\t\t\t\t\t\t\t\t\t<\/figure>\n\t\t\t\t\t\t\t\t\t<\/div>\n\t\t\t\t<\/div>\n\t\t\t\t<div class=\"elementor-element elementor-element-7ff1136 elementor-widget elementor-widget-text-editor\" data-id=\"7ff1136\" data-element_type=\"widget\" data-widget_type=\"text-editor.default\">\n\t\t\t\t<div class=\"elementor-widget-container\">\n\t\t\t\t\t\t\t\t\t<p>En gran parte dirigido por mujeres, el trabajo de nuestros artistas respeta el linaje materno de Formentera y aprovecha la energ\u00eda intuitiva y protectora de la isla. Las obras de arte de Teranka utilizan materiales naturales y encontrados, junto con t\u00e9cnicas artesanales locales como la tejedur\u00eda y la cer\u00e1mica, para crear v\u00ednculos profundos entre el patrimonio f\u00edsico de la isla, como la pesca, la agricultura y la recolecci\u00f3n, y su patrimonio esot\u00e9rico, que incluye a los punkis, poetas y piratas que han llegado a las costas de Formentera. Nuestra colecci\u00f3n de arte en evoluci\u00f3n se complementa con una biblioteca del hotel cuidadosamente seleccionada que tiene como objetivo conectar a los hu\u00e9spedes a trav\u00e9s de ideas, inspiraci\u00f3n y hermosas conversaciones.<\/p>\n\t\t\t\t\t\t\t\t<\/div>\n\t\t\t\t<\/div>\n\t\t\t\t\t<\/div>\n\t\t<\/div>\n\t\t\t\t\t<\/div>\n\t\t<\/section>\n\t\t\t\t<\/div>\n\t\t","protected":false},"excerpt":{"rendered":"<p>Explorar &gt; Arte Arte Piezas que celebran la belleza y el linaje de la isla El arte es fundamental en todo lo que hacemos en Teranka y nos permite establecer un v\u00ednculo entre nuestro mundo natural y el mundo que hemos dise\u00f1ado. Nuestra extraordinaria y siempre cambiante colecci\u00f3n de arte ha sido desarrollada por la [&hellip;]<\/p>\n","protected":false},"author":1,"featured_media":0,"parent":3378,"menu_order":0,"comment_status":"closed","ping_status":"closed","template":"","meta":{"_seopress_robots_primary_cat":"","_seopress_titles_title":"Arte en Teranka Formentera | Explora la Creatividad","_seopress_titles_desc":"Descubre obras de arte \u00fanicas en Teranka Formentera: creatividad y magia en un entorno excepcional. Sum\u00e9rgete en nuestro fascinante mundo art\u00edstico.","_seopress_robots_index":"","footnotes":""},"class_list":["post-3333","page","type-page","status-publish"],"_links":{"self":[{"href":"https:\/\/www.teranka.com\/es\/wp-json\/wp\/v2\/pages\/3333","targetHints":{"allow":["GET"]}}],"collection":[{"href":"https:\/\/www.teranka.com\/es\/wp-json\/wp\/v2\/pages"}],"about":[{"href":"https:\/\/www.teranka.com\/es\/wp-json\/wp\/v2\/types\/page"}],"author":[{"embeddable":true,"href":"https:\/\/www.teranka.com\/es\/wp-json\/wp\/v2\/users\/1"}],"replies":[{"embeddable":true,"href":"https:\/\/www.teranka.com\/es\/wp-json\/wp\/v2\/comments?post=3333"}],"version-history":[{"count":19,"href":"https:\/\/www.teranka.com\/es\/wp-json\/wp\/v2\/pages\/3333\/revisions"}],"predecessor-version":[{"id":9182,"href":"https:\/\/www.teranka.com\/es\/wp-json\/wp\/v2\/pages\/3333\/revisions\/9182"}],"up":[{"embeddable":true,"href":"https:\/\/www.teranka.com\/es\/wp-json\/wp\/v2\/pages\/3378"}],"wp:attachment":[{"href":"https:\/\/www.teranka.com\/es\/wp-json\/wp\/v2\/media?parent=3333"}],"curies":[{"name":"wp","href":"https:\/\/api.w.org\/{rel}","templated":true}]}}