{"id":3317,"date":"2023-07-24T18:31:11","date_gmt":"2023-07-24T16:31:11","guid":{"rendered":"https:\/\/www.teranka.com\/comer-y-beber\/poolbar"},"modified":"2025-07-31T16:36:14","modified_gmt":"2025-07-31T14:36:14","slug":"poolbar","status":"publish","type":"page","link":"https:\/\/www.teranka.com\/es\/comer-y-beber\/poolbar","title":{"rendered":"PoolBar"},"content":{"rendered":"\t\t<div data-elementor-type=\"wp-page\" data-elementor-id=\"3317\" class=\"elementor elementor-3317 elementor-1339\" data-elementor-post-type=\"page\">\n\t\t\t\t\t\t<section class=\"elementor-section elementor-top-section elementor-element elementor-element-291b8ed elementor-section-full_width elementor-hidden-mobile elementor-section-height-default elementor-section-height-default\" data-id=\"291b8ed\" data-element_type=\"section\">\n\t\t\t\t\t\t<div class=\"elementor-container elementor-column-gap-default\">\n\t\t\t\t\t<div class=\"elementor-column elementor-col-100 elementor-top-column elementor-element elementor-element-a38fd4e\" data-id=\"a38fd4e\" data-element_type=\"column\">\n\t\t\t<div class=\"elementor-widget-wrap elementor-element-populated\">\n\t\t\t\t\t\t<div class=\"elementor-element elementor-element-a61234b elementor-widget elementor-widget-text-editor\" data-id=\"a61234b\" data-element_type=\"widget\" data-widget_type=\"text-editor.default\">\n\t\t\t\t<div class=\"elementor-widget-container\">\n\t\t\t\t\t\t\t\t\t<p><a href=\"https:\/\/www.teranka.com\/es\/comer-y-beber\">Comer y beber<\/a> &gt; Poolbar<\/p>\n\t\t\t\t\t\t\t\t<\/div>\n\t\t\t\t<\/div>\n\t\t\t\t\t<\/div>\n\t\t<\/div>\n\t\t\t\t\t<\/div>\n\t\t<\/section>\n\t\t\t\t<section class=\"elementor-section elementor-top-section elementor-element elementor-element-39993ec elementor-section-height-min-height elementor-section-boxed elementor-section-height-default elementor-section-items-middle\" data-id=\"39993ec\" data-element_type=\"section\">\n\t\t\t\t\t\t<div class=\"elementor-container elementor-column-gap-default\">\n\t\t\t\t\t<div class=\"elementor-column elementor-col-100 elementor-top-column elementor-element elementor-element-f08bf88\" data-id=\"f08bf88\" data-element_type=\"column\" data-settings=\"{&quot;background_background&quot;:&quot;classic&quot;}\">\n\t\t\t<div class=\"elementor-widget-wrap elementor-element-populated\">\n\t\t\t\t\t<div class=\"elementor-background-overlay\"><\/div>\n\t\t\t\t\t\t<div class=\"elementor-element elementor-element-a6b62fe elementor-widget elementor-widget-heading\" data-id=\"a6b62fe\" data-element_type=\"widget\" data-widget_type=\"heading.default\">\n\t\t\t\t<div class=\"elementor-widget-container\">\n\t\t\t\t\t<h1 class=\"elementor-heading-title elementor-size-default\">Poolbar<\/h1>\t\t\t\t<\/div>\n\t\t\t\t<\/div>\n\t\t\t\t\t<\/div>\n\t\t<\/div>\n\t\t\t\t\t<\/div>\n\t\t<\/section>\n\t\t\t\t<section class=\"elementor-section elementor-top-section elementor-element elementor-element-78bf218 elementor-section-boxed elementor-section-height-default elementor-section-height-default\" data-id=\"78bf218\" data-element_type=\"section\">\n\t\t\t\t\t\t<div class=\"elementor-container elementor-column-gap-default\">\n\t\t\t\t\t<div class=\"elementor-column elementor-col-50 elementor-top-column elementor-element elementor-element-372192d\" data-id=\"372192d\" data-element_type=\"column\">\n\t\t\t<div class=\"elementor-widget-wrap elementor-element-populated\">\n\t\t\t\t\t\t<div class=\"elementor-element elementor-element-43c7c12 elementor-widget elementor-widget-text-editor\" data-id=\"43c7c12\" data-element_type=\"widget\" data-widget_type=\"text-editor.default\">\n\t\t\t\t<div class=\"elementor-widget-container\">\n\t\t\t\t\t\t\t\t\t<p>Ideal para almuerzos tranquilos, solo con un libro, contemplando la paz y la soledad del entorno natural de Teranka, cenar junto a la piscina es una experiencia sumamente acogedora. Nuestro men\u00fa atemporal junto a la piscina se complementa con el propio bar de la piscina, donde los c\u00f3cteles mezclados por expertos incorporan los ingredientes locales m\u00e1s frescos.<\/p>\n\t\t\t\t\t\t\t\t<\/div>\n\t\t\t\t<\/div>\n\t\t\t\t<div class=\"elementor-element elementor-element-a4496d4 elementor-widget elementor-widget-button\" data-id=\"a4496d4\" data-element_type=\"widget\" data-widget_type=\"button.default\">\n\t\t\t\t<div class=\"elementor-widget-container\">\n\t\t\t\t\t\t\t\t\t<div class=\"elementor-button-wrapper\">\n\t\t\t\t\t<a class=\"elementor-button elementor-button-link elementor-size-sm\" href=\"https:\/\/www.teranka.com\/wp-content\/uploads\/2025\/07\/tk_lunch_qr-2.pdf\">\n\t\t\t\t\t\t<span class=\"elementor-button-content-wrapper\">\n\t\t\t\t\t\t<span class=\"elementor-button-icon\">\n\t\t\t\t<svg xmlns=\"http:\/\/www.w3.org\/2000\/svg\" width=\"18.527\" height=\"18.674\" viewBox=\"0 0 18.527 18.674\"><path id=\"_8111398_download_arrow_down_direction_navigation_icon\" data-name=\"8111398_download_arrow_down_direction_navigation_icon\" d=\"M45,49.8l-4.372-4.372.9-.9,2.832,2.831V34h1.276V47.358l2.832-2.831.9.9Zm7.988-2.469v3.921a.152.152,0,0,1-.146.146h-15.7a.139.139,0,0,1-.129-.146V47.332H35.74v3.921a1.416,1.416,0,0,0,1.405,1.421h15.7a1.424,1.424,0,0,0,1.422-1.422V47.332Z\" transform=\"translate(-35.74 -34)\" fill=\"#a95134\"><\/path><\/svg>\t\t\t<\/span>\n\t\t\t\t\t\t\t\t\t<span class=\"elementor-button-text\">carta<\/span>\n\t\t\t\t\t<\/span>\n\t\t\t\t\t<\/a>\n\t\t\t\t<\/div>\n\t\t\t\t\t\t\t\t<\/div>\n\t\t\t\t<\/div>\n\t\t\t\t<div class=\"elementor-element elementor-element-f9825fe elementor-widget elementor-widget-button\" data-id=\"f9825fe\" data-element_type=\"widget\" data-widget_type=\"button.default\">\n\t\t\t\t<div class=\"elementor-widget-container\">\n\t\t\t\t\t\t\t\t\t<div class=\"elementor-button-wrapper\">\n\t\t\t\t\t<a class=\"elementor-button elementor-button-link elementor-size-sm\" href=\"https:\/\/www.teranka.com\/wp-content\/uploads\/2024\/06\/tk_poolbar_ihp.pdf\">\n\t\t\t\t\t\t<span class=\"elementor-button-content-wrapper\">\n\t\t\t\t\t\t<span class=\"elementor-button-icon\">\n\t\t\t\t<svg xmlns=\"http:\/\/www.w3.org\/2000\/svg\" width=\"18.527\" height=\"18.674\" viewBox=\"0 0 18.527 18.674\"><path id=\"_8111398_download_arrow_down_direction_navigation_icon\" data-name=\"8111398_download_arrow_down_direction_navigation_icon\" d=\"M45,49.8l-4.372-4.372.9-.9,2.832,2.831V34h1.276V47.358l2.832-2.831.9.9Zm7.988-2.469v3.921a.152.152,0,0,1-.146.146h-15.7a.139.139,0,0,1-.129-.146V47.332H35.74v3.921a1.416,1.416,0,0,0,1.405,1.421h15.7a1.424,1.424,0,0,0,1.422-1.422V47.332Z\" transform=\"translate(-35.74 -34)\" fill=\"#a95134\"><\/path><\/svg>\t\t\t<\/span>\n\t\t\t\t\t\t\t\t\t<span class=\"elementor-button-text\">carta de bebidas<\/span>\n\t\t\t\t\t<\/span>\n\t\t\t\t\t<\/a>\n\t\t\t\t<\/div>\n\t\t\t\t\t\t\t\t<\/div>\n\t\t\t\t<\/div>\n\t\t\t\t<div class=\"elementor-element elementor-element-a88aedc elementor-widget elementor-widget-button\" data-id=\"a88aedc\" data-element_type=\"widget\" data-widget_type=\"button.default\">\n\t\t\t\t<div class=\"elementor-widget-container\">\n\t\t\t\t\t\t\t\t\t<div class=\"elementor-button-wrapper\">\n\t\t\t\t\t<a class=\"elementor-button elementor-button-link elementor-size-sm\" href=\"https:\/\/www.teranka.com\/wp-content\/uploads\/2024\/08\/tk_wines_qr.pdf\">\n\t\t\t\t\t\t<span class=\"elementor-button-content-wrapper\">\n\t\t\t\t\t\t<span class=\"elementor-button-icon\">\n\t\t\t\t<svg xmlns=\"http:\/\/www.w3.org\/2000\/svg\" width=\"18.527\" height=\"18.674\" viewBox=\"0 0 18.527 18.674\"><path id=\"_8111398_download_arrow_down_direction_navigation_icon\" data-name=\"8111398_download_arrow_down_direction_navigation_icon\" d=\"M45,49.8l-4.372-4.372.9-.9,2.832,2.831V34h1.276V47.358l2.832-2.831.9.9Zm7.988-2.469v3.921a.152.152,0,0,1-.146.146h-15.7a.139.139,0,0,1-.129-.146V47.332H35.74v3.921a1.416,1.416,0,0,0,1.405,1.421h15.7a1.424,1.424,0,0,0,1.422-1.422V47.332Z\" transform=\"translate(-35.74 -34)\" fill=\"#a95134\"><\/path><\/svg>\t\t\t<\/span>\n\t\t\t\t\t\t\t\t\t<span class=\"elementor-button-text\">carta de vinos<\/span>\n\t\t\t\t\t<\/span>\n\t\t\t\t\t<\/a>\n\t\t\t\t<\/div>\n\t\t\t\t\t\t\t\t<\/div>\n\t\t\t\t<\/div>\n\t\t\t\t\t<\/div>\n\t\t<\/div>\n\t\t\t\t<div class=\"elementor-column elementor-col-50 elementor-top-column elementor-element elementor-element-dcd25eb\" data-id=\"dcd25eb\" data-element_type=\"column\">\n\t\t\t<div class=\"elementor-widget-wrap elementor-element-populated\">\n\t\t\t\t\t\t<div class=\"elementor-element elementor-element-0c16d0c elementor-widget elementor-widget-text-editor\" data-id=\"0c16d0c\" data-element_type=\"widget\" data-widget_type=\"text-editor.default\">\n\t\t\t\t<div class=\"elementor-widget-container\">\n\t\t\t\t\t\t\t\t\t<p>Horario<\/p>\n\t\t\t\t\t\t\t\t<\/div>\n\t\t\t\t<\/div>\n\t\t\t\t<div class=\"elementor-element elementor-element-f195d10 elementor-widget elementor-widget-text-editor\" data-id=\"f195d10\" data-element_type=\"widget\" data-widget_type=\"text-editor.default\">\n\t\t\t\t<div class=\"elementor-widget-container\">\n\t\t\t\t\t\t\t\t\t<p>11:00 \u2013 20:00<\/p>\t\t\t\t\t\t\t\t<\/div>\n\t\t\t\t<\/div>\n\t\t\t\t<div class=\"elementor-element elementor-element-20338f4 elementor-widget elementor-widget-text-editor\" data-id=\"20338f4\" data-element_type=\"widget\" data-widget_type=\"text-editor.default\">\n\t\t\t\t<div class=\"elementor-widget-container\">\n\t\t\t\t\t\t\t\t\t<p>CONTACTO<\/p>\n\t\t\t\t\t\t\t\t<\/div>\n\t\t\t\t<\/div>\n\t\t\t\t<div class=\"elementor-element elementor-element-be646c8 elementor-widget elementor-widget-text-editor\" data-id=\"be646c8\" data-element_type=\"widget\" data-widget_type=\"text-editor.default\">\n\t\t\t\t<div class=\"elementor-widget-container\">\n\t\t\t\t\t\t\t\t\t<p>Correo electr\u00f3nico: <a href=\"mailto:restaurantes@teranka.com\">restaurantes@teranka.com <\/a> <br \/>Telf: <a href=\"tel:%20+34871873030\">+34 871 873 030<\/a><\/p>\t\t\t\t\t\t\t\t<\/div>\n\t\t\t\t<\/div>\n\t\t\t\t\t<\/div>\n\t\t<\/div>\n\t\t\t\t\t<\/div>\n\t\t<\/section>\n\t\t\t\t<section class=\"elementor-section elementor-top-section elementor-element elementor-element-ff9832b elementor-section-boxed elementor-section-height-default elementor-section-height-default\" data-id=\"ff9832b\" data-element_type=\"section\">\n\t\t\t\t\t\t\t<div class=\"elementor-background-overlay\"><\/div>\n\t\t\t\t\t\t\t<div class=\"elementor-container elementor-column-gap-default\">\n\t\t\t\t\t<div class=\"elementor-column elementor-col-100 elementor-top-column elementor-element elementor-element-d11a31c\" data-id=\"d11a31c\" data-element_type=\"column\">\n\t\t\t<div class=\"elementor-widget-wrap elementor-element-populated\">\n\t\t\t\t\t\t<section class=\"elementor-section elementor-inner-section elementor-element elementor-element-6022bbd elementor-section-boxed elementor-section-height-default elementor-section-height-default\" data-id=\"6022bbd\" data-element_type=\"section\">\n\t\t\t\t\t\t<div class=\"elementor-container elementor-column-gap-default\">\n\t\t\t\t\t<div class=\"elementor-column elementor-col-50 elementor-inner-column elementor-element elementor-element-a03e993\" data-id=\"a03e993\" data-element_type=\"column\">\n\t\t\t<div class=\"elementor-widget-wrap elementor-element-populated\">\n\t\t\t\t\t\t<div class=\"elementor-element elementor-element-9cad522 elementor-widget elementor-widget-image\" data-id=\"9cad522\" data-element_type=\"widget\" data-widget_type=\"image.default\">\n\t\t\t\t<div class=\"elementor-widget-container\">\n\t\t\t\t\t\t\t\t\t\t\t\t\t\t\t<img fetchpriority=\"high\" decoding=\"async\" width=\"763\" height=\"619\" src=\"https:\/\/www.teranka.com\/wp-content\/uploads\/2023\/07\/Poolbar_teranka2.jpg\" class=\"attachment-large size-large wp-image-3212\" alt=\"\" srcset=\"https:\/\/www.teranka.com\/wp-content\/uploads\/2023\/07\/Poolbar_teranka2.jpg 763w, https:\/\/www.teranka.com\/wp-content\/uploads\/2023\/07\/Poolbar_teranka2-300x243.jpg 300w\" sizes=\"(max-width: 763px) 100vw, 763px\" \/>\t\t\t\t\t\t\t\t\t\t\t\t\t\t\t<\/div>\n\t\t\t\t<\/div>\n\t\t\t\t\t<\/div>\n\t\t<\/div>\n\t\t\t\t<div class=\"elementor-column elementor-col-50 elementor-inner-column elementor-element elementor-element-8e13706\" data-id=\"8e13706\" data-element_type=\"column\">\n\t\t\t<div class=\"elementor-widget-wrap elementor-element-populated\">\n\t\t\t\t\t\t<div class=\"elementor-element elementor-element-bde95b2 elementor-widget elementor-widget-image\" data-id=\"bde95b2\" data-element_type=\"widget\" data-widget_type=\"image.default\">\n\t\t\t\t<div class=\"elementor-widget-container\">\n\t\t\t\t\t\t\t\t\t\t\t\t\t\t\t<img decoding=\"async\" width=\"800\" height=\"593\" src=\"https:\/\/www.teranka.com\/wp-content\/uploads\/2023\/07\/Poolbar_teranka4.jpg\" class=\"attachment-large size-large wp-image-3214\" alt=\"\" srcset=\"https:\/\/www.teranka.com\/wp-content\/uploads\/2023\/07\/Poolbar_teranka4.jpg 836w, https:\/\/www.teranka.com\/wp-content\/uploads\/2023\/07\/Poolbar_teranka4-300x222.jpg 300w, https:\/\/www.teranka.com\/wp-content\/uploads\/2023\/07\/Poolbar_teranka4-768x570.jpg 768w\" sizes=\"(max-width: 800px) 100vw, 800px\" \/>\t\t\t\t\t\t\t\t\t\t\t\t\t\t\t<\/div>\n\t\t\t\t<\/div>\n\t\t\t\t\t<\/div>\n\t\t<\/div>\n\t\t\t\t\t<\/div>\n\t\t<\/section>\n\t\t\t\t<section class=\"elementor-section elementor-inner-section elementor-element elementor-element-a94a3cb elementor-section-boxed elementor-section-height-default elementor-section-height-default\" data-id=\"a94a3cb\" data-element_type=\"section\">\n\t\t\t\t\t\t<div class=\"elementor-container elementor-column-gap-default\">\n\t\t\t\t\t<div class=\"elementor-column elementor-col-50 elementor-inner-column elementor-element elementor-element-77acc50\" data-id=\"77acc50\" data-element_type=\"column\">\n\t\t\t<div class=\"elementor-widget-wrap elementor-element-populated\">\n\t\t\t\t\t\t<div class=\"elementor-element elementor-element-6f0c1ec elementor-widget elementor-widget-image\" data-id=\"6f0c1ec\" data-element_type=\"widget\" data-widget_type=\"image.default\">\n\t\t\t\t<div class=\"elementor-widget-container\">\n\t\t\t\t\t\t\t\t\t\t\t\t\t\t\t<img decoding=\"async\" width=\"800\" height=\"593\" src=\"https:\/\/www.teranka.com\/wp-content\/uploads\/2023\/07\/Poolbar_teranka3.jpg\" class=\"attachment-large size-large wp-image-3213\" alt=\"\" srcset=\"https:\/\/www.teranka.com\/wp-content\/uploads\/2023\/07\/Poolbar_teranka3.jpg 836w, https:\/\/www.teranka.com\/wp-content\/uploads\/2023\/07\/Poolbar_teranka3-300x222.jpg 300w, https:\/\/www.teranka.com\/wp-content\/uploads\/2023\/07\/Poolbar_teranka3-768x570.jpg 768w\" sizes=\"(max-width: 800px) 100vw, 800px\" \/>\t\t\t\t\t\t\t\t\t\t\t\t\t\t\t<\/div>\n\t\t\t\t<\/div>\n\t\t\t\t\t<\/div>\n\t\t<\/div>\n\t\t\t\t<div class=\"elementor-column elementor-col-50 elementor-inner-column elementor-element elementor-element-74db466\" data-id=\"74db466\" data-element_type=\"column\">\n\t\t\t<div class=\"elementor-widget-wrap elementor-element-populated\">\n\t\t\t\t\t\t<div class=\"elementor-element elementor-element-5e45526 elementor-widget elementor-widget-image\" data-id=\"5e45526\" data-element_type=\"widget\" data-widget_type=\"image.default\">\n\t\t\t\t<div class=\"elementor-widget-container\">\n\t\t\t\t\t\t\t\t\t\t\t\t\t\t\t<img loading=\"lazy\" decoding=\"async\" width=\"800\" height=\"534\" src=\"https:\/\/www.teranka.com\/wp-content\/uploads\/2023\/10\/teranka_dining_0-1024x683.jpg\" class=\"attachment-large size-large wp-image-5510\" alt=\"\" srcset=\"https:\/\/www.teranka.com\/wp-content\/uploads\/2023\/10\/teranka_dining_0-1024x683.jpg 1024w, https:\/\/www.teranka.com\/wp-content\/uploads\/2023\/10\/teranka_dining_0-300x200.jpg 300w, https:\/\/www.teranka.com\/wp-content\/uploads\/2023\/10\/teranka_dining_0-768x512.jpg 768w, https:\/\/www.teranka.com\/wp-content\/uploads\/2023\/10\/teranka_dining_0-1536x1024.jpg 1536w, https:\/\/www.teranka.com\/wp-content\/uploads\/2023\/10\/teranka_dining_0-2048x1366.jpg 2048w\" sizes=\"(max-width: 800px) 100vw, 800px\" \/>\t\t\t\t\t\t\t\t\t\t\t\t\t\t\t<\/div>\n\t\t\t\t<\/div>\n\t\t\t\t\t<\/div>\n\t\t<\/div>\n\t\t\t\t\t<\/div>\n\t\t<\/section>\n\t\t\t\t\t<\/div>\n\t\t<\/div>\n\t\t\t\t\t<\/div>\n\t\t<\/section>\n\t\t\t\t<\/div>\n\t\t","protected":false},"excerpt":{"rendered":"<p>Comer y beber &gt; Poolbar Poolbar Ideal para almuerzos tranquilos, solo con un libro, contemplando la paz y la soledad del entorno natural de Teranka, cenar junto a la piscina es una experiencia sumamente acogedora. Nuestro men\u00fa atemporal junto a la piscina se complementa con el propio bar de la piscina, donde los c\u00f3cteles mezclados [&hellip;]<\/p>\n","protected":false},"author":1,"featured_media":0,"parent":3315,"menu_order":0,"comment_status":"closed","ping_status":"closed","template":"","meta":{"_seopress_robots_primary_cat":"","_seopress_titles_title":"Cenas y C\u00f3cteles junto a la Piscina | Teranka Formentera","_seopress_titles_desc":"Disfruta de cenas acogedoras y c\u00f3cteles junto a la piscina en Teranka, un restaurante en Formentera ideal para almuerzos tranquilos y momentos de paz.","_seopress_robots_index":"","footnotes":""},"class_list":["post-3317","page","type-page","status-publish"],"_links":{"self":[{"href":"https:\/\/www.teranka.com\/es\/wp-json\/wp\/v2\/pages\/3317","targetHints":{"allow":["GET"]}}],"collection":[{"href":"https:\/\/www.teranka.com\/es\/wp-json\/wp\/v2\/pages"}],"about":[{"href":"https:\/\/www.teranka.com\/es\/wp-json\/wp\/v2\/types\/page"}],"author":[{"embeddable":true,"href":"https:\/\/www.teranka.com\/es\/wp-json\/wp\/v2\/users\/1"}],"replies":[{"embeddable":true,"href":"https:\/\/www.teranka.com\/es\/wp-json\/wp\/v2\/comments?post=3317"}],"version-history":[{"count":47,"href":"https:\/\/www.teranka.com\/es\/wp-json\/wp\/v2\/pages\/3317\/revisions"}],"predecessor-version":[{"id":8976,"href":"https:\/\/www.teranka.com\/es\/wp-json\/wp\/v2\/pages\/3317\/revisions\/8976"}],"up":[{"embeddable":true,"href":"https:\/\/www.teranka.com\/es\/wp-json\/wp\/v2\/pages\/3315"}],"wp:attachment":[{"href":"https:\/\/www.teranka.com\/es\/wp-json\/wp\/v2\/media?parent=3317"}],"curies":[{"name":"wp","href":"https:\/\/api.w.org\/{rel}","templated":true}]}}