{"id":3316,"date":"2023-05-22T09:50:16","date_gmt":"2023-05-22T07:50:16","guid":{"rendered":"https:\/\/www.teranka.com\/cielo"},"modified":"2026-03-05T17:19:58","modified_gmt":"2026-03-05T15:19:58","slug":"cielo","status":"publish","type":"page","link":"https:\/\/www.teranka.com\/es\/cielo","title":{"rendered":"Cielo"},"content":{"rendered":"\t\t<div data-elementor-type=\"wp-page\" data-elementor-id=\"3316\" class=\"elementor elementor-3316 elementor-434\" data-elementor-post-type=\"page\">\n\t\t\t\t\t\t<section class=\"elementor-section elementor-top-section elementor-element elementor-element-bb0684d elementor-section-full_width elementor-reverse-mobile elementor-hidden-mobile elementor-section-height-default elementor-section-height-default\" data-id=\"bb0684d\" data-element_type=\"section\">\n\t\t\t\t\t\t<div class=\"elementor-container elementor-column-gap-default\">\n\t\t\t\t\t<div class=\"elementor-column elementor-col-100 elementor-top-column elementor-element elementor-element-8e53945\" data-id=\"8e53945\" data-element_type=\"column\">\n\t\t\t<div class=\"elementor-widget-wrap elementor-element-populated\">\n\t\t\t\t\t\t<div class=\"elementor-element elementor-element-24d5000 elementor-widget elementor-widget-text-editor\" data-id=\"24d5000\" data-element_type=\"widget\" data-widget_type=\"text-editor.default\">\n\t\t\t\t<div class=\"elementor-widget-container\">\n\t\t\t\t\t\t\t\t\t<p><a href=\"https:\/\/www.teranka.com\/es\">Inicio<\/a> &gt; Cielo <\/p>\n\t\t\t\t\t\t\t\t<\/div>\n\t\t\t\t<\/div>\n\t\t\t\t\t<\/div>\n\t\t<\/div>\n\t\t\t\t\t<\/div>\n\t\t<\/section>\n\t\t\t\t<section class=\"elementor-section elementor-top-section elementor-element elementor-element-612e4ed elementor-section-boxed elementor-section-height-default elementor-section-height-default\" data-id=\"612e4ed\" data-element_type=\"section\">\n\t\t\t\t\t\t<div class=\"elementor-container elementor-column-gap-default\">\n\t\t\t\t\t<div class=\"elementor-column elementor-col-50 elementor-top-column elementor-element elementor-element-bb5fc66\" data-id=\"bb5fc66\" data-element_type=\"column\">\n\t\t\t<div class=\"elementor-widget-wrap elementor-element-populated\">\n\t\t\t\t\t\t<div class=\"elementor-element elementor-element-05a5e65 elementor-widget elementor-widget-heading\" data-id=\"05a5e65\" data-element_type=\"widget\" data-widget_type=\"heading.default\">\n\t\t\t\t<div class=\"elementor-widget-container\">\n\t\t\t\t\t<h1 class=\"elementor-heading-title elementor-size-default\">Cielo<\/h1>\t\t\t\t<\/div>\n\t\t\t\t<\/div>\n\t\t\t\t\t<\/div>\n\t\t<\/div>\n\t\t\t\t<div class=\"elementor-column elementor-col-50 elementor-top-column elementor-element elementor-element-20365f9\" data-id=\"20365f9\" data-element_type=\"column\">\n\t\t\t<div class=\"elementor-widget-wrap elementor-element-populated\">\n\t\t\t\t\t\t<div class=\"elementor-element elementor-element-c818503 elementor-widget-divider--view-line_text elementor-widget-divider--element-align-left elementor-widget elementor-widget-divider\" data-id=\"c818503\" data-element_type=\"widget\" data-widget_type=\"divider.default\">\n\t\t\t\t<div class=\"elementor-widget-container\">\n\t\t\t\t\t\t\t<div class=\"elementor-divider\">\n\t\t\t<span class=\"elementor-divider-separator\">\n\t\t\t\t\t\t\t<span class=\"elementor-divider__text elementor-divider__element\">\n\t\t\t\tEn armon\u00eda entre las nubes\t\t\t\t<\/span>\n\t\t\t\t\t\t<\/span>\n\t\t<\/div>\n\t\t\t\t\t\t<\/div>\n\t\t\t\t<\/div>\n\t\t\t\t<div class=\"elementor-element elementor-element-69f36bc elementor-widget elementor-widget-text-editor\" data-id=\"69f36bc\" data-element_type=\"widget\" data-widget_type=\"text-editor.default\">\n\t\t\t\t<div class=\"elementor-widget-container\">\n\t\t\t\t\t\t\t\t\t<p>Estas suitres panor\u00e1micas son la manifestaci\u00f3n de la dedicaci\u00f3n de Teranka a la tranquilidad; una serie de estudios elevados y apartados con extraordinarias vistas al mar y al bosque, terrazas privadas y salas de estar independientes. Las suites Cielo son refugios innovadores y r\u00fasticos creados para profundizar nuestra conexi\u00f3n y armon\u00eda con la naturaleza.<\/p>\n\t\t\t\t\t\t\t\t<\/div>\n\t\t\t\t<\/div>\n\t\t\t\t\t<\/div>\n\t\t<\/div>\n\t\t\t\t\t<\/div>\n\t\t<\/section>\n\t\t\t\t<section class=\"elementor-section elementor-top-section elementor-element elementor-element-d63aa0d elementor-section-boxed elementor-section-height-default elementor-section-height-default\" data-id=\"d63aa0d\" data-element_type=\"section\">\n\t\t\t\t\t\t<div class=\"elementor-container elementor-column-gap-custom\">\n\t\t\t\t\t<div class=\"elementor-column elementor-col-50 elementor-top-column elementor-element elementor-element-5d71a5c\" data-id=\"5d71a5c\" data-element_type=\"column\">\n\t\t\t<div class=\"elementor-widget-wrap elementor-element-populated\">\n\t\t\t\t\t\t<div class=\"elementor-element elementor-element-9baeed1 elementor-widget elementor-widget-image\" data-id=\"9baeed1\" data-element_type=\"widget\" data-widget_type=\"image.default\">\n\t\t\t\t<div class=\"elementor-widget-container\">\n\t\t\t\t\t\t\t\t\t\t\t\t\t\t\t<img fetchpriority=\"high\" decoding=\"async\" width=\"800\" height=\"673\" src=\"https:\/\/www.teranka.com\/wp-content\/uploads\/2023\/07\/rooms_cielo_teranka0-1024x861.jpg\" class=\"attachment-large size-large wp-image-3176\" alt=\"\" srcset=\"https:\/\/www.teranka.com\/wp-content\/uploads\/2023\/07\/rooms_cielo_teranka0-1024x861.jpg 1024w, https:\/\/www.teranka.com\/wp-content\/uploads\/2023\/07\/rooms_cielo_teranka0-300x252.jpg 300w, https:\/\/www.teranka.com\/wp-content\/uploads\/2023\/07\/rooms_cielo_teranka0-768x646.jpg 768w, https:\/\/www.teranka.com\/wp-content\/uploads\/2023\/07\/rooms_cielo_teranka0.jpg 1246w\" sizes=\"(max-width: 800px) 100vw, 800px\" \/>\t\t\t\t\t\t\t\t\t\t\t\t\t\t\t<\/div>\n\t\t\t\t<\/div>\n\t\t\t\t<div class=\"elementor-element elementor-element-9291661 elementor-widget elementor-widget-heading\" data-id=\"9291661\" data-element_type=\"widget\" data-widget_type=\"heading.default\">\n\t\t\t\t<div class=\"elementor-widget-container\">\n\t\t\t\t\t<h2 class=\"elementor-heading-title elementor-size-default\"><a href=\"https:\/\/www.teranka.com\/es\/cielo\/deluxe-junior-suite\">Deluxe Junior Suite<\/a><\/h2>\t\t\t\t<\/div>\n\t\t\t\t<\/div>\n\t\t\t\t<div class=\"elementor-element elementor-element-34028ff elementor-widget-divider--view-line_text elementor-widget-divider--element-align-left elementor-widget elementor-widget-divider\" data-id=\"34028ff\" data-element_type=\"widget\" data-widget_type=\"divider.default\">\n\t\t\t\t<div class=\"elementor-widget-container\">\n\t\t\t\t\t\t\t<div class=\"elementor-divider\">\n\t\t\t<span class=\"elementor-divider-separator\">\n\t\t\t\t\t\t\t<span class=\"elementor-divider__text elementor-divider__element\">\n\t\t\t\tTranquilidad armoniosa\t\t\t\t<\/span>\n\t\t\t\t\t\t<\/span>\n\t\t<\/div>\n\t\t\t\t\t\t<\/div>\n\t\t\t\t<\/div>\n\t\t\t\t<div class=\"elementor-element elementor-element-6d94996 elementor-widget elementor-widget-text-editor\" data-id=\"6d94996\" data-element_type=\"widget\" data-widget_type=\"text-editor.default\">\n\t\t\t\t<div class=\"elementor-widget-container\">\n\t\t\t\t\t\t\t\t\t<p>Una generosa habitaci\u00f3n de 30m<sup>2<\/sup> con espacio privado al aire libre en el coraz\u00f3n del entorno natural de Formentera.<\/p><p><em><span class=\"cf0\">Sabemos que las mascotas son parte de la familia y, en Teranka Formentera, \u00a1nos encantan los animales! Admitimos un perro de hasta 8 kg por habitaci\u00f3n en esta categor\u00eda. Haga clic <a href=\"https:\/\/www.teranka.com\/wp-content\/uploads\/2026\/03\/tk-pet-policy_2025_es.pdf\">aqu\u00ed<\/a> para m\u00e1s detalles.<\/span><\/em><\/p>\t\t\t\t\t\t\t\t<\/div>\n\t\t\t\t<\/div>\n\t\t\t\t<div class=\"elementor-element elementor-element-11d5a52 elementor-widget elementor-widget-button\" data-id=\"11d5a52\" data-element_type=\"widget\" data-widget_type=\"button.default\">\n\t\t\t\t<div class=\"elementor-widget-container\">\n\t\t\t\t\t\t\t\t\t<div class=\"elementor-button-wrapper\">\n\t\t\t\t\t<a class=\"elementor-button elementor-button-link elementor-size-sm\" href=\"https:\/\/www.teranka.com\/es\/cielo\/deluxe-junior-suite\">\n\t\t\t\t\t\t<span class=\"elementor-button-content-wrapper\">\n\t\t\t\t\t\t\t\t\t<span class=\"elementor-button-text\">LEER M\u00c1S<\/span>\n\t\t\t\t\t<\/span>\n\t\t\t\t\t<\/a>\n\t\t\t\t<\/div>\n\t\t\t\t\t\t\t\t<\/div>\n\t\t\t\t<\/div>\n\t\t\t\t\t<\/div>\n\t\t<\/div>\n\t\t\t\t<div class=\"elementor-column elementor-col-50 elementor-top-column elementor-element elementor-element-2617b94\" data-id=\"2617b94\" data-element_type=\"column\">\n\t\t\t<div class=\"elementor-widget-wrap elementor-element-populated\">\n\t\t\t\t\t\t<div class=\"elementor-element elementor-element-79d4ce0 elementor-widget elementor-widget-image\" data-id=\"79d4ce0\" data-element_type=\"widget\" data-widget_type=\"image.default\">\n\t\t\t\t<div class=\"elementor-widget-container\">\n\t\t\t\t\t\t\t\t\t\t\t\t\t\t\t<img decoding=\"async\" width=\"1247\" height=\"1047\" src=\"https:\/\/www.teranka.com\/wp-content\/uploads\/2023\/07\/rooms_cielo_teranka2.jpg\" class=\"attachment-full size-full wp-image-3177\" alt=\"\" srcset=\"https:\/\/www.teranka.com\/wp-content\/uploads\/2023\/07\/rooms_cielo_teranka2.jpg 1247w, https:\/\/www.teranka.com\/wp-content\/uploads\/2023\/07\/rooms_cielo_teranka2-300x252.jpg 300w, https:\/\/www.teranka.com\/wp-content\/uploads\/2023\/07\/rooms_cielo_teranka2-1024x860.jpg 1024w, https:\/\/www.teranka.com\/wp-content\/uploads\/2023\/07\/rooms_cielo_teranka2-768x645.jpg 768w\" sizes=\"(max-width: 1247px) 100vw, 1247px\" \/>\t\t\t\t\t\t\t\t\t\t\t\t\t\t\t<\/div>\n\t\t\t\t<\/div>\n\t\t\t\t<div class=\"elementor-element elementor-element-533abc0 elementor-widget elementor-widget-heading\" data-id=\"533abc0\" data-element_type=\"widget\" data-widget_type=\"heading.default\">\n\t\t\t\t<div class=\"elementor-widget-container\">\n\t\t\t\t\t<h2 class=\"elementor-heading-title elementor-size-default\"><a href=\"https:\/\/www.teranka.com\/es\/cielo\/garden-suite\">Garden Suite<\/a><\/h2>\t\t\t\t<\/div>\n\t\t\t\t<\/div>\n\t\t\t\t<div class=\"elementor-element elementor-element-8938cd7 elementor-widget-divider--view-line_text elementor-widget-divider--element-align-left elementor-widget elementor-widget-divider\" data-id=\"8938cd7\" data-element_type=\"widget\" data-widget_type=\"divider.default\">\n\t\t\t\t<div class=\"elementor-widget-container\">\n\t\t\t\t\t\t\t<div class=\"elementor-divider\">\n\t\t\t<span class=\"elementor-divider-separator\">\n\t\t\t\t\t\t\t<span class=\"elementor-divider__text elementor-divider__element\">\n\t\t\t\tUn retiro en la isla\t\t\t\t<\/span>\n\t\t\t\t\t\t<\/span>\n\t\t<\/div>\n\t\t\t\t\t\t<\/div>\n\t\t\t\t<\/div>\n\t\t\t\t<div class=\"elementor-element elementor-element-9e1793a elementor-widget elementor-widget-text-editor\" data-id=\"9e1793a\" data-element_type=\"widget\" data-widget_type=\"text-editor.default\">\n\t\t\t\t<div class=\"elementor-widget-container\">\n\t\t\t\t\t\t\t\t\t<p>Una suite independiente de 40 m<sup>2<\/sup> cuidadosamente dise\u00f1ada con una terraza privada y \u00e1reas de estar y dormitorio separadas.<\/p><p><em><span class=\"cf0\">Sabemos que las mascotas son parte de la familia y, en Teranka Formentera, \u00a1nos encantan los animales! Admitimos un perro de hasta 8 kg por habitaci\u00f3n en esta categor\u00eda. Haga clic <a href=\"https:\/\/www.teranka.com\/wp-content\/uploads\/2026\/03\/tk-pet-policy_2025_es.pdf\">aqu\u00ed<\/a> para m\u00e1s detalles.<\/span><\/em><\/p>\t\t\t\t\t\t\t\t<\/div>\n\t\t\t\t<\/div>\n\t\t\t\t<div class=\"elementor-element elementor-element-756dec5 elementor-widget elementor-widget-button\" data-id=\"756dec5\" data-element_type=\"widget\" data-widget_type=\"button.default\">\n\t\t\t\t<div class=\"elementor-widget-container\">\n\t\t\t\t\t\t\t\t\t<div class=\"elementor-button-wrapper\">\n\t\t\t\t\t<a class=\"elementor-button elementor-button-link elementor-size-sm\" href=\"https:\/\/www.teranka.com\/es\/cielo\/garden-suite\">\n\t\t\t\t\t\t<span class=\"elementor-button-content-wrapper\">\n\t\t\t\t\t\t\t\t\t<span class=\"elementor-button-text\">LEER M\u00c1S<\/span>\n\t\t\t\t\t<\/span>\n\t\t\t\t\t<\/a>\n\t\t\t\t<\/div>\n\t\t\t\t\t\t\t\t<\/div>\n\t\t\t\t<\/div>\n\t\t\t\t\t<\/div>\n\t\t<\/div>\n\t\t\t\t\t<\/div>\n\t\t<\/section>\n\t\t\t\t<section class=\"elementor-section elementor-top-section elementor-element elementor-element-8aa3ac7 elementor-section-boxed elementor-section-height-default elementor-section-height-default\" data-id=\"8aa3ac7\" data-element_type=\"section\">\n\t\t\t\t\t\t<div class=\"elementor-container elementor-column-gap-custom\">\n\t\t\t\t\t<div class=\"elementor-column elementor-col-100 elementor-top-column elementor-element elementor-element-072e644\" data-id=\"072e644\" data-element_type=\"column\">\n\t\t\t<div class=\"elementor-widget-wrap elementor-element-populated\">\n\t\t\t\t\t\t<div class=\"elementor-element elementor-element-350e30e elementor-widget elementor-widget-image\" data-id=\"350e30e\" data-element_type=\"widget\" data-widget_type=\"image.default\">\n\t\t\t\t<div class=\"elementor-widget-container\">\n\t\t\t\t\t\t\t\t\t\t\t\t\t\t\t<img decoding=\"async\" width=\"2560\" height=\"1329\" src=\"https:\/\/www.teranka.com\/wp-content\/uploads\/2023\/07\/rooms_cielo_teranka4-scaled.jpg\" class=\"attachment-full size-full wp-image-3178\" alt=\"\" srcset=\"https:\/\/www.teranka.com\/wp-content\/uploads\/2023\/07\/rooms_cielo_teranka4-scaled.jpg 2560w, https:\/\/www.teranka.com\/wp-content\/uploads\/2023\/07\/rooms_cielo_teranka4-300x156.jpg 300w, https:\/\/www.teranka.com\/wp-content\/uploads\/2023\/07\/rooms_cielo_teranka4-1024x532.jpg 1024w, https:\/\/www.teranka.com\/wp-content\/uploads\/2023\/07\/rooms_cielo_teranka4-768x399.jpg 768w, https:\/\/www.teranka.com\/wp-content\/uploads\/2023\/07\/rooms_cielo_teranka4-1536x797.jpg 1536w, https:\/\/www.teranka.com\/wp-content\/uploads\/2023\/07\/rooms_cielo_teranka4-2048x1063.jpg 2048w\" sizes=\"(max-width: 2560px) 100vw, 2560px\" \/>\t\t\t\t\t\t\t\t\t\t\t\t\t\t\t<\/div>\n\t\t\t\t<\/div>\n\t\t\t\t<div class=\"elementor-element elementor-element-ca73bf5 elementor-widget elementor-widget-heading\" data-id=\"ca73bf5\" data-element_type=\"widget\" data-widget_type=\"heading.default\">\n\t\t\t\t<div class=\"elementor-widget-container\">\n\t\t\t\t\t<h2 class=\"elementor-heading-title elementor-size-default\"><a href=\"https:\/\/www.teranka.com\/es\/cielo\/rooftop-suite\">Rooftop Suite<\/a><\/h2>\t\t\t\t<\/div>\n\t\t\t\t<\/div>\n\t\t\t\t<div class=\"elementor-element elementor-element-4b2b3a3 elementor-widget-divider--view-line_text elementor-widget-divider--element-align-left elementor-widget elementor-widget-divider\" data-id=\"4b2b3a3\" data-element_type=\"widget\" data-widget_type=\"divider.default\">\n\t\t\t\t<div class=\"elementor-widget-container\">\n\t\t\t\t\t\t\t<div class=\"elementor-divider\">\n\t\t\t<span class=\"elementor-divider-separator\">\n\t\t\t\t\t\t\t<span class=\"elementor-divider__text elementor-divider__element\">\n\t\t\t\tVistas panor\u00e1micas\t\t\t\t<\/span>\n\t\t\t\t\t\t<\/span>\n\t\t<\/div>\n\t\t\t\t\t\t<\/div>\n\t\t\t\t<\/div>\n\t\t\t\t<div class=\"elementor-element elementor-element-6b96a62 elementor-widget__width-initial elementor-widget elementor-widget-text-editor\" data-id=\"6b96a62\" data-element_type=\"widget\" data-widget_type=\"text-editor.default\">\n\t\t\t\t<div class=\"elementor-widget-container\">\n\t\t\t\t\t\t\t\t\t<p>Tres magn\u00edficas suites de 35 m<sup>2<\/sup> , cada una con su propia terraza privada y una amplia azotea adicional donde los hu\u00e9spedes pueden sumergirse en los elementos naturales de la isla.<\/p><p><em><span class=\"cf0\">Sabemos que las mascotas son parte de la familia y, en Teranka Formentera, \u00a1nos encantan los animales! Admitimos un perro de hasta 8 kg por habitaci\u00f3n en esta categor\u00eda. Haga clic <a href=\"https:\/\/www.teranka.com\/wp-content\/uploads\/2026\/03\/tk-pet-policy_2025_es.pdf\">aqu\u00ed<\/a> para m\u00e1s detalles.<\/span><\/em><\/p>\t\t\t\t\t\t\t\t<\/div>\n\t\t\t\t<\/div>\n\t\t\t\t<div class=\"elementor-element elementor-element-35dca74 elementor-align-right elementor-widget__width-initial elementor-mobile-align-left elementor-widget elementor-widget-button\" data-id=\"35dca74\" data-element_type=\"widget\" data-widget_type=\"button.default\">\n\t\t\t\t<div class=\"elementor-widget-container\">\n\t\t\t\t\t\t\t\t\t<div class=\"elementor-button-wrapper\">\n\t\t\t\t\t<a class=\"elementor-button elementor-button-link elementor-size-sm\" href=\"https:\/\/www.teranka.com\/es\/cielo\/rooftop-suite\">\n\t\t\t\t\t\t<span class=\"elementor-button-content-wrapper\">\n\t\t\t\t\t\t\t\t\t<span class=\"elementor-button-text\">LEER M\u00c1S<\/span>\n\t\t\t\t\t<\/span>\n\t\t\t\t\t<\/a>\n\t\t\t\t<\/div>\n\t\t\t\t\t\t\t\t<\/div>\n\t\t\t\t<\/div>\n\t\t\t\t\t<\/div>\n\t\t<\/div>\n\t\t\t\t\t<\/div>\n\t\t<\/section>\n\t\t\t\t<\/div>\n\t\t","protected":false},"excerpt":{"rendered":"<p>Inicio &gt; Cielo Cielo En armon\u00eda entre las nubes Estas suitres panor\u00e1micas son la manifestaci\u00f3n de la dedicaci\u00f3n de Teranka a la tranquilidad; una serie de estudios elevados y apartados con extraordinarias vistas al mar y al bosque, terrazas privadas y salas de estar independientes. Las suites Cielo son refugios innovadores y r\u00fasticos creados para [&hellip;]<\/p>\n","protected":false},"author":1,"featured_media":0,"parent":0,"menu_order":0,"comment_status":"closed","ping_status":"closed","template":"","meta":{"_seopress_robots_primary_cat":"","_seopress_titles_title":"Suites Cielo en Formentera | Lujo junto al Mediterr\u00e1neo","_seopress_titles_desc":"Experimenta el lujo costero en la habitaci\u00f3n Cielo de nuestro hotel en Formentera: vistas panor\u00e1micas al Mediterr\u00e1neo, comodidad y confort inmejorable.","_seopress_robots_index":"","footnotes":""},"class_list":["post-3316","page","type-page","status-publish"],"_links":{"self":[{"href":"https:\/\/www.teranka.com\/es\/wp-json\/wp\/v2\/pages\/3316","targetHints":{"allow":["GET"]}}],"collection":[{"href":"https:\/\/www.teranka.com\/es\/wp-json\/wp\/v2\/pages"}],"about":[{"href":"https:\/\/www.teranka.com\/es\/wp-json\/wp\/v2\/types\/page"}],"author":[{"embeddable":true,"href":"https:\/\/www.teranka.com\/es\/wp-json\/wp\/v2\/users\/1"}],"replies":[{"embeddable":true,"href":"https:\/\/www.teranka.com\/es\/wp-json\/wp\/v2\/comments?post=3316"}],"version-history":[{"count":89,"href":"https:\/\/www.teranka.com\/es\/wp-json\/wp\/v2\/pages\/3316\/revisions"}],"predecessor-version":[{"id":9247,"href":"https:\/\/www.teranka.com\/es\/wp-json\/wp\/v2\/pages\/3316\/revisions\/9247"}],"wp:attachment":[{"href":"https:\/\/www.teranka.com\/es\/wp-json\/wp\/v2\/media?parent=3316"}],"curies":[{"name":"wp","href":"https:\/\/api.w.org\/{rel}","templated":true}]}}