{"id":3315,"date":"2023-05-23T10:26:19","date_gmt":"2023-05-23T08:26:19","guid":{"rendered":"https:\/\/www.teranka.com\/comer-y-beber"},"modified":"2025-03-20T11:47:23","modified_gmt":"2025-03-20T09:47:23","slug":"comer-y-beber","status":"publish","type":"page","link":"https:\/\/www.teranka.com\/es\/comer-y-beber","title":{"rendered":"Comer y beber"},"content":{"rendered":"\t\t<div data-elementor-type=\"wp-page\" data-elementor-id=\"3315\" class=\"elementor elementor-3315 elementor-680\" data-elementor-post-type=\"page\">\n\t\t\t\t\t\t<section class=\"elementor-section elementor-top-section elementor-element elementor-element-52d07aa elementor-reverse-tablet elementor-section-boxed elementor-section-height-default elementor-section-height-default\" data-id=\"52d07aa\" data-element_type=\"section\">\n\t\t\t\t\t\t<div class=\"elementor-container elementor-column-gap-default\">\n\t\t\t\t\t<div class=\"elementor-column elementor-col-50 elementor-top-column elementor-element elementor-element-4057797\" data-id=\"4057797\" data-element_type=\"column\">\n\t\t\t<div class=\"elementor-widget-wrap elementor-element-populated\">\n\t\t\t\t\t\t<div class=\"elementor-element elementor-element-152a421 elementor-widget elementor-widget-heading\" data-id=\"152a421\" data-element_type=\"widget\" data-widget_type=\"heading.default\">\n\t\t\t\t<div class=\"elementor-widget-container\">\n\t\t\t\t\t<h1 class=\"elementor-heading-title elementor-size-default\">Comidas inolvidables\u200b<\/h1>\t\t\t\t<\/div>\n\t\t\t\t<\/div>\n\t\t\t\t<div class=\"elementor-element elementor-element-b007631 elementor-widget-divider--view-line_text elementor-widget-divider--element-align-left elementor-widget elementor-widget-divider\" data-id=\"b007631\" data-element_type=\"widget\" data-widget_type=\"divider.default\">\n\t\t\t\t<div class=\"elementor-widget-container\">\n\t\t\t\t\t\t\t<div class=\"elementor-divider\">\n\t\t\t<span class=\"elementor-divider-separator\">\n\t\t\t\t\t\t\t<span class=\"elementor-divider__text elementor-divider__element\">\n\t\t\t\tCenar en armon\u00eda con la isla\t\t\t\t<\/span>\n\t\t\t\t\t\t<\/span>\n\t\t<\/div>\n\t\t\t\t\t\t<\/div>\n\t\t\t\t<\/div>\n\t\t\t\t<div class=\"elementor-element elementor-element-933ddfb elementor-widget elementor-widget-text-editor\" data-id=\"933ddfb\" data-element_type=\"widget\" data-widget_type=\"text-editor.default\">\n\t\t\t\t<div class=\"elementor-widget-container\">\n\t\t\t\t\t\t\t\t\t<p>La idea de un lugar seguro entre la tierra, el mar y el cielo es el punto de partida para la forma en que cocinamos, comemos y reunimos en Teranka. Los ingredientes y su procedencia son lo m\u00e1s importante, con una dedicaci\u00f3n a la abundancia natural de la isla y a la claridad en la preparaci\u00f3n que permite que los sabores y productos destaquen.<\/p>\t\t\t\t\t\t\t\t<\/div>\n\t\t\t\t<\/div>\n\t\t\t\t\t<\/div>\n\t\t<\/div>\n\t\t\t\t<div class=\"elementor-column elementor-col-50 elementor-top-column elementor-element elementor-element-6d403c5 elementor-hidden-tablet elementor-hidden-mobile\" data-id=\"6d403c5\" data-element_type=\"column\">\n\t\t\t<div class=\"elementor-widget-wrap elementor-element-populated\">\n\t\t\t\t\t\t<div class=\"elementor-element elementor-element-bddd3f9 elementor-widget elementor-widget-image\" data-id=\"bddd3f9\" data-element_type=\"widget\" data-widget_type=\"image.default\">\n\t\t\t\t<div class=\"elementor-widget-container\">\n\t\t\t\t\t\t\t\t\t\t\t\t\t\t\t<img fetchpriority=\"high\" decoding=\"async\" width=\"800\" height=\"504\" src=\"https:\/\/www.teranka.com\/wp-content\/uploads\/2023\/09\/captura-de-pantalla-2023-09-13-a-las-15.09.32-1-1024x645.png\" class=\"attachment-large size-large wp-image-4936\" alt=\"\" srcset=\"https:\/\/www.teranka.com\/wp-content\/uploads\/2023\/09\/captura-de-pantalla-2023-09-13-a-las-15.09.32-1-1024x645.png 1024w, https:\/\/www.teranka.com\/wp-content\/uploads\/2023\/09\/captura-de-pantalla-2023-09-13-a-las-15.09.32-1-300x189.png 300w, https:\/\/www.teranka.com\/wp-content\/uploads\/2023\/09\/captura-de-pantalla-2023-09-13-a-las-15.09.32-1-768x484.png 768w, https:\/\/www.teranka.com\/wp-content\/uploads\/2023\/09\/captura-de-pantalla-2023-09-13-a-las-15.09.32-1-1536x968.png 1536w, https:\/\/www.teranka.com\/wp-content\/uploads\/2023\/09\/captura-de-pantalla-2023-09-13-a-las-15.09.32-1.png 1584w\" sizes=\"(max-width: 800px) 100vw, 800px\" \/>\t\t\t\t\t\t\t\t\t\t\t\t\t\t\t<\/div>\n\t\t\t\t<\/div>\n\t\t\t\t\t<\/div>\n\t\t<\/div>\n\t\t\t\t\t<\/div>\n\t\t<\/section>\n\t\t\t\t<section class=\"elementor-section elementor-top-section elementor-element elementor-element-1bd04c3 animated-slow elementor-section-boxed elementor-section-height-default elementor-section-height-default elementor-invisible\" data-id=\"1bd04c3\" data-element_type=\"section\" data-settings=\"{&quot;animation&quot;:&quot;fadeIn&quot;}\">\n\t\t\t\t\t\t<div class=\"elementor-container elementor-column-gap-default\">\n\t\t\t\t\t<div class=\"elementor-column elementor-col-100 elementor-top-column elementor-element elementor-element-9ca4006\" data-id=\"9ca4006\" data-element_type=\"column\">\n\t\t\t<div class=\"elementor-widget-wrap elementor-element-populated\">\n\t\t\t\t\t\t<div class=\"elementor-element elementor-element-e4cf4fa elementor-widget elementor-widget-image\" data-id=\"e4cf4fa\" data-element_type=\"widget\" data-widget_type=\"image.default\">\n\t\t\t\t<div class=\"elementor-widget-container\">\n\t\t\t\t\t\t\t\t\t\t\t\t\t\t\t<img decoding=\"async\" width=\"1896\" height=\"901\" src=\"https:\/\/www.teranka.com\/wp-content\/uploads\/2023\/07\/dining_teranka3.jpg\" class=\"attachment-full size-full wp-image-3199\" alt=\"\" srcset=\"https:\/\/www.teranka.com\/wp-content\/uploads\/2023\/07\/dining_teranka3.jpg 1896w, https:\/\/www.teranka.com\/wp-content\/uploads\/2023\/07\/dining_teranka3-300x143.jpg 300w, https:\/\/www.teranka.com\/wp-content\/uploads\/2023\/07\/dining_teranka3-1024x487.jpg 1024w, https:\/\/www.teranka.com\/wp-content\/uploads\/2023\/07\/dining_teranka3-768x365.jpg 768w, https:\/\/www.teranka.com\/wp-content\/uploads\/2023\/07\/dining_teranka3-1536x730.jpg 1536w\" sizes=\"(max-width: 1896px) 100vw, 1896px\" \/>\t\t\t\t\t\t\t\t\t\t\t\t\t\t\t<\/div>\n\t\t\t\t<\/div>\n\t\t\t\t<div class=\"elementor-element elementor-element-9ad00d1 elementor-widget elementor-widget-heading\" data-id=\"9ad00d1\" data-element_type=\"widget\" data-widget_type=\"heading.default\">\n\t\t\t\t<div class=\"elementor-widget-container\">\n\t\t\t\t\t<h2 class=\"elementor-heading-title elementor-size-default\">Rooftop<\/h2>\t\t\t\t<\/div>\n\t\t\t\t<\/div>\n\t\t\t\t<div class=\"elementor-element elementor-element-71c203c elementor-widget elementor-widget-text-editor\" data-id=\"71c203c\" data-element_type=\"widget\" data-widget_type=\"text-editor.default\">\n\t\t\t\t<div class=\"elementor-widget-container\">\n\t\t\t\t\t\t\t\t\t<p>Nuestro refugio en la azotea es el espacio gastron\u00f3mico definitorio de Teranka, una cubierta m\u00e1gica a la deriva entre las estrellas, donde el d\u00eda cambia a la noche y se preparan platos locales elementales en sinton\u00eda con los ciclos lunares.<\/p>\n\t\t\t\t\t\t\t\t<\/div>\n\t\t\t\t<\/div>\n\t\t\t\t<div class=\"elementor-element elementor-element-671b871 elementor-align-center elementor-widget elementor-widget-button\" data-id=\"671b871\" data-element_type=\"widget\" data-widget_type=\"button.default\">\n\t\t\t\t<div class=\"elementor-widget-container\">\n\t\t\t\t\t\t\t\t\t<div class=\"elementor-button-wrapper\">\n\t\t\t\t\t<a class=\"elementor-button elementor-button-link elementor-size-sm\" href=\"https:\/\/www.teranka.com\/es\/azotea\">\n\t\t\t\t\t\t<span class=\"elementor-button-content-wrapper\">\n\t\t\t\t\t\t\t\t\t<span class=\"elementor-button-text\">Ver m\u00e1s<\/span>\n\t\t\t\t\t<\/span>\n\t\t\t\t\t<\/a>\n\t\t\t\t<\/div>\n\t\t\t\t\t\t\t\t<\/div>\n\t\t\t\t<\/div>\n\t\t\t\t\t<\/div>\n\t\t<\/div>\n\t\t\t\t\t<\/div>\n\t\t<\/section>\n\t\t\t\t<section class=\"elementor-section elementor-top-section elementor-element elementor-element-b3a20d4 animated-slow elementor-section-boxed elementor-section-height-default elementor-section-height-default elementor-invisible\" data-id=\"b3a20d4\" data-element_type=\"section\" data-settings=\"{&quot;animation&quot;:&quot;fadeIn&quot;}\">\n\t\t\t\t\t\t<div class=\"elementor-container elementor-column-gap-default\">\n\t\t\t\t\t<div class=\"elementor-column elementor-col-50 elementor-top-column elementor-element elementor-element-4b2e2ca\" data-id=\"4b2e2ca\" data-element_type=\"column\" data-settings=\"{&quot;background_background&quot;:&quot;classic&quot;}\">\n\t\t\t<div class=\"elementor-widget-wrap elementor-element-populated\">\n\t\t\t\t\t\t<div class=\"elementor-element elementor-element-809e747 elementor-widget elementor-widget-image\" data-id=\"809e747\" data-element_type=\"widget\" data-widget_type=\"image.default\">\n\t\t\t\t<div class=\"elementor-widget-container\">\n\t\t\t\t\t\t\t\t\t\t\t\t\t\t\t<img decoding=\"async\" width=\"1104\" height=\"755\" src=\"https:\/\/www.teranka.com\/wp-content\/uploads\/2023\/07\/dining_teranka2.jpg\" class=\"attachment-full size-full wp-image-3198\" alt=\"\" srcset=\"https:\/\/www.teranka.com\/wp-content\/uploads\/2023\/07\/dining_teranka2.jpg 1104w, https:\/\/www.teranka.com\/wp-content\/uploads\/2023\/07\/dining_teranka2-300x205.jpg 300w, https:\/\/www.teranka.com\/wp-content\/uploads\/2023\/07\/dining_teranka2-1024x700.jpg 1024w, https:\/\/www.teranka.com\/wp-content\/uploads\/2023\/07\/dining_teranka2-768x525.jpg 768w\" sizes=\"(max-width: 1104px) 100vw, 1104px\" \/>\t\t\t\t\t\t\t\t\t\t\t\t\t\t\t<\/div>\n\t\t\t\t<\/div>\n\t\t\t\t\t<\/div>\n\t\t<\/div>\n\t\t\t\t<div class=\"elementor-column elementor-col-50 elementor-top-column elementor-element elementor-element-847a005\" data-id=\"847a005\" data-element_type=\"column\" data-settings=\"{&quot;background_background&quot;:&quot;classic&quot;}\">\n\t\t\t<div class=\"elementor-widget-wrap elementor-element-populated\">\n\t\t\t\t\t\t<div class=\"elementor-element elementor-element-9846e09 elementor-widget elementor-widget-heading\" data-id=\"9846e09\" data-element_type=\"widget\" data-widget_type=\"heading.default\">\n\t\t\t\t<div class=\"elementor-widget-container\">\n\t\t\t\t\t<h2 class=\"elementor-heading-title elementor-size-default\">gARDEN<\/h2>\t\t\t\t<\/div>\n\t\t\t\t<\/div>\n\t\t\t\t<div class=\"elementor-element elementor-element-10c71b5 elementor-widget elementor-widget-text-editor\" data-id=\"10c71b5\" data-element_type=\"widget\" data-widget_type=\"text-editor.default\">\n\t\t\t\t<div class=\"elementor-widget-container\">\n\t\t\t\t\t\t\t\t\t<p>The Garden es el coraz\u00f3n del ecosistema Teranka, un espacio convivial, comunal y festivo entre las dunas y los olivos, donde largas mesas, sombra moteada y una sensaci\u00f3n de alegr\u00eda y relajaci\u00f3n crean un punto central para brunches familiares, almuerzos relajados y cenas bajo las estrellas en la arena.<\/p>\t\t\t\t\t\t\t\t<\/div>\n\t\t\t\t<\/div>\n\t\t\t\t<div class=\"elementor-element elementor-element-4cba74e elementor-widget elementor-widget-button\" data-id=\"4cba74e\" data-element_type=\"widget\" data-widget_type=\"button.default\">\n\t\t\t\t<div class=\"elementor-widget-container\">\n\t\t\t\t\t\t\t\t\t<div class=\"elementor-button-wrapper\">\n\t\t\t\t\t<a class=\"elementor-button elementor-button-link elementor-size-sm\" href=\"https:\/\/www.teranka.com\/es\/comer-y-beber\/jardin\">\n\t\t\t\t\t\t<span class=\"elementor-button-content-wrapper\">\n\t\t\t\t\t\t\t\t\t<span class=\"elementor-button-text\">Ver m\u00e1s<\/span>\n\t\t\t\t\t<\/span>\n\t\t\t\t\t<\/a>\n\t\t\t\t<\/div>\n\t\t\t\t\t\t\t\t<\/div>\n\t\t\t\t<\/div>\n\t\t\t\t\t<\/div>\n\t\t<\/div>\n\t\t\t\t\t<\/div>\n\t\t<\/section>\n\t\t\t\t<section class=\"elementor-section elementor-top-section elementor-element elementor-element-5b40b6d animated-slow elementor-section-boxed elementor-section-height-default elementor-section-height-default elementor-invisible\" data-id=\"5b40b6d\" data-element_type=\"section\" data-settings=\"{&quot;animation&quot;:&quot;fadeIn&quot;}\">\n\t\t\t\t\t\t<div class=\"elementor-container elementor-column-gap-default\">\n\t\t\t\t\t<div class=\"elementor-column elementor-col-50 elementor-top-column elementor-element elementor-element-137b68c\" data-id=\"137b68c\" data-element_type=\"column\">\n\t\t\t<div class=\"elementor-widget-wrap elementor-element-populated\">\n\t\t\t\t\t\t<div class=\"elementor-element elementor-element-a41f600 elementor-widget elementor-widget-image\" data-id=\"a41f600\" data-element_type=\"widget\" data-widget_type=\"image.default\">\n\t\t\t\t<div class=\"elementor-widget-container\">\n\t\t\t\t\t\t\t\t\t\t\t\t\t\t\t<img loading=\"lazy\" decoding=\"async\" width=\"1104\" height=\"897\" src=\"https:\/\/www.teranka.com\/wp-content\/uploads\/2023\/07\/dining_teranka1.jpg\" class=\"attachment-full size-full wp-image-3197\" alt=\"\" srcset=\"https:\/\/www.teranka.com\/wp-content\/uploads\/2023\/07\/dining_teranka1.jpg 1104w, https:\/\/www.teranka.com\/wp-content\/uploads\/2023\/07\/dining_teranka1-300x244.jpg 300w, https:\/\/www.teranka.com\/wp-content\/uploads\/2023\/07\/dining_teranka1-1024x832.jpg 1024w, https:\/\/www.teranka.com\/wp-content\/uploads\/2023\/07\/dining_teranka1-768x624.jpg 768w\" sizes=\"(max-width: 1104px) 100vw, 1104px\" \/>\t\t\t\t\t\t\t\t\t\t\t\t\t\t\t<\/div>\n\t\t\t\t<\/div>\n\t\t\t\t<div class=\"elementor-element elementor-element-a0139ea elementor-widget elementor-widget-heading\" data-id=\"a0139ea\" data-element_type=\"widget\" data-widget_type=\"heading.default\">\n\t\t\t\t<div class=\"elementor-widget-container\">\n\t\t\t\t\t<h2 class=\"elementor-heading-title elementor-size-default\">El bar de la piscina<\/h2>\t\t\t\t<\/div>\n\t\t\t\t<\/div>\n\t\t\t\t<div class=\"elementor-element elementor-element-1923647 elementor-widget elementor-widget-text-editor\" data-id=\"1923647\" data-element_type=\"widget\" data-widget_type=\"text-editor.default\">\n\t\t\t\t<div class=\"elementor-widget-container\">\n\t\t\t\t\t\t\t\t\t<p>Ideal para almuerzos tranquilos a solas con un libro, contemplando la paz y el aislamiento del entorno natural de Teranka, cenar junto a la piscina es una experiencia profundamente acogedora. Nuestro men\u00fa atemporal junto a la piscina se complementa con el propio bar de la piscina, donde los c\u00f3cteles mezclados por expertos incorporan los ingredientes locales m\u00e1s frescos.<\/p>\n\t\t\t\t\t\t\t\t<\/div>\n\t\t\t\t<\/div>\n\t\t\t\t<div class=\"elementor-element elementor-element-0a3e286 elementor-widget elementor-widget-button\" data-id=\"0a3e286\" data-element_type=\"widget\" data-widget_type=\"button.default\">\n\t\t\t\t<div class=\"elementor-widget-container\">\n\t\t\t\t\t\t\t\t\t<div class=\"elementor-button-wrapper\">\n\t\t\t\t\t<a class=\"elementor-button elementor-button-link elementor-size-sm\" href=\"https:\/\/www.teranka.com\/es\/comer-y-beber\/poolbar\">\n\t\t\t\t\t\t<span class=\"elementor-button-content-wrapper\">\n\t\t\t\t\t\t\t\t\t<span class=\"elementor-button-text\">Ver m\u00e1s<\/span>\n\t\t\t\t\t<\/span>\n\t\t\t\t\t<\/a>\n\t\t\t\t<\/div>\n\t\t\t\t\t\t\t\t<\/div>\n\t\t\t\t<\/div>\n\t\t\t\t\t<\/div>\n\t\t<\/div>\n\t\t\t\t<div class=\"elementor-column elementor-col-50 elementor-top-column elementor-element elementor-element-6fddabf\" data-id=\"6fddabf\" data-element_type=\"column\">\n\t\t\t<div class=\"elementor-widget-wrap elementor-element-populated\">\n\t\t\t\t\t\t<div class=\"elementor-element elementor-element-69b2bcc elementor-widget elementor-widget-image\" data-id=\"69b2bcc\" data-element_type=\"widget\" data-widget_type=\"image.default\">\n\t\t\t\t<div class=\"elementor-widget-container\">\n\t\t\t\t\t\t\t\t\t\t\t\t\t\t\t<img loading=\"lazy\" decoding=\"async\" width=\"724\" height=\"904\" src=\"https:\/\/www.teranka.com\/wp-content\/uploads\/2023\/11\/teranka_hotel4-1-1.jpg\" class=\"attachment-full size-full wp-image-5713\" alt=\"\" srcset=\"https:\/\/www.teranka.com\/wp-content\/uploads\/2023\/11\/teranka_hotel4-1-1.jpg 724w, https:\/\/www.teranka.com\/wp-content\/uploads\/2023\/11\/teranka_hotel4-1-1-240x300.jpg 240w\" sizes=\"(max-width: 724px) 100vw, 724px\" \/>\t\t\t\t\t\t\t\t\t\t\t\t\t\t\t<\/div>\n\t\t\t\t<\/div>\n\t\t\t\t<div class=\"elementor-element elementor-element-05f348a elementor-widget elementor-widget-heading\" data-id=\"05f348a\" data-element_type=\"widget\" data-widget_type=\"heading.default\">\n\t\t\t\t<div class=\"elementor-widget-container\">\n\t\t\t\t\t<h2 class=\"elementor-heading-title elementor-size-default\">Comedor privado<\/h2>\t\t\t\t<\/div>\n\t\t\t\t<\/div>\n\t\t\t\t<div class=\"elementor-element elementor-element-e65c9f4 elementor-widget elementor-widget-text-editor\" data-id=\"e65c9f4\" data-element_type=\"widget\" data-widget_type=\"text-editor.default\">\n\t\t\t\t<div class=\"elementor-widget-container\">\n\t\t\t\t\t\t\t\t\t<p>Teranka se presta a acomodarse en diferentes rincones para aquellos que buscan beber y cenar en total intimidad. Desde la terraza de comedor exterior cubierta de buganvillas hasta una mesa improvisada y rom\u00e1ntica para dos en medio de los senderos bordeados de pinos, las opciones de men\u00fa y las configuraciones de mesa son \u00fanicas y naturales, todas ellas con un esp\u00edritu agradable.<\/p>\n\t\t\t\t\t\t\t\t<\/div>\n\t\t\t\t<\/div>\n\t\t\t\t<div class=\"elementor-element elementor-element-773e53d elementor-widget elementor-widget-button\" data-id=\"773e53d\" data-element_type=\"widget\" data-widget_type=\"button.default\">\n\t\t\t\t<div class=\"elementor-widget-container\">\n\t\t\t\t\t\t\t\t\t<div class=\"elementor-button-wrapper\">\n\t\t\t\t\t<a class=\"elementor-button elementor-button-link elementor-size-sm\" href=\"https:\/\/www.teranka.com\/es\/comedor-privado\">\n\t\t\t\t\t\t<span class=\"elementor-button-content-wrapper\">\n\t\t\t\t\t\t\t\t\t<span class=\"elementor-button-text\">Ver m\u00e1s<\/span>\n\t\t\t\t\t<\/span>\n\t\t\t\t\t<\/a>\n\t\t\t\t<\/div>\n\t\t\t\t\t\t\t\t<\/div>\n\t\t\t\t<\/div>\n\t\t\t\t\t<\/div>\n\t\t<\/div>\n\t\t\t\t\t<\/div>\n\t\t<\/section>\n\t\t\t\t<\/div>\n\t\t","protected":false},"excerpt":{"rendered":"<p>Comidas inolvidables\u200b Cenar en armon\u00eda con la isla La idea de un lugar seguro entre la tierra, el mar y el cielo es el punto de partida para la forma en que cocinamos, comemos y reunimos en Teranka. Los ingredientes y su procedencia son lo m\u00e1s importante, con una dedicaci\u00f3n a la abundancia natural de [&hellip;]<\/p>\n","protected":false},"author":1,"featured_media":0,"parent":0,"menu_order":0,"comment_status":"closed","ping_status":"closed","template":"","meta":{"_seopress_robots_primary_cat":"","_seopress_titles_title":"Experiencia Gastron\u00f3mica en Formentera | Teranka Hotel","_seopress_titles_desc":"Descubre la oferta gastron\u00f3mica de Teranka Formentera: disfruta platos locales e internacionales \u00fanicos. \u00a1Reserva tu mesa hoy mismo en nuestros espacios!","_seopress_robots_index":"","footnotes":""},"class_list":["post-3315","page","type-page","status-publish"],"_links":{"self":[{"href":"https:\/\/www.teranka.com\/es\/wp-json\/wp\/v2\/pages\/3315","targetHints":{"allow":["GET"]}}],"collection":[{"href":"https:\/\/www.teranka.com\/es\/wp-json\/wp\/v2\/pages"}],"about":[{"href":"https:\/\/www.teranka.com\/es\/wp-json\/wp\/v2\/types\/page"}],"author":[{"embeddable":true,"href":"https:\/\/www.teranka.com\/es\/wp-json\/wp\/v2\/users\/1"}],"replies":[{"embeddable":true,"href":"https:\/\/www.teranka.com\/es\/wp-json\/wp\/v2\/comments?post=3315"}],"version-history":[{"count":42,"href":"https:\/\/www.teranka.com\/es\/wp-json\/wp\/v2\/pages\/3315\/revisions"}],"predecessor-version":[{"id":8074,"href":"https:\/\/www.teranka.com\/es\/wp-json\/wp\/v2\/pages\/3315\/revisions\/8074"}],"wp:attachment":[{"href":"https:\/\/www.teranka.com\/es\/wp-json\/wp\/v2\/media?parent=3315"}],"curies":[{"name":"wp","href":"https:\/\/api.w.org\/{rel}","templated":true}]}}