{"id":3312,"date":"2023-05-23T15:04:01","date_gmt":"2023-05-23T13:04:01","guid":{"rendered":"https:\/\/www.teranka.com\/jardin"},"modified":"2025-08-25T14:48:36","modified_gmt":"2025-08-25T12:48:36","slug":"jardin","status":"publish","type":"page","link":"https:\/\/www.teranka.com\/es\/comer-y-beber\/jardin","title":{"rendered":"Jard\u00edn"},"content":{"rendered":"\t\t<div data-elementor-type=\"wp-page\" data-elementor-id=\"3312\" class=\"elementor elementor-3312 elementor-740\" data-elementor-post-type=\"page\">\n\t\t\t\t\t\t<section class=\"elementor-section elementor-top-section elementor-element elementor-element-291b8ed elementor-section-full_width elementor-hidden-mobile elementor-section-height-default elementor-section-height-default\" data-id=\"291b8ed\" data-element_type=\"section\">\n\t\t\t\t\t\t<div class=\"elementor-container elementor-column-gap-default\">\n\t\t\t\t\t<div class=\"elementor-column elementor-col-100 elementor-top-column elementor-element elementor-element-a38fd4e\" data-id=\"a38fd4e\" data-element_type=\"column\">\n\t\t\t<div class=\"elementor-widget-wrap elementor-element-populated\">\n\t\t\t\t\t\t<div class=\"elementor-element elementor-element-a61234b elementor-widget elementor-widget-text-editor\" data-id=\"a61234b\" data-element_type=\"widget\" data-widget_type=\"text-editor.default\">\n\t\t\t\t<div class=\"elementor-widget-container\">\n\t\t\t\t\t\t\t\t\t<p><a href=\"https:\/\/www.teranka.com\/es\/comer-y-beber\">Comer y beber<\/a> &gt; The Garden<\/p>\t\t\t\t\t\t\t\t<\/div>\n\t\t\t\t<\/div>\n\t\t\t\t\t<\/div>\n\t\t<\/div>\n\t\t\t\t\t<\/div>\n\t\t<\/section>\n\t\t\t\t<section class=\"elementor-section elementor-top-section elementor-element elementor-element-39993ec elementor-section-height-min-height elementor-section-boxed elementor-section-height-default elementor-section-items-middle\" data-id=\"39993ec\" data-element_type=\"section\">\n\t\t\t\t\t\t<div class=\"elementor-container elementor-column-gap-default\">\n\t\t\t\t\t<div class=\"elementor-column elementor-col-100 elementor-top-column elementor-element elementor-element-f08bf88\" data-id=\"f08bf88\" data-element_type=\"column\" data-settings=\"{&quot;background_background&quot;:&quot;classic&quot;}\">\n\t\t\t<div class=\"elementor-widget-wrap elementor-element-populated\">\n\t\t\t\t\t<div class=\"elementor-background-overlay\"><\/div>\n\t\t\t\t\t\t<div class=\"elementor-element elementor-element-a6b62fe elementor-widget elementor-widget-heading\" data-id=\"a6b62fe\" data-element_type=\"widget\" data-widget_type=\"heading.default\">\n\t\t\t\t<div class=\"elementor-widget-container\">\n\t\t\t\t\t<h1 class=\"elementor-heading-title elementor-size-default\">Garden<\/h1>\t\t\t\t<\/div>\n\t\t\t\t<\/div>\n\t\t\t\t<div class=\"elementor-element elementor-element-884d4d1 elementor-widget elementor-widget-heading\" data-id=\"884d4d1\" data-element_type=\"widget\" data-widget_type=\"heading.default\">\n\t\t\t\t<div class=\"elementor-widget-container\">\n\t\t\t\t\t<h2 class=\"elementor-heading-title elementor-size-default\">Restaurante con Jard\u00edn y Cocina Mediterr\u00e1nea en Formentera <\/h2>\t\t\t\t<\/div>\n\t\t\t\t<\/div>\n\t\t\t\t\t<\/div>\n\t\t<\/div>\n\t\t\t\t\t<\/div>\n\t\t<\/section>\n\t\t\t\t<section class=\"elementor-section elementor-top-section elementor-element elementor-element-78bf218 elementor-section-boxed elementor-section-height-default elementor-section-height-default\" data-id=\"78bf218\" data-element_type=\"section\">\n\t\t\t\t\t\t<div class=\"elementor-container elementor-column-gap-default\">\n\t\t\t\t\t<div class=\"elementor-column elementor-col-50 elementor-top-column elementor-element elementor-element-372192d\" data-id=\"372192d\" data-element_type=\"column\">\n\t\t\t<div class=\"elementor-widget-wrap elementor-element-populated\">\n\t\t\t\t\t\t<div class=\"elementor-element elementor-element-43c7c12 elementor-widget elementor-widget-text-editor\" data-id=\"43c7c12\" data-element_type=\"widget\" data-widget_type=\"text-editor.default\">\n\t\t\t\t<div class=\"elementor-widget-container\">\n\t\t\t\t\t\t\t\t\t<p>Garden es el coraz\u00f3n del ecosistema de Teranka, un espacio con un ambiente alegre, comunitario y festivo entre las dunas y los olivos, donde largas mesas, sombras moteadas y una sensaci\u00f3n de alegr\u00eda y relajaci\u00f3n crean un centro para brunches familiares, almuerzos tranquilos y cenas bajo las estrellas en la arena.<\/p><p>El lugar perfecto para tus cenas de verano en Formenera. Vive la experiencia de una noche inolvidable, rodeado de naturaleza y la mejor compa\u00f1\u00eda.<\/p>\t\t\t\t\t\t\t\t<\/div>\n\t\t\t\t<\/div>\n\t\t\t\t<div class=\"elementor-element elementor-element-a4496d4 elementor-widget elementor-widget-button\" data-id=\"a4496d4\" data-element_type=\"widget\" data-widget_type=\"button.default\">\n\t\t\t\t<div class=\"elementor-widget-container\">\n\t\t\t\t\t\t\t\t\t<div class=\"elementor-button-wrapper\">\n\t\t\t\t\t<a class=\"elementor-button elementor-button-link elementor-size-sm\" href=\"https:\/\/www.teranka.com\/wp-content\/uploads\/2025\/08\/tk_lunch_qr.pdf\">\n\t\t\t\t\t\t<span class=\"elementor-button-content-wrapper\">\n\t\t\t\t\t\t<span class=\"elementor-button-icon\">\n\t\t\t\t<svg xmlns=\"http:\/\/www.w3.org\/2000\/svg\" width=\"18.527\" height=\"18.674\" viewBox=\"0 0 18.527 18.674\"><path id=\"_8111398_download_arrow_down_direction_navigation_icon\" data-name=\"8111398_download_arrow_down_direction_navigation_icon\" d=\"M45,49.8l-4.372-4.372.9-.9,2.832,2.831V34h1.276V47.358l2.832-2.831.9.9Zm7.988-2.469v3.921a.152.152,0,0,1-.146.146h-15.7a.139.139,0,0,1-.129-.146V47.332H35.74v3.921a1.416,1.416,0,0,0,1.405,1.421h15.7a1.424,1.424,0,0,0,1.422-1.422V47.332Z\" transform=\"translate(-35.74 -34)\" fill=\"#a95134\"><\/path><\/svg>\t\t\t<\/span>\n\t\t\t\t\t\t\t\t\t<span class=\"elementor-button-text\">Carta de almuerzo<\/span>\n\t\t\t\t\t<\/span>\n\t\t\t\t\t<\/a>\n\t\t\t\t<\/div>\n\t\t\t\t\t\t\t\t<\/div>\n\t\t\t\t<\/div>\n\t\t\t\t<div class=\"elementor-element elementor-element-7be86f6 elementor-widget elementor-widget-button\" data-id=\"7be86f6\" data-element_type=\"widget\" data-widget_type=\"button.default\">\n\t\t\t\t<div class=\"elementor-widget-container\">\n\t\t\t\t\t\t\t\t\t<div class=\"elementor-button-wrapper\">\n\t\t\t\t\t<a class=\"elementor-button elementor-button-link elementor-size-sm\" href=\"https:\/\/www.teranka.com\/wp-content\/uploads\/2025\/08\/tk_garden-dinner_qr-1.pdf\">\n\t\t\t\t\t\t<span class=\"elementor-button-content-wrapper\">\n\t\t\t\t\t\t<span class=\"elementor-button-icon\">\n\t\t\t\t<svg xmlns=\"http:\/\/www.w3.org\/2000\/svg\" width=\"18.527\" height=\"18.674\" viewBox=\"0 0 18.527 18.674\"><path id=\"_8111398_download_arrow_down_direction_navigation_icon\" data-name=\"8111398_download_arrow_down_direction_navigation_icon\" d=\"M45,49.8l-4.372-4.372.9-.9,2.832,2.831V34h1.276V47.358l2.832-2.831.9.9Zm7.988-2.469v3.921a.152.152,0,0,1-.146.146h-15.7a.139.139,0,0,1-.129-.146V47.332H35.74v3.921a1.416,1.416,0,0,0,1.405,1.421h15.7a1.424,1.424,0,0,0,1.422-1.422V47.332Z\" transform=\"translate(-35.74 -34)\" fill=\"#a95134\"><\/path><\/svg>\t\t\t<\/span>\n\t\t\t\t\t\t\t\t\t<span class=\"elementor-button-text\">Carta de cena<\/span>\n\t\t\t\t\t<\/span>\n\t\t\t\t\t<\/a>\n\t\t\t\t<\/div>\n\t\t\t\t\t\t\t\t<\/div>\n\t\t\t\t<\/div>\n\t\t\t\t<div class=\"elementor-element elementor-element-7eb329e elementor-widget elementor-widget-button\" data-id=\"7eb329e\" data-element_type=\"widget\" data-widget_type=\"button.default\">\n\t\t\t\t<div class=\"elementor-widget-container\">\n\t\t\t\t\t\t\t\t\t<div class=\"elementor-button-wrapper\">\n\t\t\t\t\t<a class=\"elementor-button elementor-button-link elementor-size-sm\" href=\"https:\/\/www.teranka.com\/wp-content\/uploads\/2025\/08\/tk_gardenbar_qr.pdf\">\n\t\t\t\t\t\t<span class=\"elementor-button-content-wrapper\">\n\t\t\t\t\t\t<span class=\"elementor-button-icon\">\n\t\t\t\t<svg xmlns=\"http:\/\/www.w3.org\/2000\/svg\" width=\"18.527\" height=\"18.674\" viewBox=\"0 0 18.527 18.674\"><path id=\"_8111398_download_arrow_down_direction_navigation_icon\" data-name=\"8111398_download_arrow_down_direction_navigation_icon\" d=\"M45,49.8l-4.372-4.372.9-.9,2.832,2.831V34h1.276V47.358l2.832-2.831.9.9Zm7.988-2.469v3.921a.152.152,0,0,1-.146.146h-15.7a.139.139,0,0,1-.129-.146V47.332H35.74v3.921a1.416,1.416,0,0,0,1.405,1.421h15.7a1.424,1.424,0,0,0,1.422-1.422V47.332Z\" transform=\"translate(-35.74 -34)\" fill=\"#a95134\"><\/path><\/svg>\t\t\t<\/span>\n\t\t\t\t\t\t\t\t\t<span class=\"elementor-button-text\">carta de bebidas<\/span>\n\t\t\t\t\t<\/span>\n\t\t\t\t\t<\/a>\n\t\t\t\t<\/div>\n\t\t\t\t\t\t\t\t<\/div>\n\t\t\t\t<\/div>\n\t\t\t\t<div class=\"elementor-element elementor-element-885f17e elementor-widget elementor-widget-button\" data-id=\"885f17e\" data-element_type=\"widget\" data-widget_type=\"button.default\">\n\t\t\t\t<div class=\"elementor-widget-container\">\n\t\t\t\t\t\t\t\t\t<div class=\"elementor-button-wrapper\">\n\t\t\t\t\t<a class=\"elementor-button elementor-button-link elementor-size-sm\" href=\"https:\/\/www.teranka.com\/wp-content\/uploads\/2025\/08\/tk_wines-25_08_qr.pdf\">\n\t\t\t\t\t\t<span class=\"elementor-button-content-wrapper\">\n\t\t\t\t\t\t<span class=\"elementor-button-icon\">\n\t\t\t\t<svg xmlns=\"http:\/\/www.w3.org\/2000\/svg\" width=\"18.527\" height=\"18.674\" viewBox=\"0 0 18.527 18.674\"><path id=\"_8111398_download_arrow_down_direction_navigation_icon\" data-name=\"8111398_download_arrow_down_direction_navigation_icon\" d=\"M45,49.8l-4.372-4.372.9-.9,2.832,2.831V34h1.276V47.358l2.832-2.831.9.9Zm7.988-2.469v3.921a.152.152,0,0,1-.146.146h-15.7a.139.139,0,0,1-.129-.146V47.332H35.74v3.921a1.416,1.416,0,0,0,1.405,1.421h15.7a1.424,1.424,0,0,0,1.422-1.422V47.332Z\" transform=\"translate(-35.74 -34)\" fill=\"#a95134\"><\/path><\/svg>\t\t\t<\/span>\n\t\t\t\t\t\t\t\t\t<span class=\"elementor-button-text\">carta de vinos<\/span>\n\t\t\t\t\t<\/span>\n\t\t\t\t\t<\/a>\n\t\t\t\t<\/div>\n\t\t\t\t\t\t\t\t<\/div>\n\t\t\t\t<\/div>\n\t\t\t\t\t<\/div>\n\t\t<\/div>\n\t\t\t\t<div class=\"elementor-column elementor-col-50 elementor-top-column elementor-element elementor-element-dcd25eb\" data-id=\"dcd25eb\" data-element_type=\"column\">\n\t\t\t<div class=\"elementor-widget-wrap elementor-element-populated\">\n\t\t\t\t\t\t<div class=\"elementor-element elementor-element-0c16d0c elementor-widget elementor-widget-text-editor\" data-id=\"0c16d0c\" data-element_type=\"widget\" data-widget_type=\"text-editor.default\">\n\t\t\t\t<div class=\"elementor-widget-container\">\n\t\t\t\t\t\t\t\t\t<p>Horario<\/p>\n\t\t\t\t\t\t\t\t<\/div>\n\t\t\t\t<\/div>\n\t\t\t\t<div class=\"elementor-element elementor-element-f195d10 elementor-widget elementor-widget-text-editor\" data-id=\"f195d10\" data-element_type=\"widget\" data-widget_type=\"text-editor.default\">\n\t\t\t\t<div class=\"elementor-widget-container\">\n\t\t\t\t\t\t\t\t\t<p>Almuerzo: 13:00 &#8211; 16:00<br \/>Cena: 20:00 \u2013 23:30<\/p><p><em>M\u00fasica en vivo de mi\u00e9rcoles a domingo de 20:30 a 22:30<\/em><\/p>\t\t\t\t\t\t\t\t<\/div>\n\t\t\t\t<\/div>\n\t\t\t\t<div class=\"elementor-element elementor-element-d346748 elementor-widget elementor-widget-button\" data-id=\"d346748\" data-element_type=\"widget\" data-widget_type=\"button.default\">\n\t\t\t\t<div class=\"elementor-widget-container\">\n\t\t\t\t\t\t\t\t\t<div class=\"elementor-button-wrapper\">\n\t\t\t\t\t<a class=\"elementor-button elementor-button-link elementor-size-sm\" href=\"https:\/\/www.sevenrooms.com\/explore\/terankagarden\/reservations\/create\/search\/?lang=es\">\n\t\t\t\t\t\t<span class=\"elementor-button-content-wrapper\">\n\t\t\t\t\t\t\t\t\t<span class=\"elementor-button-text\">reservar mesa<\/span>\n\t\t\t\t\t<\/span>\n\t\t\t\t\t<\/a>\n\t\t\t\t<\/div>\n\t\t\t\t\t\t\t\t<\/div>\n\t\t\t\t<\/div>\n\t\t\t\t<div class=\"elementor-element elementor-element-f0320dd elementor-align-left elementor-widget elementor-widget-button\" data-id=\"f0320dd\" data-element_type=\"widget\" data-widget_type=\"button.default\">\n\t\t\t\t<div class=\"elementor-widget-container\">\n\t\t\t\t\t\t\t\t\t<div class=\"elementor-button-wrapper\">\n\t\t\t\t\t<a class=\"elementor-button elementor-size-sm\" role=\"button\">\n\t\t\t\t\t\t<span class=\"elementor-button-content-wrapper\">\n\t\t\t\t\t\t\t\t\t<span class=\"elementor-button-text\">contacto<\/span>\n\t\t\t\t\t<\/span>\n\t\t\t\t\t<\/a>\n\t\t\t\t<\/div>\n\t\t\t\t\t\t\t\t<\/div>\n\t\t\t\t<\/div>\n\t\t\t\t<div class=\"elementor-element elementor-element-1d807e4 elementor-widget elementor-widget-text-editor\" data-id=\"1d807e4\" data-element_type=\"widget\" data-widget_type=\"text-editor.default\">\n\t\t\t\t<div class=\"elementor-widget-container\">\n\t\t\t\t\t\t\t\t\t<p>Correo electr\u00f3nico: <a href=\"mailto:restaurantes@teranka.com\">restaurantes@teranka.com <\/a> <br \/>Telf: <a href=\"tel:%20+34871873030\">+34 871 873 030<\/a><\/p>\t\t\t\t\t\t\t\t<\/div>\n\t\t\t\t<\/div>\n\t\t\t\t\t<\/div>\n\t\t<\/div>\n\t\t\t\t\t<\/div>\n\t\t<\/section>\n\t\t\t\t<section class=\"elementor-section elementor-top-section elementor-element elementor-element-ff9832b elementor-section-boxed elementor-section-height-default elementor-section-height-default\" data-id=\"ff9832b\" data-element_type=\"section\">\n\t\t\t\t\t\t\t<div class=\"elementor-background-overlay\"><\/div>\n\t\t\t\t\t\t\t<div class=\"elementor-container elementor-column-gap-default\">\n\t\t\t\t\t<div class=\"elementor-column elementor-col-100 elementor-top-column elementor-element elementor-element-d11a31c\" data-id=\"d11a31c\" data-element_type=\"column\">\n\t\t\t<div class=\"elementor-widget-wrap elementor-element-populated\">\n\t\t\t\t\t\t<section class=\"elementor-section elementor-inner-section elementor-element elementor-element-6022bbd elementor-section-boxed elementor-section-height-default elementor-section-height-default\" data-id=\"6022bbd\" data-element_type=\"section\">\n\t\t\t\t\t\t<div class=\"elementor-container elementor-column-gap-default\">\n\t\t\t\t\t<div class=\"elementor-column elementor-col-50 elementor-inner-column elementor-element elementor-element-a03e993\" data-id=\"a03e993\" data-element_type=\"column\">\n\t\t\t<div class=\"elementor-widget-wrap elementor-element-populated\">\n\t\t\t\t\t\t<div class=\"elementor-element elementor-element-9cad522 elementor-widget elementor-widget-image\" data-id=\"9cad522\" data-element_type=\"widget\" data-widget_type=\"image.default\">\n\t\t\t\t<div class=\"elementor-widget-container\">\n\t\t\t\t\t\t\t\t\t\t\t\t\t\t\t<img fetchpriority=\"high\" decoding=\"async\" width=\"740\" height=\"591\" src=\"https:\/\/www.teranka.com\/wp-content\/uploads\/2023\/07\/garden_teranka5.jpg\" class=\"attachment-large size-large wp-image-3204\" alt=\"\" srcset=\"https:\/\/www.teranka.com\/wp-content\/uploads\/2023\/07\/garden_teranka5.jpg 740w, https:\/\/www.teranka.com\/wp-content\/uploads\/2023\/07\/garden_teranka5-300x240.jpg 300w\" sizes=\"(max-width: 740px) 100vw, 740px\" \/>\t\t\t\t\t\t\t\t\t\t\t\t\t\t\t<\/div>\n\t\t\t\t<\/div>\n\t\t\t\t\t<\/div>\n\t\t<\/div>\n\t\t\t\t<div class=\"elementor-column elementor-col-50 elementor-inner-column elementor-element elementor-element-8e13706\" data-id=\"8e13706\" data-element_type=\"column\">\n\t\t\t<div class=\"elementor-widget-wrap elementor-element-populated\">\n\t\t\t\t\t\t<div class=\"elementor-element elementor-element-bde95b2 elementor-widget elementor-widget-image\" data-id=\"bde95b2\" data-element_type=\"widget\" data-widget_type=\"image.default\">\n\t\t\t\t<div class=\"elementor-widget-container\">\n\t\t\t\t\t\t\t\t\t\t\t\t\t\t\t<img decoding=\"async\" width=\"796\" height=\"591\" src=\"https:\/\/www.teranka.com\/wp-content\/uploads\/2023\/07\/garden_teranka4.jpg\" class=\"attachment-large size-large wp-image-3203\" alt=\"\" srcset=\"https:\/\/www.teranka.com\/wp-content\/uploads\/2023\/07\/garden_teranka4.jpg 796w, https:\/\/www.teranka.com\/wp-content\/uploads\/2023\/07\/garden_teranka4-300x223.jpg 300w, https:\/\/www.teranka.com\/wp-content\/uploads\/2023\/07\/garden_teranka4-768x570.jpg 768w\" sizes=\"(max-width: 796px) 100vw, 796px\" \/>\t\t\t\t\t\t\t\t\t\t\t\t\t\t\t<\/div>\n\t\t\t\t<\/div>\n\t\t\t\t\t<\/div>\n\t\t<\/div>\n\t\t\t\t\t<\/div>\n\t\t<\/section>\n\t\t\t\t<section class=\"elementor-section elementor-inner-section elementor-element elementor-element-a94a3cb elementor-section-boxed elementor-section-height-default elementor-section-height-default\" data-id=\"a94a3cb\" data-element_type=\"section\">\n\t\t\t\t\t\t<div class=\"elementor-container elementor-column-gap-default\">\n\t\t\t\t\t<div class=\"elementor-column elementor-col-50 elementor-inner-column elementor-element elementor-element-77acc50\" data-id=\"77acc50\" data-element_type=\"column\">\n\t\t\t<div class=\"elementor-widget-wrap elementor-element-populated\">\n\t\t\t\t\t\t<div class=\"elementor-element elementor-element-6f0c1ec elementor-widget elementor-widget-image\" data-id=\"6f0c1ec\" data-element_type=\"widget\" data-widget_type=\"image.default\">\n\t\t\t\t<div class=\"elementor-widget-container\">\n\t\t\t\t\t\t\t\t\t\t\t\t\t\t\t<img decoding=\"async\" width=\"800\" height=\"534\" src=\"https:\/\/www.teranka.com\/wp-content\/uploads\/2023\/10\/teranka_dining_3-1024x683.jpg\" class=\"attachment-large size-large wp-image-5516\" alt=\"\" srcset=\"https:\/\/www.teranka.com\/wp-content\/uploads\/2023\/10\/teranka_dining_3-1024x683.jpg 1024w, https:\/\/www.teranka.com\/wp-content\/uploads\/2023\/10\/teranka_dining_3-300x200.jpg 300w, https:\/\/www.teranka.com\/wp-content\/uploads\/2023\/10\/teranka_dining_3-768x512.jpg 768w, https:\/\/www.teranka.com\/wp-content\/uploads\/2023\/10\/teranka_dining_3-1536x1024.jpg 1536w, https:\/\/www.teranka.com\/wp-content\/uploads\/2023\/10\/teranka_dining_3-2048x1366.jpg 2048w\" sizes=\"(max-width: 800px) 100vw, 800px\" \/>\t\t\t\t\t\t\t\t\t\t\t\t\t\t\t<\/div>\n\t\t\t\t<\/div>\n\t\t\t\t\t<\/div>\n\t\t<\/div>\n\t\t\t\t<div class=\"elementor-column elementor-col-50 elementor-inner-column elementor-element elementor-element-74db466\" data-id=\"74db466\" data-element_type=\"column\">\n\t\t\t<div class=\"elementor-widget-wrap elementor-element-populated\">\n\t\t\t\t\t\t<div class=\"elementor-element elementor-element-5e45526 elementor-widget elementor-widget-image\" data-id=\"5e45526\" data-element_type=\"widget\" data-widget_type=\"image.default\">\n\t\t\t\t<div class=\"elementor-widget-container\">\n\t\t\t\t\t\t\t\t\t\t\t\t\t\t\t<img loading=\"lazy\" decoding=\"async\" width=\"750\" height=\"591\" src=\"https:\/\/www.teranka.com\/wp-content\/uploads\/2023\/07\/garden_teranka3.jpg\" class=\"attachment-large size-large wp-image-3202\" alt=\"\" srcset=\"https:\/\/www.teranka.com\/wp-content\/uploads\/2023\/07\/garden_teranka3.jpg 750w, https:\/\/www.teranka.com\/wp-content\/uploads\/2023\/07\/garden_teranka3-300x236.jpg 300w\" sizes=\"(max-width: 750px) 100vw, 750px\" \/>\t\t\t\t\t\t\t\t\t\t\t\t\t\t\t<\/div>\n\t\t\t\t<\/div>\n\t\t\t\t\t<\/div>\n\t\t<\/div>\n\t\t\t\t\t<\/div>\n\t\t<\/section>\n\t\t\t\t\t<\/div>\n\t\t<\/div>\n\t\t\t\t\t<\/div>\n\t\t<\/section>\n\t\t\t\t<\/div>\n\t\t","protected":false},"excerpt":{"rendered":"<p>Comer y beber &gt; The Garden Garden Restaurante con Jard\u00edn y Cocina Mediterr\u00e1nea en Formentera Garden es el coraz\u00f3n del ecosistema de Teranka, un espacio con un ambiente alegre, comunitario y festivo entre las dunas y los olivos, donde largas mesas, sombras moteadas y una sensaci\u00f3n de alegr\u00eda y relajaci\u00f3n crean un centro para brunches [&hellip;]<\/p>\n","protected":false},"author":1,"featured_media":0,"parent":3315,"menu_order":0,"comment_status":"closed","ping_status":"closed","template":"","meta":{"_seopress_robots_primary_cat":"","_seopress_titles_title":"Restaurante en Formentera: The Garden, Cena y M\u00fasica en Vivo","_seopress_titles_desc":"\u00bfBuscas d\u00f3nde comer en Formentera? The Garden te espera con un ambiente singular, rodeado de olivos. Sabores que te sorprender\u00e1n. \u00a1Reserva ya!","_seopress_robots_index":"","_seopress_analysis_target_kw":"","footnotes":""},"class_list":["post-3312","page","type-page","status-publish"],"_links":{"self":[{"href":"https:\/\/www.teranka.com\/es\/wp-json\/wp\/v2\/pages\/3312","targetHints":{"allow":["GET"]}}],"collection":[{"href":"https:\/\/www.teranka.com\/es\/wp-json\/wp\/v2\/pages"}],"about":[{"href":"https:\/\/www.teranka.com\/es\/wp-json\/wp\/v2\/types\/page"}],"author":[{"embeddable":true,"href":"https:\/\/www.teranka.com\/es\/wp-json\/wp\/v2\/users\/1"}],"replies":[{"embeddable":true,"href":"https:\/\/www.teranka.com\/es\/wp-json\/wp\/v2\/comments?post=3312"}],"version-history":[{"count":218,"href":"https:\/\/www.teranka.com\/es\/wp-json\/wp\/v2\/pages\/3312\/revisions"}],"predecessor-version":[{"id":9143,"href":"https:\/\/www.teranka.com\/es\/wp-json\/wp\/v2\/pages\/3312\/revisions\/9143"}],"up":[{"embeddable":true,"href":"https:\/\/www.teranka.com\/es\/wp-json\/wp\/v2\/pages\/3315"}],"wp:attachment":[{"href":"https:\/\/www.teranka.com\/es\/wp-json\/wp\/v2\/media?parent=3312"}],"curies":[{"name":"wp","href":"https:\/\/api.w.org\/{rel}","templated":true}]}}