{"id":3310,"date":"2023-05-19T15:54:14","date_gmt":"2023-05-19T13:54:14","guid":{"rendered":"https:\/\/www.teranka.com\/tierra"},"modified":"2025-03-20T10:54:19","modified_gmt":"2025-03-20T08:54:19","slug":"tierra","status":"publish","type":"page","link":"https:\/\/www.teranka.com\/es\/tierra","title":{"rendered":"Tierra"},"content":{"rendered":"\t\t<div data-elementor-type=\"wp-page\" data-elementor-id=\"3310\" class=\"elementor elementor-3310 elementor-301\" data-elementor-post-type=\"page\">\n\t\t\t\t\t\t<section class=\"elementor-section elementor-top-section elementor-element elementor-element-99e303e elementor-section-full_width elementor-reverse-mobile elementor-hidden-mobile elementor-section-height-default elementor-section-height-default\" data-id=\"99e303e\" data-element_type=\"section\">\n\t\t\t\t\t\t<div class=\"elementor-container elementor-column-gap-default\">\n\t\t\t\t\t<div class=\"elementor-column elementor-col-100 elementor-top-column elementor-element elementor-element-99ceeac\" data-id=\"99ceeac\" data-element_type=\"column\">\n\t\t\t<div class=\"elementor-widget-wrap elementor-element-populated\">\n\t\t\t\t\t\t<div class=\"elementor-element elementor-element-04f9230 elementor-widget elementor-widget-text-editor\" data-id=\"04f9230\" data-element_type=\"widget\" data-widget_type=\"text-editor.default\">\n\t\t\t\t<div class=\"elementor-widget-container\">\n\t\t\t\t\t\t\t\t\t<p><a href=\"https:\/\/www.teranka.com\/es\">Inicio<\/a> &gt; Tierra<\/p>\n\t\t\t\t\t\t\t\t<\/div>\n\t\t\t\t<\/div>\n\t\t\t\t\t<\/div>\n\t\t<\/div>\n\t\t\t\t\t<\/div>\n\t\t<\/section>\n\t\t\t\t<section class=\"elementor-section elementor-top-section elementor-element elementor-element-612e4ed elementor-section-boxed elementor-section-height-default elementor-section-height-default\" data-id=\"612e4ed\" data-element_type=\"section\">\n\t\t\t\t\t\t<div class=\"elementor-container elementor-column-gap-default\">\n\t\t\t\t\t<div class=\"elementor-column elementor-col-50 elementor-top-column elementor-element elementor-element-bb5fc66\" data-id=\"bb5fc66\" data-element_type=\"column\">\n\t\t\t<div class=\"elementor-widget-wrap elementor-element-populated\">\n\t\t\t\t\t\t<div class=\"elementor-element elementor-element-05a5e65 elementor-widget elementor-widget-heading\" data-id=\"05a5e65\" data-element_type=\"widget\" data-widget_type=\"heading.default\">\n\t\t\t\t<div class=\"elementor-widget-container\">\n\t\t\t\t\t<h1 class=\"elementor-heading-title elementor-size-default\">Tierra<\/h1>\t\t\t\t<\/div>\n\t\t\t\t<\/div>\n\t\t\t\t\t<\/div>\n\t\t<\/div>\n\t\t\t\t<div class=\"elementor-column elementor-col-50 elementor-top-column elementor-element elementor-element-20365f9\" data-id=\"20365f9\" data-element_type=\"column\">\n\t\t\t<div class=\"elementor-widget-wrap elementor-element-populated\">\n\t\t\t\t\t\t<div class=\"elementor-element elementor-element-c818503 elementor-widget-divider--view-line_text elementor-widget-divider--element-align-left elementor-widget elementor-widget-divider\" data-id=\"c818503\" data-element_type=\"widget\" data-widget_type=\"divider.default\">\n\t\t\t\t<div class=\"elementor-widget-container\">\n\t\t\t\t\t\t\t<div class=\"elementor-divider\">\n\t\t\t<span class=\"elementor-divider-separator\">\n\t\t\t\t\t\t\t<span class=\"elementor-divider__text elementor-divider__element\">\n\t\t\t\tSantuarios de jard\u00edn \u00edntimos\t\t\t\t<\/span>\n\t\t\t\t\t\t<\/span>\n\t\t<\/div>\n\t\t\t\t\t\t<\/div>\n\t\t\t\t<\/div>\n\t\t\t\t<div class=\"elementor-element elementor-element-69f36bc elementor-widget elementor-widget-text-editor\" data-id=\"69f36bc\" data-element_type=\"widget\" data-widget_type=\"text-editor.default\">\n\t\t\t\t<div class=\"elementor-widget-container\">\n\t\t\t\t\t\t\t\t\t<p>Estos refugios apartados y enraizados est\u00e1n tallados en piedra y resguardados en los terrenos del hotel. Las suites Tierra son terrenales y espaciosas, con interiores reconfortantes llenos de arte y espacios exteriores privados impregnados con los aromas de las emblem\u00e1ticas plantas de enebro y romero de Formentera.<\/p>\n\t\t\t\t\t\t\t\t<\/div>\n\t\t\t\t<\/div>\n\t\t\t\t\t<\/div>\n\t\t<\/div>\n\t\t\t\t\t<\/div>\n\t\t<\/section>\n\t\t\t\t<section class=\"elementor-section elementor-top-section elementor-element elementor-element-d01acef elementor-section-boxed elementor-section-height-default elementor-section-height-default\" data-id=\"d01acef\" data-element_type=\"section\">\n\t\t\t\t\t\t<div class=\"elementor-container elementor-column-gap-custom\">\n\t\t\t\t\t<div class=\"elementor-column elementor-col-100 elementor-top-column elementor-element elementor-element-7b22dcf\" data-id=\"7b22dcf\" data-element_type=\"column\">\n\t\t\t<div class=\"elementor-widget-wrap elementor-element-populated\">\n\t\t\t\t\t\t<div class=\"elementor-element elementor-element-26a4164 elementor-widget elementor-widget-image\" data-id=\"26a4164\" data-element_type=\"widget\" data-widget_type=\"image.default\">\n\t\t\t\t<div class=\"elementor-widget-container\">\n\t\t\t\t\t\t\t\t\t\t\t\t\t\t\t<img fetchpriority=\"high\" decoding=\"async\" width=\"1484\" height=\"891\" src=\"https:\/\/www.teranka.com\/wp-content\/uploads\/2024\/04\/junior_suite.jpg\" class=\"attachment-full size-full wp-image-6189\" alt=\"\" srcset=\"https:\/\/www.teranka.com\/wp-content\/uploads\/2024\/04\/junior_suite.jpg 1484w, https:\/\/www.teranka.com\/wp-content\/uploads\/2024\/04\/junior_suite-300x180.jpg 300w, https:\/\/www.teranka.com\/wp-content\/uploads\/2024\/04\/junior_suite-1024x615.jpg 1024w, https:\/\/www.teranka.com\/wp-content\/uploads\/2024\/04\/junior_suite-768x461.jpg 768w\" sizes=\"(max-width: 1484px) 100vw, 1484px\" \/>\t\t\t\t\t\t\t\t\t\t\t\t\t\t\t<\/div>\n\t\t\t\t<\/div>\n\t\t\t\t<div class=\"elementor-element elementor-element-3c7cc51 elementor-widget elementor-widget-heading\" data-id=\"3c7cc51\" data-element_type=\"widget\" data-widget_type=\"heading.default\">\n\t\t\t\t<div class=\"elementor-widget-container\">\n\t\t\t\t\t<h2 class=\"elementor-heading-title elementor-size-default\"><a href=\"https:\/\/www.teranka.com\/es\/tierra\/junior-suite\">Junior Suite<\/a><\/h2>\t\t\t\t<\/div>\n\t\t\t\t<\/div>\n\t\t\t\t<div class=\"elementor-element elementor-element-8482008 elementor-widget-divider--view-line_text elementor-widget-divider--element-align-left elementor-widget elementor-widget-divider\" data-id=\"8482008\" data-element_type=\"widget\" data-widget_type=\"divider.default\">\n\t\t\t\t<div class=\"elementor-widget-container\">\n\t\t\t\t\t\t\t<div class=\"elementor-divider\">\n\t\t\t<span class=\"elementor-divider-separator\">\n\t\t\t\t\t\t\t<span class=\"elementor-divider__text elementor-divider__element\">\n\t\t\t\tEn armon\u00eda con los elementos\t\t\t\t<\/span>\n\t\t\t\t\t\t<\/span>\n\t\t<\/div>\n\t\t\t\t\t\t<\/div>\n\t\t\t\t<\/div>\n\t\t\t\t<div class=\"elementor-element elementor-element-68cbb24 elementor-widget__width-initial elementor-widget elementor-widget-text-editor\" data-id=\"68cbb24\" data-element_type=\"widget\" data-widget_type=\"text-editor.default\">\n\t\t\t\t<div class=\"elementor-widget-container\">\n\t\t\t\t\t\t\t\t\t<p>Suites contempor\u00e1neas de 35m<sup>2<\/sup> asombrosamente r\u00fasticas, en sinton\u00eda con la naturaleza y el ritmo elemental de la isla.<\/p>\n\t\t\t\t\t\t\t\t<\/div>\n\t\t\t\t<\/div>\n\t\t\t\t<div class=\"elementor-element elementor-element-1f1f412 elementor-align-right elementor-widget__width-initial elementor-mobile-align-left elementor-widget elementor-widget-button\" data-id=\"1f1f412\" data-element_type=\"widget\" data-widget_type=\"button.default\">\n\t\t\t\t<div class=\"elementor-widget-container\">\n\t\t\t\t\t\t\t\t\t<div class=\"elementor-button-wrapper\">\n\t\t\t\t\t<a class=\"elementor-button elementor-button-link elementor-size-sm\" href=\"https:\/\/www.teranka.com\/es\/tierra\/junior-suite\">\n\t\t\t\t\t\t<span class=\"elementor-button-content-wrapper\">\n\t\t\t\t\t\t\t\t\t<span class=\"elementor-button-text\">LEER M\u00c1S<\/span>\n\t\t\t\t\t<\/span>\n\t\t\t\t\t<\/a>\n\t\t\t\t<\/div>\n\t\t\t\t\t\t\t\t<\/div>\n\t\t\t\t<\/div>\n\t\t\t\t\t<\/div>\n\t\t<\/div>\n\t\t\t\t\t<\/div>\n\t\t<\/section>\n\t\t\t\t<\/div>\n\t\t","protected":false},"excerpt":{"rendered":"<p>Inicio &gt; Tierra Tierra Santuarios de jard\u00edn \u00edntimos Estos refugios apartados y enraizados est\u00e1n tallados en piedra y resguardados en los terrenos del hotel. Las suites Tierra son terrenales y espaciosas, con interiores reconfortantes llenos de arte y espacios exteriores privados impregnados con los aromas de las emblem\u00e1ticas plantas de enebro y romero de Formentera. [&hellip;]<\/p>\n","protected":false},"author":1,"featured_media":0,"parent":0,"menu_order":0,"comment_status":"closed","ping_status":"closed","template":"","meta":{"_seopress_robots_primary_cat":"","_seopress_titles_title":"Suites Tierra en Formentera | Lujo Natural","_seopress_titles_desc":"Disfruta el lujo natural de las suites Tierra en Formentera: elegancia r\u00fastica y comodidades excepcionales en plena belleza isle\u00f1a. \u00a1Haz tu reserva ahora!","_seopress_robots_index":"","footnotes":""},"class_list":["post-3310","page","type-page","status-publish"],"_links":{"self":[{"href":"https:\/\/www.teranka.com\/es\/wp-json\/wp\/v2\/pages\/3310","targetHints":{"allow":["GET"]}}],"collection":[{"href":"https:\/\/www.teranka.com\/es\/wp-json\/wp\/v2\/pages"}],"about":[{"href":"https:\/\/www.teranka.com\/es\/wp-json\/wp\/v2\/types\/page"}],"author":[{"embeddable":true,"href":"https:\/\/www.teranka.com\/es\/wp-json\/wp\/v2\/users\/1"}],"replies":[{"embeddable":true,"href":"https:\/\/www.teranka.com\/es\/wp-json\/wp\/v2\/comments?post=3310"}],"version-history":[{"count":48,"href":"https:\/\/www.teranka.com\/es\/wp-json\/wp\/v2\/pages\/3310\/revisions"}],"predecessor-version":[{"id":8071,"href":"https:\/\/www.teranka.com\/es\/wp-json\/wp\/v2\/pages\/3310\/revisions\/8071"}],"wp:attachment":[{"href":"https:\/\/www.teranka.com\/es\/wp-json\/wp\/v2\/media?parent=3310"}],"curies":[{"name":"wp","href":"https:\/\/api.w.org\/{rel}","templated":true}]}}