{"id":3309,"date":"2023-05-22T09:30:57","date_gmt":"2023-05-22T07:30:57","guid":{"rendered":"https:\/\/www.teranka.com\/habitacion-doble-con-vistas-a-la-piscina"},"modified":"2025-03-20T12:12:51","modified_gmt":"2025-03-20T10:12:51","slug":"habitacion-deluxe","status":"publish","type":"page","link":"https:\/\/www.teranka.com\/es\/mar\/habitacion-deluxe","title":{"rendered":"Habitaci\u00f3n Deluxe"},"content":{"rendered":"\t\t<div data-elementor-type=\"wp-page\" data-elementor-id=\"3309\" class=\"elementor elementor-3309 elementor-393\" data-elementor-post-type=\"page\">\n\t\t\t\t\t\t<section class=\"elementor-section elementor-top-section elementor-element elementor-element-bc9c3a7 elementor-reverse-tablet elementor-reverse-mobile elementor-section-boxed elementor-section-height-default elementor-section-height-default\" data-id=\"bc9c3a7\" data-element_type=\"section\">\n\t\t\t\t\t\t<div class=\"elementor-container elementor-column-gap-default\">\n\t\t\t\t\t<div class=\"elementor-column elementor-col-50 elementor-top-column elementor-element elementor-element-553b050\" data-id=\"553b050\" data-element_type=\"column\">\n\t\t\t<div class=\"elementor-widget-wrap elementor-element-populated\">\n\t\t\t\t\t\t<div class=\"elementor-element elementor-element-9eecfcb elementor-widget elementor-widget-image\" data-id=\"9eecfcb\" data-element_type=\"widget\" data-widget_type=\"image.default\">\n\t\t\t\t<div class=\"elementor-widget-container\">\n\t\t\t\t\t\t\t\t\t\t\t\t\t\t\t<img fetchpriority=\"high\" decoding=\"async\" width=\"1535\" height=\"1024\" src=\"https:\/\/www.teranka.com\/wp-content\/uploads\/2023\/07\/TERANKA_FORMENTERA_JUN_23_2351_LOW.jpg\" class=\"attachment-full size-full wp-image-3187\" alt=\"\" srcset=\"https:\/\/www.teranka.com\/wp-content\/uploads\/2023\/07\/TERANKA_FORMENTERA_JUN_23_2351_LOW.jpg 1535w, https:\/\/www.teranka.com\/wp-content\/uploads\/2023\/07\/TERANKA_FORMENTERA_JUN_23_2351_LOW-300x200.jpg 300w, https:\/\/www.teranka.com\/wp-content\/uploads\/2023\/07\/TERANKA_FORMENTERA_JUN_23_2351_LOW-1024x683.jpg 1024w, https:\/\/www.teranka.com\/wp-content\/uploads\/2023\/07\/TERANKA_FORMENTERA_JUN_23_2351_LOW-768x512.jpg 768w\" sizes=\"(max-width: 1535px) 100vw, 1535px\" \/>\t\t\t\t\t\t\t\t\t\t\t\t\t\t\t<\/div>\n\t\t\t\t<\/div>\n\t\t\t\t<section class=\"elementor-section elementor-inner-section elementor-element elementor-element-1cb9b25 elementor-section-boxed elementor-section-height-default elementor-section-height-default\" data-id=\"1cb9b25\" data-element_type=\"section\">\n\t\t\t\t\t\t<div class=\"elementor-container elementor-column-gap-default\">\n\t\t\t\t\t<div class=\"elementor-column elementor-col-50 elementor-inner-column elementor-element elementor-element-b5ef5f7\" data-id=\"b5ef5f7\" data-element_type=\"column\">\n\t\t\t<div class=\"elementor-widget-wrap elementor-element-populated\">\n\t\t\t\t\t\t<div class=\"elementor-element elementor-element-f70defb elementor-widget elementor-widget-image\" data-id=\"f70defb\" data-element_type=\"widget\" data-widget_type=\"image.default\">\n\t\t\t\t<div class=\"elementor-widget-container\">\n\t\t\t\t\t\t\t\t\t\t\t\t\t\t\t<img decoding=\"async\" width=\"757\" height=\"505\" src=\"https:\/\/www.teranka.com\/wp-content\/uploads\/2023\/07\/TERANKA_FORMENTERA_JUN_23_2389_LOW.jpg\" class=\"attachment-large size-large wp-image-3188\" alt=\"\" srcset=\"https:\/\/www.teranka.com\/wp-content\/uploads\/2023\/07\/TERANKA_FORMENTERA_JUN_23_2389_LOW.jpg 757w, https:\/\/www.teranka.com\/wp-content\/uploads\/2023\/07\/TERANKA_FORMENTERA_JUN_23_2389_LOW-300x200.jpg 300w\" sizes=\"(max-width: 757px) 100vw, 757px\" \/>\t\t\t\t\t\t\t\t\t\t\t\t\t\t\t<\/div>\n\t\t\t\t<\/div>\n\t\t\t\t\t<\/div>\n\t\t<\/div>\n\t\t\t\t<div class=\"elementor-column elementor-col-50 elementor-inner-column elementor-element elementor-element-85e3fc5\" data-id=\"85e3fc5\" data-element_type=\"column\">\n\t\t\t<div class=\"elementor-widget-wrap elementor-element-populated\">\n\t\t\t\t\t\t<div class=\"elementor-element elementor-element-d4606ee elementor-widget elementor-widget-image\" data-id=\"d4606ee\" data-element_type=\"widget\" data-widget_type=\"image.default\">\n\t\t\t\t<div class=\"elementor-widget-container\">\n\t\t\t\t\t\t\t\t\t\t\t\t\t\t\t<img decoding=\"async\" width=\"757\" height=\"505\" src=\"https:\/\/www.teranka.com\/wp-content\/uploads\/2023\/07\/TERANKA_FORMENTERA_JUN_23_2433_LOW.jpg\" class=\"attachment-large size-large wp-image-3189\" alt=\"\" srcset=\"https:\/\/www.teranka.com\/wp-content\/uploads\/2023\/07\/TERANKA_FORMENTERA_JUN_23_2433_LOW.jpg 757w, https:\/\/www.teranka.com\/wp-content\/uploads\/2023\/07\/TERANKA_FORMENTERA_JUN_23_2433_LOW-300x200.jpg 300w\" sizes=\"(max-width: 757px) 100vw, 757px\" \/>\t\t\t\t\t\t\t\t\t\t\t\t\t\t\t<\/div>\n\t\t\t\t<\/div>\n\t\t\t\t\t<\/div>\n\t\t<\/div>\n\t\t\t\t\t<\/div>\n\t\t<\/section>\n\t\t\t\t<div class=\"elementor-element elementor-element-3024713 elementor-widget elementor-widget-image\" data-id=\"3024713\" data-element_type=\"widget\" data-widget_type=\"image.default\">\n\t\t\t\t<div class=\"elementor-widget-container\">\n\t\t\t\t\t\t\t\t\t\t\t\t\t\t\t<img loading=\"lazy\" decoding=\"async\" width=\"1533\" height=\"1023\" src=\"https:\/\/www.teranka.com\/wp-content\/uploads\/2023\/07\/TERANKA_FORMENTERA_JUN_23_2452_LOW.jpg\" class=\"attachment-full size-full wp-image-3190\" alt=\"\" srcset=\"https:\/\/www.teranka.com\/wp-content\/uploads\/2023\/07\/TERANKA_FORMENTERA_JUN_23_2452_LOW.jpg 1533w, https:\/\/www.teranka.com\/wp-content\/uploads\/2023\/07\/TERANKA_FORMENTERA_JUN_23_2452_LOW-300x200.jpg 300w, https:\/\/www.teranka.com\/wp-content\/uploads\/2023\/07\/TERANKA_FORMENTERA_JUN_23_2452_LOW-1024x683.jpg 1024w, https:\/\/www.teranka.com\/wp-content\/uploads\/2023\/07\/TERANKA_FORMENTERA_JUN_23_2452_LOW-768x513.jpg 768w\" sizes=\"(max-width: 1533px) 100vw, 1533px\" \/>\t\t\t\t\t\t\t\t\t\t\t\t\t\t\t<\/div>\n\t\t\t\t<\/div>\n\t\t\t\t\t<\/div>\n\t\t<\/div>\n\t\t\t\t<div class=\"elementor-column elementor-col-50 elementor-top-column elementor-element elementor-element-6b1ee87\" data-id=\"6b1ee87\" data-element_type=\"column\">\n\t\t\t<div class=\"elementor-widget-wrap elementor-element-populated\">\n\t\t\t\t\t\t<section class=\"elementor-section elementor-inner-section elementor-element elementor-element-dd008ef elementor-section-full_width sticky-column elementor-section-height-default elementor-section-height-default\" data-id=\"dd008ef\" data-element_type=\"section\">\n\t\t\t\t\t\t<div class=\"elementor-container elementor-column-gap-default\">\n\t\t\t\t\t<div class=\"elementor-column elementor-col-100 elementor-inner-column elementor-element elementor-element-415fd3d\" data-id=\"415fd3d\" data-element_type=\"column\">\n\t\t\t<div class=\"elementor-widget-wrap elementor-element-populated\">\n\t\t\t\t\t\t<div class=\"elementor-element elementor-element-225dcbd elementor-widget elementor-widget-text-editor\" data-id=\"225dcbd\" data-element_type=\"widget\" data-widget_type=\"text-editor.default\">\n\t\t\t\t<div class=\"elementor-widget-container\">\n\t\t\t\t\t\t\t\t\t<p><a href=\"https:\/\/www.teranka.com\/es\/estancia\">Estancia<\/a> &gt; <a href=\"https:\/\/www.teranka.com\/es\/estancia\/mar\">Mar<\/a> &gt; Habitaci\u00f3n Deluxe<\/p>\t\t\t\t\t\t\t\t<\/div>\n\t\t\t\t<\/div>\n\t\t\t\t<div class=\"elementor-element elementor-element-30734b9 elementor-widget elementor-widget-heading\" data-id=\"30734b9\" data-element_type=\"widget\" data-widget_type=\"heading.default\">\n\t\t\t\t<div class=\"elementor-widget-container\">\n\t\t\t\t\t<h1 class=\"elementor-heading-title elementor-size-default\">Habitaci\u00f3n Deluxe<\/h1>\t\t\t\t<\/div>\n\t\t\t\t<\/div>\n\t\t\t\t<div class=\"elementor-element elementor-element-e6ba7c2 elementor-widget-divider--view-line_text elementor-widget-divider--element-align-left elementor-widget elementor-widget-divider\" data-id=\"e6ba7c2\" data-element_type=\"widget\" data-widget_type=\"divider.default\">\n\t\t\t\t<div class=\"elementor-widget-container\">\n\t\t\t\t\t\t\t<div class=\"elementor-divider\">\n\t\t\t<span class=\"elementor-divider-separator\">\n\t\t\t\t\t\t\t<h2 class=\"elementor-divider__text elementor-divider__element\">\n\t\t\t\tEl retiro \u00edntimo\t\t\t\t<\/h2>\n\t\t\t\t\t\t<\/span>\n\t\t<\/div>\n\t\t\t\t\t\t<\/div>\n\t\t\t\t<\/div>\n\t\t\t\t<div class=\"elementor-element elementor-element-eeec4ac elementor-widget elementor-widget-text-editor\" data-id=\"eeec4ac\" data-element_type=\"widget\" data-widget_type=\"text-editor.default\">\n\t\t\t\t<div class=\"elementor-widget-container\">\n\t\t\t\t\t\t\t\t\t<p><strong>Estas ocho habitaciones de 25 m<sup>&nbsp;<\/sup> ofrecen atractivas vistas de la tranquila zona de la piscina y tienen un balc\u00f3n privado aislado.<\/strong><\/p>\n<p>Cada habitaci\u00f3n tiene ventilaci\u00f3n y est\u00e1 decorado con arte, antig\u00fcedades y notables <em>objetos<\/em> que reflejan la diversidad de la isla. Las vistas desde la piscina hacia los jardines y el dosel de pinos permiten a los hu\u00e9spedes sentirse conectados con el coraz\u00f3n mismo de Teranka. Los detalles terrosos y texturales provienen de maderas naturales, rat\u00e1n y lino, compensados por tonos sutilmente contempor\u00e1neos que mejoran el espacio lleno de luz. Los suntuosos ba\u00f1os incluyen duchas de lluvia a ras de suelo, ba\u00f1eras para relajarse y amenidades de ba\u00f1o Spicy Thyme de The Botanist &amp; The Chemist.<\/p>\t\t\t\t\t\t\t\t<\/div>\n\t\t\t\t<\/div>\n\t\t\t\t<div class=\"elementor-element elementor-element-2d4cf8b button button\u2014primary elementor-widget elementor-widget-button\" data-id=\"2d4cf8b\" data-element_type=\"widget\" data-widget_type=\"button.default\">\n\t\t\t\t<div class=\"elementor-widget-container\">\n\t\t\t\t\t\t\t\t\t<div class=\"elementor-button-wrapper\">\n\t\t\t\t\t<a class=\"elementor-button elementor-button-link elementor-size-sm\" href=\"https:\/\/be.synxis.com\/?chain=22402&#038;hotel=42014&#038;src=24C\">\n\t\t\t\t\t\t<span class=\"elementor-button-content-wrapper\">\n\t\t\t\t\t\t\t\t\t<span class=\"elementor-button-text\">RESERVAR ESTA HABITACI\u00d3N<\/span>\n\t\t\t\t\t<\/span>\n\t\t\t\t\t<\/a>\n\t\t\t\t<\/div>\n\t\t\t\t\t\t\t\t<\/div>\n\t\t\t\t<\/div>\n\t\t\t\t\t<\/div>\n\t\t<\/div>\n\t\t\t\t\t<\/div>\n\t\t<\/section>\n\t\t\t\t\t<\/div>\n\t\t<\/div>\n\t\t\t\t\t<\/div>\n\t\t<\/section>\n\t\t\t\t<\/div>\n\t\t","protected":false},"excerpt":{"rendered":"<p>Estancia &gt; Mar &gt; Habitaci\u00f3n Deluxe Habitaci\u00f3n Deluxe El retiro \u00edntimo Estas ocho habitaciones de 25 m&nbsp; ofrecen atractivas vistas de la tranquila zona de la piscina y tienen un balc\u00f3n privado aislado. Cada habitaci\u00f3n tiene ventilaci\u00f3n y est\u00e1 decorado con arte, antig\u00fcedades y notables objetos que reflejan la diversidad de la isla. Las vistas [&hellip;]<\/p>\n","protected":false},"author":1,"featured_media":0,"parent":3319,"menu_order":0,"comment_status":"closed","ping_status":"closed","template":"","meta":{"_seopress_robots_primary_cat":"","_seopress_titles_title":"Habitaciones con Vistas a la Piscina | Teranka Formentera","_seopress_titles_desc":"Descubre nuestras ocho habitaciones de 22 m\u00b2 con terrazas privadas y vistas a la piscina en Formentera, donde arte, naturaleza y lujo se unen con luz.","_seopress_robots_index":"","footnotes":""},"class_list":["post-3309","page","type-page","status-publish"],"_links":{"self":[{"href":"https:\/\/www.teranka.com\/es\/wp-json\/wp\/v2\/pages\/3309","targetHints":{"allow":["GET"]}}],"collection":[{"href":"https:\/\/www.teranka.com\/es\/wp-json\/wp\/v2\/pages"}],"about":[{"href":"https:\/\/www.teranka.com\/es\/wp-json\/wp\/v2\/types\/page"}],"author":[{"embeddable":true,"href":"https:\/\/www.teranka.com\/es\/wp-json\/wp\/v2\/users\/1"}],"replies":[{"embeddable":true,"href":"https:\/\/www.teranka.com\/es\/wp-json\/wp\/v2\/comments?post=3309"}],"version-history":[{"count":42,"href":"https:\/\/www.teranka.com\/es\/wp-json\/wp\/v2\/pages\/3309\/revisions"}],"predecessor-version":[{"id":8088,"href":"https:\/\/www.teranka.com\/es\/wp-json\/wp\/v2\/pages\/3309\/revisions\/8088"}],"up":[{"embeddable":true,"href":"https:\/\/www.teranka.com\/es\/wp-json\/wp\/v2\/pages\/3319"}],"wp:attachment":[{"href":"https:\/\/www.teranka.com\/es\/wp-json\/wp\/v2\/media?parent=3309"}],"curies":[{"name":"wp","href":"https:\/\/api.w.org\/{rel}","templated":true}]}}